{"id":53054,"date":"2021-09-06T19:51:43","date_gmt":"2021-09-06T17:51:43","guid":{"rendered":"https:\/\/www.ampcometal.com\/products\/%product_category%\/ampcoloy-940-2\/"},"modified":"2025-03-13T11:14:26","modified_gmt":"2025-03-13T09:14:26","slug":"ampcoloy-940","status":"publish","type":"product","link":"https:\/\/www.ampcometal.com\/pt-br\/productos\/ampcoloy-liga-de-alto-teor-de-cobre\/ampcoloy-940\/","title":{"rendered":"AMPCOLOY\u00ae 940"},"content":{"rendered":"<ul>\n<li data-gc-list-depth=\"1\" data-gc-list-style=\"bullet\"><strong>Alta condutividade:<\/strong> Essa liga com alto teor de cobre apresenta excepcional condutividade el\u00e9trica e t\u00e9rmica, o que a torna ideal para aplica\u00e7\u00f5es em que a transfer\u00eancia eficiente de calor e energia \u00e9 fundamental.<\/li>\n<li data-gc-list-depth=\"1\" data-gc-list-style=\"bullet\"><strong>Resist\u00eancia impressionante:<\/strong> Oferece not\u00e1vel resist\u00eancia \u00e0 tra\u00e7\u00e3o e dureza, garantindo durabilidade e longevidade em ambientes industriais exigentes.<\/li>\n<li data-gc-list-depth=\"1\" data-gc-list-style=\"bullet\"><strong>Conformidade com a seguran\u00e7a<\/strong>: Substitui as ligas RWMA Classe 3 sem ber\u00edlio, atendendo \u00e0s rigorosas normas de sa\u00fade e seguran\u00e7a para elementos perigosos.<\/li>\n<li data-gc-list-depth=\"1\" data-gc-list-style=\"bullet\"><strong>Aplica\u00e7\u00f5es vers\u00e1teis:<\/strong> \u00c9 um material vers\u00e1til, adequado para uma ampla gama de aplica\u00e7\u00f5es, o que o torna a melhor op\u00e7\u00e3o para diversos setores em que a seguran\u00e7a e o desempenho s\u00e3o fundamentais.<\/li>\n<\/ul>\n<h5>Propriedades e especifica\u00e7\u00f5es<\/h5>\n<p>O AMPCOLOY\u00ae 940 \u00e9 uma <a href=\"https:\/\/www.ampcometal.com\/pt-br\/productos\/ampcoloy-liga-de-alto-teor-de-cobre\/\">liga de cobre de alto desempenho<\/a> projetada para se destacar em uma variedade de aplica\u00e7\u00f5es industriais. Essa liga patenteada tem propriedades excepcionais, incluindo alta condutividade el\u00e9trica e t\u00e9rmica, o que a torna a escolha ideal para componentes el\u00e9tricos e de energia. Com impressionante resist\u00eancia \u00e0 tra\u00e7\u00e3o e dureza, essa liga com alto teor de cobre garante durabilidade e longevidade em ambientes exigentes. Ele tamb\u00e9m substitui as ligas RWMA Classe 3 sem ber\u00edlio para atender \u00e0s rigorosas normas de sa\u00fade e seguran\u00e7a. Esse material vers\u00e1til \u00e9 adequado para uma ampla gama de aplica\u00e7\u00f5es, incluindo suportes de eletrodos, componentes de soldagem, pontas de \u00eambolo e pe\u00e7as de gera\u00e7\u00e3o de energia, o que o torna a melhor op\u00e7\u00e3o para os setores em que a seguran\u00e7a e o desempenho s\u00e3o fundamentais.<\/p>\n<h5>Aplica\u00e7\u00f5es<\/h5>\n<p>O AMPCOLOY\u00ae 940 \u00e9 usado em uma ampla variedade de setores devido \u00e0s suas propriedades superiores. Essa liga de bronze de alta condutividade \u00e9 amplamente utilizada na fabrica\u00e7\u00e3o de suportes de eletrodos, componentes de soldagem, como eletrodos de solda por pontos e discos de solda por costura, e v\u00e1rias matrizes para soldagem de a\u00e7o inoxid\u00e1vel e Monel\u00ae. Tamb\u00e9m desempenha um papel fundamental nas m\u00e1quinas de fundi\u00e7\u00e3o sob press\u00e3o de alum\u00ednio em c\u00e2mara fria, onde sua durabilidade e resist\u00eancia ao calor s\u00e3o primordiais. Al\u00e9m disso, \u00e9 uma excelente op\u00e7\u00e3o para moldagem por inje\u00e7\u00e3o de pl\u00e1stico, incluindo bicos de inje\u00e7\u00e3o e pinos de resfriamento, e para a fabrica\u00e7\u00e3o de tambores de freio para rolos de enrolamento de papel. Sua ampla gama de aplica\u00e7\u00f5es o torna um material indispens\u00e1vel para os setores que buscam desempenho superior e conformidade com a seguran\u00e7a.<\/p>\n","protected":false},"featured_media":50551,"template":"","meta":{"_et_pb_use_builder":"","_et_pb_old_content":"","_et_gb_content_width":"","inline_featured_image":false,"_links_to":"","_links_to_target":""},"product_category":[481],"product_type":[509,532,618],"product_shape":[628,633,639,649],"class_list":["post-53054","product","type-product","status-publish","has-post-thumbnail","hentry","product_category-ampcoloy-liga-de-alto-teor-de-cobre"],"acf":[],"aioseo_notices":[],"_links":{"self":[{"href":"https:\/\/www.ampcometal.com\/pt-br\/wp-json\/wp\/v2\/product\/53054","targetHints":{"allow":["GET"]}}],"collection":[{"href":"https:\/\/www.ampcometal.com\/pt-br\/wp-json\/wp\/v2\/product"}],"about":[{"href":"https:\/\/www.ampcometal.com\/pt-br\/wp-json\/wp\/v2\/types\/product"}],"wp:featuredmedia":[{"embeddable":true,"href":"https:\/\/www.ampcometal.com\/pt-br\/wp-json\/wp\/v2\/media\/50551"}],"wp:attachment":[{"href":"https:\/\/www.ampcometal.com\/pt-br\/wp-json\/wp\/v2\/media?parent=53054"}],"wp:term":[{"taxonomy":"product_category","embeddable":true,"href":"https:\/\/www.ampcometal.com\/pt-br\/wp-json\/wp\/v2\/product_category?post=53054"},{"taxonomy":"product_type","embeddable":true,"href":"https:\/\/www.ampcometal.com\/pt-br\/wp-json\/wp\/v2\/product_type?post=53054"},{"taxonomy":"product_shape","embeddable":true,"href":"https:\/\/www.ampcometal.com\/pt-br\/wp-json\/wp\/v2\/product_shape?post=53054"}],"curies":[{"name":"wp","href":"https:\/\/api.w.org\/{rel}","templated":true}]}}