{"id":53053,"date":"2021-09-06T19:51:39","date_gmt":"2021-09-06T17:51:39","guid":{"rendered":"https:\/\/www.ampcometal.com\/products\/%product_category%\/ampco-18-2\/"},"modified":"2024-03-27T15:34:57","modified_gmt":"2024-03-27T13:34:57","slug":"ampco-18","status":"publish","type":"product","link":"https:\/\/www.ampcometal.com\/pt-br\/productos\/ampco-bronze-aluminio\/ampco-18\/","title":{"rendered":"AMPCO\u00ae 18"},"content":{"rendered":"<ul>\n<li data-gc-list-depth=\"1\" data-gc-list-style=\"bullet\"><strong>Durabilidade excepcional:<\/strong> Oferece resist\u00eancia superior ao desgaste e \u00e0 fadiga para um desempenho duradouro em aplica\u00e7\u00f5es exigentes.<\/li>\n<li data-gc-list-depth=\"1\" data-gc-list-style=\"bullet\"><strong>Liga de alta resist\u00eancia:<\/strong> Essa liga de bronze oferece resist\u00eancia e dureza impressionantes, o que a torna uma excelente op\u00e7\u00e3o para componentes cr\u00edticos.<\/li>\n<li data-gc-list-depth=\"1\" data-gc-list-style=\"bullet\"><strong>Aplica\u00e7\u00f5es vers\u00e1teis:<\/strong> Adequado para uma ampla gama de aplica\u00e7\u00f5es, incluindo buchas, rolamentos, engrenagens, assentos de v\u00e1lvulas e componentes de processos e mar\u00edtimos.<\/li>\n<li data-gc-list-depth=\"1\" data-gc-list-style=\"bullet\"><strong>Preciso e confi\u00e1vel:<\/strong> Com uma estrutura de gr\u00e3os compacta, bom acabamento superficial e ader\u00eancia \u00e0s toler\u00e2ncias comerciais, o AMPCO\u00ae 18 \u00e9 conhecido por sua precis\u00e3o e confiabilidade.<\/li>\n<\/ul>\n<h5>Propriedades e especifica\u00e7\u00f5es<\/h5>\n<p><\/br><br \/>\nO AMPCO\u00ae 18 \u00e9 uma liga de bronze de alto desempenho conhecida por suas propriedades e especifica\u00e7\u00f5es excepcionais. Essa liga tem uma estrutura de gr\u00e3os compacta e excelentes propriedades f\u00edsicas como resultado da distribui\u00e7\u00e3o cuidadosa das fases e do trabalho a quente durante o processo de extrus\u00e3o. Ele oferece alta resist\u00eancia, dureza e resist\u00eancia ao desgaste e \u00e0 fadiga, o que o torna a escolha ideal para aplica\u00e7\u00f5es exigentes. Com um bom acabamento de superf\u00edcie que atende \u00e0s toler\u00e2ncias comerciais, o AMPCO\u00ae 18 \u00e9 particularmente adequado para aplica\u00e7\u00f5es de produ\u00e7\u00e3o em volume. Sua versatilidade e confiabilidade fazem dele a melhor op\u00e7\u00e3o para os setores que exigem precis\u00e3o, durabilidade e desempenho excepcional em componentes como buchas, rolamentos, engrenagens, assentos de v\u00e1lvulas e muito mais.<\/p>\n<h5>Aplica\u00e7\u00f5es<\/h5>\n<p><\/br><br \/>\nO AMPCO\u00ae 18 encontra aplica\u00e7\u00f5es vers\u00e1teis em uma ampla gama de setores. Essa liga de bronze de alta resist\u00eancia se destaca em aplica\u00e7\u00f5es que exigem durabilidade e resist\u00eancia ao desgaste excepcionais. \u00c9 comumente usado em componentes cr\u00edticos, como buchas, rolamentos, engrenagens e assentos de v\u00e1lvulas, onde a precis\u00e3o e a durabilidade s\u00e3o fundamentais. Al\u00e9m dessas aplica\u00e7\u00f5es mec\u00e2nicas, ele \u00e9 ideal para uso em canos, tubos, juntas e v\u00e1rias pe\u00e7as usadas em ind\u00fastrias de processo, mar\u00edtimas e afins. Suas propriedades e desempenho superiores fazem dele a primeira op\u00e7\u00e3o para aplica\u00e7\u00f5es em que a confiabilidade e a robustez s\u00e3o necess\u00e1rias, ajudando a prolongar a vida \u00fatil dos componentes e a reduzir os requisitos de manuten\u00e7\u00e3o.<\/p>\n","protected":false},"featured_media":50515,"template":"","meta":{"_et_pb_use_builder":"","_et_pb_old_content":"","_et_gb_content_width":"","inline_featured_image":false,"_links_to":"","_links_to_target":""},"product_category":[476],"product_type":[503,509,532,555,618,607],"product_shape":[644,633,639,623,654,649],"class_list":["post-53053","product","type-product","status-publish","has-post-thumbnail","hentry","product_category-ampco-bronze-aluminio"],"acf":[],"aioseo_notices":[],"_links":{"self":[{"href":"https:\/\/www.ampcometal.com\/pt-br\/wp-json\/wp\/v2\/product\/53053","targetHints":{"allow":["GET"]}}],"collection":[{"href":"https:\/\/www.ampcometal.com\/pt-br\/wp-json\/wp\/v2\/product"}],"about":[{"href":"https:\/\/www.ampcometal.com\/pt-br\/wp-json\/wp\/v2\/types\/product"}],"wp:featuredmedia":[{"embeddable":true,"href":"https:\/\/www.ampcometal.com\/pt-br\/wp-json\/wp\/v2\/media\/50515"}],"wp:attachment":[{"href":"https:\/\/www.ampcometal.com\/pt-br\/wp-json\/wp\/v2\/media?parent=53053"}],"wp:term":[{"taxonomy":"product_category","embeddable":true,"href":"https:\/\/www.ampcometal.com\/pt-br\/wp-json\/wp\/v2\/product_category?post=53053"},{"taxonomy":"product_type","embeddable":true,"href":"https:\/\/www.ampcometal.com\/pt-br\/wp-json\/wp\/v2\/product_type?post=53053"},{"taxonomy":"product_shape","embeddable":true,"href":"https:\/\/www.ampcometal.com\/pt-br\/wp-json\/wp\/v2\/product_shape?post=53053"}],"curies":[{"name":"wp","href":"https:\/\/api.w.org\/{rel}","templated":true}]}}