{"id":53048,"date":"2021-09-06T19:51:34","date_gmt":"2021-09-06T17:51:34","guid":{"rendered":"https:\/\/www.ampcometal.com\/products\/%product_category%\/ampco-22-2\/"},"modified":"2024-04-03T16:16:04","modified_gmt":"2024-04-03T14:16:04","slug":"ampco-22","status":"publish","type":"product","link":"https:\/\/www.ampcometal.com\/pt-br\/productos\/ampco-bronze-aluminio\/ampco-22\/","title":{"rendered":"AMPCO\u00ae 22"},"content":{"rendered":"<ul>\n<li data-gc-list-depth=\"1\" data-gc-list-style=\"bullet\"><strong>Dureza not\u00e1vel: <\/strong>Essa liga de bronze-alum\u00ednio oferece uma dureza excepcional, o que a torna ideal para aplica\u00e7\u00f5es que exigem materiais resistentes e dur\u00e1veis.<\/li>\n<li data-gc-list-depth=\"1\" data-gc-list-style=\"bullet\"><strong>Excelente resist\u00eancia \u00e0 compress\u00e3o:<\/strong> a alta resist\u00eancia \u00e0 compress\u00e3o permite que ele suporte altas cargas e press\u00f5es, garantindo a confiabilidade em ambientes exigentes.<\/li>\n<li data-gc-list-depth=\"1\" data-gc-list-style=\"bullet\"><strong>Impressionante resist\u00eancia ao desgaste:<\/strong> A impressionante resist\u00eancia ao desgaste dessa liga a torna uma op\u00e7\u00e3o confi\u00e1vel para componentes expostos \u00e0 abras\u00e3o e ao atrito, prolongando sua vida \u00fatil.<\/li>\n<li data-gc-list-depth=\"1\" data-gc-list-style=\"bullet\"><strong>Excelentes propriedades de deslizamento:<\/strong> Suas excelentes propriedades de deslizamento o tornam ideal para aplica\u00e7\u00f5es que exigem movimentos suaves e eficientes, reduzindo o atrito e o desgaste.<\/li>\n<\/ul>\n<h5>Propriedades e especifica\u00e7\u00f5es<\/h5>\n<p><\/br><br \/>\nO AMPCO\u00ae 22 \u00e9 uma liga de bronze-alum\u00ednio altamente desej\u00e1vel, conhecida por suas propriedades excepcionais. Essa liga de estrutura duplex consiste em aproximadamente 50% de fase gama 2 e 50% de fase beta, proporcionando dureza insuper\u00e1vel, excelente resist\u00eancia \u00e0 compress\u00e3o, impressionante resist\u00eancia ao desgaste e excelentes propriedades de deslizamento. Sua composi\u00e7\u00e3o exclusiva o torna ideal para aplica\u00e7\u00f5es exigentes em que devem ser mantidas toler\u00e2ncias r\u00edgidas, principalmente em opera\u00e7\u00f5es de moldagem e trefila\u00e7\u00e3o de a\u00e7o inoxid\u00e1vel. Com suas propriedades not\u00e1veis e especifica\u00e7\u00f5es precisas, essa liga de bronze-alum\u00ednio \u00e9 a melhor op\u00e7\u00e3o para os setores que exigem durabilidade e desempenho.<\/p>\n<h5>Aplica\u00e7\u00f5es<\/h5>\n<p><\/br><br \/>\nO AMPCO\u00ae 22 encontra aplica\u00e7\u00f5es vers\u00e1teis em uma variedade de setores, com \u00eanfase na conforma\u00e7\u00e3o e estiramento de a\u00e7o inoxid\u00e1vel. Sua dureza excepcional, excelente resist\u00eancia \u00e0 compress\u00e3o e resist\u00eancia ao desgaste fazem dele uma escolha inestim\u00e1vel para processos em que a precis\u00e3o e a durabilidade s\u00e3o fundamentais. Seja na forma\u00e7\u00e3o de componentes intrincados de a\u00e7o inoxid\u00e1vel ou na manuten\u00e7\u00e3o de toler\u00e2ncias r\u00edgidas em longos ciclos de produ\u00e7\u00e3o, essa \u00e9 a liga preferida. Sua confiabilidade se estende a setores como manufatura, automotivo, aeroespacial e outros, onde desempenha um papel fundamental para garantir resultados de alta qualidade e vida \u00fatil prolongada da ferramenta.<\/p>\n","protected":false},"featured_media":50555,"template":"","meta":{"_et_pb_use_builder":"","_et_pb_old_content":"","_et_gb_content_width":"","inline_featured_image":false,"_links_to":"","_links_to_target":""},"product_category":[476],"product_type":[503,509,532,555,618],"product_shape":[644,633,623,649],"class_list":["post-53048","product","type-product","status-publish","has-post-thumbnail","hentry","product_category-ampco-bronze-aluminio"],"acf":[],"aioseo_notices":[],"_links":{"self":[{"href":"https:\/\/www.ampcometal.com\/pt-br\/wp-json\/wp\/v2\/product\/53048","targetHints":{"allow":["GET"]}}],"collection":[{"href":"https:\/\/www.ampcometal.com\/pt-br\/wp-json\/wp\/v2\/product"}],"about":[{"href":"https:\/\/www.ampcometal.com\/pt-br\/wp-json\/wp\/v2\/types\/product"}],"wp:featuredmedia":[{"embeddable":true,"href":"https:\/\/www.ampcometal.com\/pt-br\/wp-json\/wp\/v2\/media\/50555"}],"wp:attachment":[{"href":"https:\/\/www.ampcometal.com\/pt-br\/wp-json\/wp\/v2\/media?parent=53048"}],"wp:term":[{"taxonomy":"product_category","embeddable":true,"href":"https:\/\/www.ampcometal.com\/pt-br\/wp-json\/wp\/v2\/product_category?post=53048"},{"taxonomy":"product_type","embeddable":true,"href":"https:\/\/www.ampcometal.com\/pt-br\/wp-json\/wp\/v2\/product_type?post=53048"},{"taxonomy":"product_shape","embeddable":true,"href":"https:\/\/www.ampcometal.com\/pt-br\/wp-json\/wp\/v2\/product_shape?post=53048"}],"curies":[{"name":"wp","href":"https:\/\/api.w.org\/{rel}","templated":true}]}}