{"id":53047,"date":"2021-09-06T19:51:33","date_gmt":"2021-09-06T17:51:33","guid":{"rendered":"https:\/\/www.ampcometal.com\/products\/%product_category%\/ams-4881-2\/"},"modified":"2024-04-05T15:04:10","modified_gmt":"2024-04-05T13:04:10","slug":"ams-4881","status":"publish","type":"product","link":"https:\/\/www.ampcometal.com\/pt-br\/productos\/ligas-ams\/ams-4881\/","title":{"rendered":"AMS 4881"},"content":{"rendered":"<ul>\n<li data-gc-list-depth=\"1\" data-gc-list-style=\"bullet\"><strong>Liga de alta resist\u00eancia:<\/strong> Esse bronze AMS \u00e9 conhecido por sua excepcional resist\u00eancia, o que o torna adequado para aplica\u00e7\u00f5es pesadas e de alta tens\u00e3o.<\/li>\n<li data-gc-list-depth=\"1\" data-gc-list-style=\"bullet\"><strong>Resist\u00eancia \u00e0 corros\u00e3o:<\/strong> Esse bronze de alum\u00ednio oferece excelente resist\u00eancia \u00e0 corros\u00e3o, garantindo durabilidade em ambientes adversos.<\/li>\n<li data-gc-list-depth=\"1\" data-gc-list-style=\"bullet\"><strong>Aprimoramento do tratamento t\u00e9rmico:<\/strong> Por meio de um processo patenteado de tratamento t\u00e9rmico, a liga atinge propriedades mec\u00e2nicas que excedem as dos bronzes de n\u00edquel-alum\u00ednio comerciais.<\/li>\n<li data-gc-list-depth=\"1\" data-gc-list-style=\"bullet\"><strong>Aplica\u00e7\u00f5es vers\u00e1teis:<\/strong> \u00c9 usado em v\u00e1rios setores devido \u00e0s suas propriedades mec\u00e2nicas superiores e resist\u00eancia \u00e0 corros\u00e3o.<\/li>\n<\/ul>\n<h5>Propriedades e especifica\u00e7\u00f5es<\/h5>\n<p>O bronze de alum\u00ednio AMS 4881 \u00e9 uma liga de alto desempenho conhecida por suas propriedades e especifica\u00e7\u00f5es excepcionais. Esse bronze de n\u00edquel-alum\u00ednio passa por um processo patenteado de tratamento t\u00e9rmico que resulta em propriedades mec\u00e2nicas que excedem as dos bronzes de n\u00edquel-alum\u00ednio comerciais. Sua rela\u00e7\u00e3o resist\u00eancia\/peso \u00e9 compar\u00e1vel \u00e0 do cobre-ber\u00edlio, mas sem os requisitos de higiene industrial associados. Esse bronze AMS \u00e9 resistente \u00e0 corros\u00e3o e \u00e9 particularmente adequado para cargas pesadas, abras\u00e3o, atrito e deforma\u00e7\u00e3o em altas temperaturas. Originalmente desenvolvido para aplica\u00e7\u00f5es aeroespaciais, ele tem sido usado em v\u00e1rios setores nos quais s\u00e3o necess\u00e1rias propriedades mec\u00e2nicas superiores em temperaturas elevadas, incluindo rolamentos de trem de pouso de aeronaves, matrizes de dobra, rodas de engrenagem e placas de desgaste\/guia. Suas especifica\u00e7\u00f5es s\u00e3o semelhantes \u00e0s da AMS-4881 para pe\u00e7as fundidas, o que a torna uma liga muito procurada para aplica\u00e7\u00f5es exigentes.<\/p>\n<h5>Aplica\u00e7\u00f5es<\/h5>\n<p>O bronze de alum\u00ednio AMS 4881 \u00e9 usado em uma ampla gama de setores devido \u00e0s suas propriedades excepcionais. Originalmente desenvolvida para componentes de aeronaves, como trem de pouso retr\u00e1til e rolamentos de espa\u00e7adores de motor, a liga expandiu sua utilidade. Ele se destaca em ambientes com cargas pesadas, abras\u00e3o, atrito e altas temperaturas. Essa liga vers\u00e1til \u00e9 comumente usada em rolamentos de trem de pouso de aeronaves, matrizes de dobragem de tubos, rodas de engrenagem e placas de desgaste\/guia. Sua combina\u00e7\u00e3o exclusiva de for\u00e7a mec\u00e2nica e resist\u00eancia \u00e0 corros\u00e3o faz com que seja a escolha preferida em aplica\u00e7\u00f5es em que a durabilidade e o desempenho s\u00e3o fundamentais. Esse bronze de alum\u00ednio continua a desempenhar um papel vital em v\u00e1rias aplica\u00e7\u00f5es industriais e de engenharia cr\u00edticas.<\/p>\n","protected":false},"featured_media":50507,"template":"","meta":{"_et_pb_use_builder":"","_et_pb_old_content":"","_et_gb_content_width":"","inline_featured_image":false,"_links_to":"","_links_to_target":""},"product_category":[488],"product_type":[503,618],"product_shape":[654],"class_list":["post-53047","product","type-product","status-publish","has-post-thumbnail","hentry","product_category-ligas-ams"],"acf":[],"aioseo_notices":[],"_links":{"self":[{"href":"https:\/\/www.ampcometal.com\/pt-br\/wp-json\/wp\/v2\/product\/53047","targetHints":{"allow":["GET"]}}],"collection":[{"href":"https:\/\/www.ampcometal.com\/pt-br\/wp-json\/wp\/v2\/product"}],"about":[{"href":"https:\/\/www.ampcometal.com\/pt-br\/wp-json\/wp\/v2\/types\/product"}],"wp:featuredmedia":[{"embeddable":true,"href":"https:\/\/www.ampcometal.com\/pt-br\/wp-json\/wp\/v2\/media\/50507"}],"wp:attachment":[{"href":"https:\/\/www.ampcometal.com\/pt-br\/wp-json\/wp\/v2\/media?parent=53047"}],"wp:term":[{"taxonomy":"product_category","embeddable":true,"href":"https:\/\/www.ampcometal.com\/pt-br\/wp-json\/wp\/v2\/product_category?post=53047"},{"taxonomy":"product_type","embeddable":true,"href":"https:\/\/www.ampcometal.com\/pt-br\/wp-json\/wp\/v2\/product_type?post=53047"},{"taxonomy":"product_shape","embeddable":true,"href":"https:\/\/www.ampcometal.com\/pt-br\/wp-json\/wp\/v2\/product_shape?post=53047"}],"curies":[{"name":"wp","href":"https:\/\/api.w.org\/{rel}","templated":true}]}}