{"id":53044,"date":"2021-09-06T19:51:29","date_gmt":"2021-09-06T17:51:29","guid":{"rendered":"https:\/\/www.ampcometal.com\/products\/%product_category%\/ampco-m4-2\/"},"modified":"2024-07-22T14:45:22","modified_gmt":"2024-07-22T12:45:22","slug":"ampco-m4","status":"publish","type":"product","link":"https:\/\/www.ampcometal.com\/pt-br\/productos\/ampco-bronze-aluminio\/ampco-m4\/","title":{"rendered":"AMPCO\u00ae M4"},"content":{"rendered":"<ul>\n<li data-gc-list-depth=\"1\" data-gc-list-style=\"bullet\"><strong>Resist\u00eancia excepcional ao desgaste:<\/strong> Esse bronze de alum\u00ednio apresenta excelente resist\u00eancia ao desgaste e \u00e0 abras\u00e3o, o que o torna ideal para aplica\u00e7\u00f5es de alto atrito e deslizamento.<\/li>\n<li data-gc-list-depth=\"1\" data-gc-list-style=\"bullet\"><strong>Alta resist\u00eancia mec\u00e2nica:<\/strong> Possui uma impressionante resist\u00eancia mec\u00e2nica, garantindo durabilidade e confiabilidade em ambientes exigentes.<\/li>\n<li data-gc-list-depth=\"1\" data-gc-list-style=\"bullet\"><strong>Resist\u00eancia \u00e0 corros\u00e3o:<\/strong> A liga tem propriedades inerentes de resist\u00eancia \u00e0 corros\u00e3o, o que a torna adequada para uso em ambientes corrosivos ou agressivos.<\/li>\n<li data-gc-list-depth=\"1\" data-gc-list-style=\"bullet\"><strong>Resist\u00eancia ao calor: <\/strong>Mant\u00e9m o desempenho e a integridade estrutural em temperaturas elevadas, o que o torna uma op\u00e7\u00e3o confi\u00e1vel para aplica\u00e7\u00f5es que exigem estabilidade t\u00e9rmica.<\/li>\n<\/ul>\n<h5>Recursos e especifica\u00e7\u00f5es<\/h5>\n<p> O AMPCO\u00ae M4 \u00e9 uma liga excepcional de bronze-alum\u00ednio conhecida por suas propriedades not\u00e1veis. Esse material de alto desempenho tem propriedades mec\u00e2nicas que excedem as dos bronzes de n\u00edquel-alum\u00ednio convencionais. Ele apresenta uma composi\u00e7\u00e3o exclusiva com maior teor de alum\u00ednio e ferro, resultando em uma distribui\u00e7\u00e3o uniforme da fase dura gama 2 em toda a liga. Isso resulta em excelente resist\u00eancia ao desgaste, redu\u00e7\u00e3o do atrito e melhores propriedades de deslizamento. Como resultado, ele \u00e9 adequado para aplica\u00e7\u00f5es que exigem alta resist\u00eancia mec\u00e2nica em temperaturas elevadas, o que o torna a escolha ideal para rolamentos de trem de pouso de aeronaves, matrizes de dobra, rodas de engrenagem e muito mais. Em conformidade com a norma AMS 4590 para extrus\u00f5es, essa liga de bronze oferece confiabilidade e desempenho sem os requisitos de higiene industrial associados \u00e0s alternativas de cobre-ber\u00edlio. <\/p>\n<h5>Aplica\u00e7\u00f5es<\/h5>\n<p> O AMPCO\u00ae M4 \u00e9 usado em uma ampla variedade de setores devido \u00e0s suas propriedades excepcionais. Essa liga de bronze-alum\u00ednio de alto desempenho se destaca em ambientes exigentes. \u00c9 a primeira op\u00e7\u00e3o para rolamentos e buchas de trem de pouso de aeronaves, garantindo um desempenho confi\u00e1vel em condi\u00e7\u00f5es extremas. No setor de curvatura de tubos, a liga de bronze-alum\u00ednio \u00e9 valorizada por seu uso em ferramentas de curvatura, incluindo sapatas e mandris, devido \u00e0 sua excelente durabilidade e resist\u00eancia ao desgaste. Tamb\u00e9m \u00e9 um material confi\u00e1vel para engrenagens e placas de desgaste\/guia, onde sua for\u00e7a mec\u00e2nica superior e resist\u00eancia \u00e0 corros\u00e3o realmente se destacam. Do setor aeroespacial \u00e0 manufatura e aos equipamentos pesados, o AMPCO\u00ae M4 \u00e9 comprovado em aplica\u00e7\u00f5es cr\u00edticas.<\/p>\n","protected":false},"featured_media":50555,"template":"","meta":{"_et_pb_use_builder":"","_et_pb_old_content":"","_et_gb_content_width":"","inline_featured_image":false,"_links_to":"","_links_to_target":""},"product_category":[476],"product_type":[550,503,509,618,544],"product_shape":[644,633,639,623,654,649],"class_list":["post-53044","product","type-product","status-publish","has-post-thumbnail","hentry","product_category-ampco-bronze-aluminio"],"acf":[],"aioseo_notices":[],"_links":{"self":[{"href":"https:\/\/www.ampcometal.com\/pt-br\/wp-json\/wp\/v2\/product\/53044","targetHints":{"allow":["GET"]}}],"collection":[{"href":"https:\/\/www.ampcometal.com\/pt-br\/wp-json\/wp\/v2\/product"}],"about":[{"href":"https:\/\/www.ampcometal.com\/pt-br\/wp-json\/wp\/v2\/types\/product"}],"wp:featuredmedia":[{"embeddable":true,"href":"https:\/\/www.ampcometal.com\/pt-br\/wp-json\/wp\/v2\/media\/50555"}],"wp:attachment":[{"href":"https:\/\/www.ampcometal.com\/pt-br\/wp-json\/wp\/v2\/media?parent=53044"}],"wp:term":[{"taxonomy":"product_category","embeddable":true,"href":"https:\/\/www.ampcometal.com\/pt-br\/wp-json\/wp\/v2\/product_category?post=53044"},{"taxonomy":"product_type","embeddable":true,"href":"https:\/\/www.ampcometal.com\/pt-br\/wp-json\/wp\/v2\/product_type?post=53044"},{"taxonomy":"product_shape","embeddable":true,"href":"https:\/\/www.ampcometal.com\/pt-br\/wp-json\/wp\/v2\/product_shape?post=53044"}],"curies":[{"name":"wp","href":"https:\/\/api.w.org\/{rel}","templated":true}]}}