{"id":53038,"date":"2021-09-06T19:51:27","date_gmt":"2021-09-06T17:51:27","guid":{"rendered":"https:\/\/www.ampcometal.com\/products\/%product_category%\/bronze-de-aluminio\/"},"modified":"2024-12-17T12:55:48","modified_gmt":"2024-12-17T10:55:48","slug":"bronze-aluminio","status":"publish","type":"product","link":"https:\/\/www.ampcometal.com\/pt-br\/productos\/ligas-padrao\/bronze-aluminio\/","title":{"rendered":"Bronze Alum\u00ednio"},"content":{"rendered":"<p>Nosso bronze de alum\u00ednio \u00e9 uma liga vers\u00e1til e de alto desempenho que oferece uma impressionante variedade de propriedades e especifica\u00e7\u00f5es. Nossas ligas especiais combinam excepcional resist\u00eancia mec\u00e2nica, resist\u00eancia \u00e0 corros\u00e3o e ductilidade. Seja usado em m\u00e1quinas, corpos de v\u00e1lvulas, cubos de h\u00e9lices ou placas de desgaste, nosso bronze de alum\u00ednio \u00e9 uma op\u00e7\u00e3o confi\u00e1vel para aplica\u00e7\u00f5es exigentes. Composi\u00e7\u00f5es qu\u00edmicas personalizadas tamb\u00e9m est\u00e3o dispon\u00edveis mediante solicita\u00e7\u00e3o, tornando-o uma solu\u00e7\u00e3o flex\u00edvel para requisitos personalizados.  <\/p>\n<ul>\n<li data-gc-list-depth=\"1\" data-gc-list-style=\"bullet\"><strong>Excepcional resist\u00eancia \u00e0 corros\u00e3o:<\/strong> o bronze-alum\u00ednio oferece <a href=\"https:\/\/www.ampcometal.com\/applications\/corrosion-resistance\/\">resist\u00eancia superior resist\u00eancia<\/a>, o que o torna adequado para uso em uma variedade de ambientes, inclusive em aplica\u00e7\u00f5es mar\u00edtimas e qu\u00edmicas.<\/li>\n<li data-gc-list-depth=\"1\" data-gc-list-style=\"bullet\"><strong>Alta resist\u00eancia mec\u00e2nica:<\/strong> Essa liga tem uma resist\u00eancia mec\u00e2nica impressionante, o que a torna ideal para aplica\u00e7\u00f5es que exigem durabilidade e capacidade de suporte de carga.<\/li>\n<li data-gc-list-depth=\"1\" data-gc-list-style=\"bullet\"><strong>Excelente ductilidade: <\/strong>Combina resist\u00eancia com excelente ductilidade, o que lhe permite suportar o estresse mec\u00e2nico e a deforma\u00e7\u00e3o sem comprometer a integridade.<\/li>\n<\/ul>\n<p><strong>Versatilidade e personaliza\u00e7\u00e3o:<\/strong> Dispon\u00edvel em uma variedade de ligas, \u00e9 um material vers\u00e1til que pode ser personalizado para atender a requisitos espec\u00edficos de desempenho e aplica\u00e7\u00e3o.  <\/p>\n<h5>Propriedades e especifica\u00e7\u00f5es<\/h5>\n<p><\/br><\/p>\n<ul>\n<li>Dispon\u00edvel em tamanhos especiais como formatos U- \/ L- \/ T-.<\/li>\n<li>Com ret\u00e2ngulos a partir de 8 mm de espessura.<\/li>\n<li>Barras redondas de 20 mm a 212 mm de di\u00e2metro.<\/li>\n<li>Tubos com espessura de parede m\u00edn. de 8 mm a OD 100 mm.<\/li>\n<\/ul>\n<p>  O AMPCO\u00ae Aluminium Bronze \u00e9 um produto premium que pode oferecer desempenho para aplica\u00e7\u00f5es exigentes. As ligas incluem:  <\/p>\n<ul>\n<li>CuAl10Fe5Ni5<\/li>\n<li>CuAl10Fe2<\/li>\n<li>CuAl9<\/li>\n<li>CuAl10Ni3Fe2<\/li>\n<li>CuAl11Fe6Ni6<\/li>\n<\/ul>\n<p>  Composi\u00e7\u00f5es qu\u00edmicas espec\u00edficas ou personalizadas est\u00e3o dispon\u00edveis mediante solicita\u00e7\u00e3o.  <\/p>\n<h5>Aplica\u00e7\u00f5es de bronze-alum\u00ednio<\/h5>\n<p><\/br>  Nosso bronze de alum\u00ednio encontra uma ampla gama de aplica\u00e7\u00f5es devido \u00e0s suas impressionantes propriedades. Sua alta resist\u00eancia mec\u00e2nica, <a href=\"https:\/\/www.ampcometal.com\/applications\/corrosion-resistance\/\">resist\u00eancia \u00e0 corros\u00e3o<\/a> e ductilidade fazem dele a escolha ideal para v\u00e1rios setores. Comumente usada em m\u00e1quinas, nossa liga \u00e9 excelente em aplica\u00e7\u00f5es como eixos, corpos de v\u00e1lvulas, cubos de h\u00e9lices, engrenagens sem-fim e l\u00e2minas de h\u00e9lices. Sua versatilidade se estende \u00e0s placas de desgaste, onde oferece um desempenho robusto.<\/p>\n","protected":false},"featured_media":0,"template":"product-standard-alloy.php","meta":{"_et_pb_use_builder":"","_et_pb_old_content":"","_et_gb_content_width":"","inline_featured_image":false,"_links_to":"","_links_to_target":""},"product_category":[498],"product_type":[],"product_shape":[],"class_list":["post-53038","product","type-product","status-publish","hentry","product_category-ligas-padrao"],"acf":[],"aioseo_notices":[],"_links":{"self":[{"href":"https:\/\/www.ampcometal.com\/pt-br\/wp-json\/wp\/v2\/product\/53038","targetHints":{"allow":["GET"]}}],"collection":[{"href":"https:\/\/www.ampcometal.com\/pt-br\/wp-json\/wp\/v2\/product"}],"about":[{"href":"https:\/\/www.ampcometal.com\/pt-br\/wp-json\/wp\/v2\/types\/product"}],"wp:attachment":[{"href":"https:\/\/www.ampcometal.com\/pt-br\/wp-json\/wp\/v2\/media?parent=53038"}],"wp:term":[{"taxonomy":"product_category","embeddable":true,"href":"https:\/\/www.ampcometal.com\/pt-br\/wp-json\/wp\/v2\/product_category?post=53038"},{"taxonomy":"product_type","embeddable":true,"href":"https:\/\/www.ampcometal.com\/pt-br\/wp-json\/wp\/v2\/product_type?post=53038"},{"taxonomy":"product_shape","embeddable":true,"href":"https:\/\/www.ampcometal.com\/pt-br\/wp-json\/wp\/v2\/product_shape?post=53038"}],"curies":[{"name":"wp","href":"https:\/\/api.w.org\/{rel}","templated":true}]}}