{"id":53031,"date":"2021-09-06T19:51:20","date_gmt":"2021-09-06T17:51:20","guid":{"rendered":"https:\/\/www.ampcometal.com\/products\/%product_category%\/ampcoloy-95-2\/"},"modified":"2025-03-13T14:06:47","modified_gmt":"2025-03-13T12:06:47","slug":"ampcoloy-95","status":"publish","type":"product","link":"https:\/\/www.ampcometal.com\/pt-br\/productos\/ampcoloy-liga-de-alto-teor-de-cobre\/ampcoloy-95\/","title":{"rendered":"AMPCOLOY\u00ae 95"},"content":{"rendered":"<ul>\n<li data-gc-list-depth=\"1\" data-gc-list-style=\"bullet\"><strong>Resist\u00eancia excepcional ao desgaste: <\/strong>Essa liga de alto teor de cobre oferece excepcional resist\u00eancia ao desgaste, o que a torna ideal para aplica\u00e7\u00f5es em que a durabilidade \u00e9 fundamental.<\/li>\n<li data-gc-list-depth=\"1\" data-gc-list-style=\"bullet\"><strong>Excelente resist\u00eancia \u00e0 corros\u00e3o:<\/strong> \u00c9 altamente resistente \u00e0 corros\u00e3o, garantindo longevidade mesmo em ambientes adversos.<\/li>\n<li data-gc-list-depth=\"1\" data-gc-list-style=\"bullet\"><strong>Condutividade t\u00e9rmica superior: <\/strong>A liga apresenta excelente condutividade t\u00e9rmica, melhorando o desempenho em v\u00e1rias aplica\u00e7\u00f5es t\u00e9rmicas.<\/li>\n<li data-gc-list-depth=\"1\" data-gc-list-style=\"bullet\"><strong>Altas propriedades mec\u00e2nicas:<\/strong> Projetado com altas propriedades mec\u00e2nicas para oferecer resist\u00eancia e confiabilidade em ambientes industriais exigentes.<\/li>\n<\/ul>\n<h5>Propriedades e especifica\u00e7\u00f5es<\/h5>\n<p>O AMPCOLOY\u00ae 95, que compartilha algumas semelhan\u00e7as com o AMPCOLOY\u00ae 91, \u00e9 uma liga not\u00e1vel conhecida por suas propriedades e especifica\u00e7\u00f5es excepcionais. Forjada e extrudada para obter propriedades f\u00edsicas ideais, essa liga oferece excelente usinabilidade combinada com not\u00e1vel resist\u00eancia ao desgaste e \u00e0 corros\u00e3o. Projetada com altas propriedades mec\u00e2nicas, essa liga com alto teor de cobre se destaca em aplica\u00e7\u00f5es que exigem condutividade t\u00e9rmica superior, tempos de ciclo mais curtos e maior vida \u00fatil da ferramenta, muitas vezes superando o cobre-tit\u00e2nio em at\u00e9 50%. A combina\u00e7\u00e3o inigual\u00e1vel de resist\u00eancia e tenacidade dessa liga a torna a melhor op\u00e7\u00e3o para eletrodos de solda a ponto, suportes de eletrodos, solda de malha e muito mais. Al\u00e9m disso, os usu\u00e1rios devem ter cuidado devido ao teor de 0,5% de ber\u00edlio, garantindo a seguran\u00e7a durante qualquer opera\u00e7\u00e3o que possa gerar poeira ou fuma\u00e7a.<\/p>\n<h5>Aplica\u00e7\u00f5es<\/h5>\n<p>O AMPCOLOY\u00ae 95 encontra uma ampla gama de aplica\u00e7\u00f5es gra\u00e7as \u00e0s suas propriedades excepcionais. Usado principalmente para eletrodos de solda a ponto e suportes de eletrodos, ele se destaca em aplica\u00e7\u00f5es de soldagem exigentes. \u00c9 tamb\u00e9m o material preferido para soldagem de malha, discos de solda de costura para a\u00e7o inoxid\u00e1vel, Monel\u00ae, ligas de n\u00edquel e matrizes de solda flash. Sua excelente condutividade t\u00e9rmica o torna inestim\u00e1vel em pontas de \u00eambolo para m\u00e1quinas de fundi\u00e7\u00e3o sob press\u00e3o de alum\u00ednio. Ele tamb\u00e9m desempenha um papel fundamental na moldagem por inje\u00e7\u00e3o de pl\u00e1stico, onde se deseja alta condutividade t\u00e9rmica.<\/p>\n","protected":false},"featured_media":50575,"template":"","meta":{"_et_pb_use_builder":"","_et_pb_old_content":"","_et_gb_content_width":"","inline_featured_image":false,"_links_to":"","_links_to_target":""},"product_category":[481],"product_type":[509,532],"product_shape":[633,639,649],"class_list":["post-53031","product","type-product","status-publish","has-post-thumbnail","hentry","product_category-ampcoloy-liga-de-alto-teor-de-cobre"],"acf":[],"aioseo_notices":[],"_links":{"self":[{"href":"https:\/\/www.ampcometal.com\/pt-br\/wp-json\/wp\/v2\/product\/53031","targetHints":{"allow":["GET"]}}],"collection":[{"href":"https:\/\/www.ampcometal.com\/pt-br\/wp-json\/wp\/v2\/product"}],"about":[{"href":"https:\/\/www.ampcometal.com\/pt-br\/wp-json\/wp\/v2\/types\/product"}],"wp:featuredmedia":[{"embeddable":true,"href":"https:\/\/www.ampcometal.com\/pt-br\/wp-json\/wp\/v2\/media\/50575"}],"wp:attachment":[{"href":"https:\/\/www.ampcometal.com\/pt-br\/wp-json\/wp\/v2\/media?parent=53031"}],"wp:term":[{"taxonomy":"product_category","embeddable":true,"href":"https:\/\/www.ampcometal.com\/pt-br\/wp-json\/wp\/v2\/product_category?post=53031"},{"taxonomy":"product_type","embeddable":true,"href":"https:\/\/www.ampcometal.com\/pt-br\/wp-json\/wp\/v2\/product_type?post=53031"},{"taxonomy":"product_shape","embeddable":true,"href":"https:\/\/www.ampcometal.com\/pt-br\/wp-json\/wp\/v2\/product_shape?post=53031"}],"curies":[{"name":"wp","href":"https:\/\/api.w.org\/{rel}","templated":true}]}}