{"id":53029,"date":"2021-09-06T19:51:20","date_gmt":"2021-09-06T17:51:20","guid":{"rendered":"https:\/\/www.ampcometal.com\/products\/%product_category%\/ampco-26-2\/"},"modified":"2024-04-03T16:35:41","modified_gmt":"2024-04-03T14:35:41","slug":"ampco-26","status":"publish","type":"product","link":"https:\/\/www.ampcometal.com\/pt-br\/productos\/ampco-bronze-aluminio\/ampco-26\/","title":{"rendered":"AMPCO\u00ae 26"},"content":{"rendered":"<ul>\n<li data-gc-list-depth=\"1\" data-gc-list-style=\"bullet\"><strong>Dureza excepcional:<\/strong> Essa liga de bronze-alum\u00ednio tem uma dureza extraordin\u00e1ria, o que a torna ideal para aplica\u00e7\u00f5es em condi\u00e7\u00f5es extremas.<\/li>\n<li data-gc-list-depth=\"1\" data-gc-list-style=\"bullet\"><strong>Durabilidade:<\/strong> Conhecida por sua resist\u00eancia superior ao desgaste e \u00e0 corros\u00e3o, essa liga garante um desempenho duradouro.<\/li>\n<li data-gc-list-depth=\"1\" data-gc-list-style=\"bullet\"><strong>Toler\u00e2ncia a altas tens\u00f5es:<\/strong> \u00c9 adequado para aplica\u00e7\u00f5es sob alta tens\u00e3o e press\u00e3o extrema.<\/li>\n<li data-gc-list-depth=\"1\" data-gc-list-style=\"bullet\"><strong>Aplica\u00e7\u00f5es espec\u00edficas do setor:<\/strong> Ele se destaca em setores como metalurgia, manufatura e outros, onde suas propriedades exclusivas proporcionam resultados superiores.<\/li>\n<\/ul>\n<h5>Recursos e especifica\u00e7\u00f5es<\/h5>\n<p><\/br><br \/>\nO AMPCO\u00ae 26 \u00e9 uma liga de bronze de alum\u00ednio duro patenteada e de alto desempenho, conhecida por suas propriedades e especifica\u00e7\u00f5es excepcionais. Essa liga exclusiva tem uma dureza not\u00e1vel, o que a torna adequada para condi\u00e7\u00f5es e aplica\u00e7\u00f5es extremas em que a durabilidade \u00e9 essencial. Com excelente resist\u00eancia ao desgaste, \u00e0 corros\u00e3o e a altas press\u00f5es, a liga de bronze \u00e9 a melhor op\u00e7\u00e3o para matrizes de trefila\u00e7\u00e3o e rolos de forma\u00e7\u00e3o de a\u00e7o inoxid\u00e1vel. Sua composi\u00e7\u00e3o qu\u00edmica e propriedades mec\u00e2nicas, incluindo dureza e resist\u00eancia \u00e0 tra\u00e7\u00e3o, s\u00e3o cuidadosamente projetadas para proporcionar resultados superiores em ambientes industriais exigentes, tornando-o uma solu\u00e7\u00e3o ideal para aplica\u00e7\u00f5es que exigem resist\u00eancia e durabilidade.<\/p>\n<h5>Aplica\u00e7\u00f5es<\/h5>\n<p><\/br><br \/>\nO AMPCO\u00ae 26 \u00e9 usado principalmente em setores e cen\u00e1rios em que a dureza e a resist\u00eancia excepcionais s\u00e3o fundamentais. \u00c9 amplamente utilizado em matrizes de trefila\u00e7\u00e3o de a\u00e7o inoxid\u00e1vel, onde se destaca por suportar as altas press\u00f5es e as for\u00e7as abrasivas envolvidas no processo de forma\u00e7\u00e3o de metal. Al\u00e9m disso, a liga de bronze-alum\u00ednio \u00e9 a escolha preferida para rolos formadores de alta tens\u00e3o, em que sua combina\u00e7\u00e3o exclusiva de propriedades garante vida \u00fatil prolongada e desempenho confi\u00e1vel. As propriedades excepcionais da liga fazem dela um ativo valioso em setores como manufatura, metalurgia e outros, onde serve como uma solu\u00e7\u00e3o confi\u00e1vel para ambientes desafiadores e exigentes.<\/p>\n","protected":false},"featured_media":50559,"template":"","meta":{"_et_pb_use_builder":"","_et_pb_old_content":"","_et_gb_content_width":"","inline_featured_image":false,"_links_to":"","_links_to_target":""},"product_category":[476],"product_type":[503,532,555,618],"product_shape":[],"class_list":["post-53029","product","type-product","status-publish","has-post-thumbnail","hentry","product_category-ampco-bronze-aluminio"],"acf":[],"aioseo_notices":[],"_links":{"self":[{"href":"https:\/\/www.ampcometal.com\/pt-br\/wp-json\/wp\/v2\/product\/53029","targetHints":{"allow":["GET"]}}],"collection":[{"href":"https:\/\/www.ampcometal.com\/pt-br\/wp-json\/wp\/v2\/product"}],"about":[{"href":"https:\/\/www.ampcometal.com\/pt-br\/wp-json\/wp\/v2\/types\/product"}],"wp:featuredmedia":[{"embeddable":true,"href":"https:\/\/www.ampcometal.com\/pt-br\/wp-json\/wp\/v2\/media\/50559"}],"wp:attachment":[{"href":"https:\/\/www.ampcometal.com\/pt-br\/wp-json\/wp\/v2\/media?parent=53029"}],"wp:term":[{"taxonomy":"product_category","embeddable":true,"href":"https:\/\/www.ampcometal.com\/pt-br\/wp-json\/wp\/v2\/product_category?post=53029"},{"taxonomy":"product_type","embeddable":true,"href":"https:\/\/www.ampcometal.com\/pt-br\/wp-json\/wp\/v2\/product_type?post=53029"},{"taxonomy":"product_shape","embeddable":true,"href":"https:\/\/www.ampcometal.com\/pt-br\/wp-json\/wp\/v2\/product_shape?post=53029"}],"curies":[{"name":"wp","href":"https:\/\/api.w.org\/{rel}","templated":true}]}}