{"id":53027,"date":"2021-09-06T19:51:17","date_gmt":"2021-09-06T17:51:17","guid":{"rendered":"https:\/\/www.ampcometal.com\/products\/%product_category%\/ampco-25-2\/"},"modified":"2024-12-17T12:50:00","modified_gmt":"2024-12-17T10:50:00","slug":"ampco-25","status":"publish","type":"product","link":"https:\/\/www.ampcometal.com\/pt-br\/productos\/ampco-bronze-aluminio\/ampco-25\/","title":{"rendered":"AMPCO\u00ae 25"},"content":{"rendered":"<ul>\n<li data-gc-list-depth=\"1\" data-gc-list-style=\"bullet\"><strong>Dureza excepcional: <\/strong>Essa liga de bronze-alum\u00ednio apresenta uma dureza not\u00e1vel, garantindo durabilidade e resist\u00eancia ao desgaste.<\/li>\n<li data-gc-list-depth=\"1\" data-gc-list-style=\"bullet\"><strong>Excelente resist\u00eancia \u00e0 compress\u00e3o:<\/strong> Essa liga tem excelente resist\u00eancia \u00e0 compress\u00e3o, o que a torna adequada para aplica\u00e7\u00f5es de alta carga compressiva.<\/li>\n<li data-gc-list-depth=\"1\" data-gc-list-style=\"bullet\"><strong>Propriedades de atrito superiores:<\/strong> Suas excelentes propriedades de atrito melhoram seu desempenho em v\u00e1rias aplica\u00e7\u00f5es industriais.<\/li>\n<li data-gc-list-depth=\"1\" data-gc-list-style=\"bullet\"><strong>Aplica\u00e7\u00f5es vers\u00e1teis:<\/strong> A liga \u00e9 usada em rolos de forma\u00e7\u00e3o, ferramentas de dobra e aplica\u00e7\u00f5es de desgaste em v\u00e1rios setores, demonstrando sua versatilidade.<\/li>\n<\/ul>\n<h5>Propriedades e especifica\u00e7\u00f5es<\/h5>\n<p><\/br>  O AMPCO\u00ae 25 \u00e9 uma liga dura patenteada de alto desempenho conhecida por suas propriedades mec\u00e2nicas excepcionais. Ele tem dureza not\u00e1vel, excelente resist\u00eancia \u00e0 compress\u00e3o e propriedades de atrito superiores, o que o torna a escolha ideal para aplica\u00e7\u00f5es exigentes. Com o alongamento zero do material, as se\u00e7\u00f5es finas devem ser evitadas e o suporte adequado \u00e9 fundamental. A liga de bronze \u00e9 normalmente usada para rolos de forma\u00e7\u00e3o, matrizes de dobra e aplica\u00e7\u00f5es de desgaste com altas cargas de compress\u00e3o. Suas especifica\u00e7\u00f5es garantem um desempenho confi\u00e1vel, tornando-o um material preferido para setores que exigem durabilidade e precis\u00e3o.  <\/p>\n<h5>Aplica\u00e7\u00f5es<\/h5>\n<p><\/br>  O AMPCO\u00ae 25 encontra sua versatilidade em uma ampla gama de aplica\u00e7\u00f5es devido \u00e0s suas propriedades excepcionais. \u00c9 comumente usado como rolos de forma\u00e7\u00e3o e matrizes de dobra em v\u00e1rios ambientes industriais. Al\u00e9m disso, suas propriedades de atrito inerentes o tornam uma excelente op\u00e7\u00e3o para aplica\u00e7\u00f5es de desgaste em que prevalecem altas cargas compressivas. Seu sucesso generalizado se estende a \u00e1reas como manufatura, metalurgia e ind\u00fastrias que exigem materiais robustos e dur\u00e1veis para a forma\u00e7\u00e3o e resist\u00eancia ao desgaste.<\/p>\n","protected":false},"featured_media":50555,"template":"","meta":{"_et_pb_use_builder":"","_et_pb_old_content":"","_et_gb_content_width":"","inline_featured_image":false,"_links_to":"","_links_to_target":""},"product_category":[476],"product_type":[503,509,532,555,618],"product_shape":[644,633,639,623,654,649],"class_list":["post-53027","product","type-product","status-publish","has-post-thumbnail","hentry","product_category-ampco-bronze-aluminio"],"acf":[],"aioseo_notices":[],"_links":{"self":[{"href":"https:\/\/www.ampcometal.com\/pt-br\/wp-json\/wp\/v2\/product\/53027","targetHints":{"allow":["GET"]}}],"collection":[{"href":"https:\/\/www.ampcometal.com\/pt-br\/wp-json\/wp\/v2\/product"}],"about":[{"href":"https:\/\/www.ampcometal.com\/pt-br\/wp-json\/wp\/v2\/types\/product"}],"wp:featuredmedia":[{"embeddable":true,"href":"https:\/\/www.ampcometal.com\/pt-br\/wp-json\/wp\/v2\/media\/50555"}],"wp:attachment":[{"href":"https:\/\/www.ampcometal.com\/pt-br\/wp-json\/wp\/v2\/media?parent=53027"}],"wp:term":[{"taxonomy":"product_category","embeddable":true,"href":"https:\/\/www.ampcometal.com\/pt-br\/wp-json\/wp\/v2\/product_category?post=53027"},{"taxonomy":"product_type","embeddable":true,"href":"https:\/\/www.ampcometal.com\/pt-br\/wp-json\/wp\/v2\/product_type?post=53027"},{"taxonomy":"product_shape","embeddable":true,"href":"https:\/\/www.ampcometal.com\/pt-br\/wp-json\/wp\/v2\/product_shape?post=53027"}],"curies":[{"name":"wp","href":"https:\/\/api.w.org\/{rel}","templated":true}]}}