{"id":53022,"date":"2021-09-06T19:51:14","date_gmt":"2021-09-06T17:51:14","guid":{"rendered":"https:\/\/www.ampcometal.com\/products\/%product_category%\/ampco-674-2\/"},"modified":"2024-03-18T12:41:15","modified_gmt":"2024-03-18T10:41:15","slug":"ampco-674","status":"publish","type":"product","link":"https:\/\/www.ampcometal.com\/pt-br\/productos\/outras-ligas\/ampco-674\/","title":{"rendered":"AMPCO\u00ae 674"},"content":{"rendered":"<ul>\n<li data-gc-list-depth=\"1\" data-gc-list-style=\"bullet\"><strong>Excepcional forjabilidade a quente:<\/strong> Esse bronze de alum\u00ednio apresenta uma not\u00e1vel forjabilidade a quente, classificada como 100 perfeita.<\/li>\n<li data-gc-list-depth=\"1\" data-gc-list-style=\"bullet\"><strong>Liga de bronze de alta resist\u00eancia:<\/strong> Conhecida por sua resist\u00eancia superior, \u00e9 um material confi\u00e1vel para aplica\u00e7\u00f5es em que a durabilidade e as propriedades mec\u00e2nicas robustas s\u00e3o fundamentais.<\/li>\n<li data-gc-list-depth=\"1\" data-gc-list-style=\"bullet\"><strong>Propriedades de resist\u00eancia \u00e0 corros\u00e3o:<\/strong> Essa liga tem excelente resist\u00eancia \u00e0 corros\u00e3o, o que a torna adequada para uso em ambientes agressivos.<\/li>\n<li data-gc-list-depth=\"1\" data-gc-list-style=\"bullet\"><strong>Maior resist\u00eancia \u00e0 tra\u00e7\u00e3o e ao escoamento:<\/strong> Seu menor teor de chumbo contribui para melhorar a resist\u00eancia \u00e0 tra\u00e7\u00e3o e ao escoamento, tornando-o a op\u00e7\u00e3o preferida para aplica\u00e7\u00f5es pesadas que exigem confiabilidade e durabilidade.<\/li>\n<\/ul>\n<h5>Propriedades e especifica\u00e7\u00f5es do AMPCO\u00ae 674<\/h5>\n<p><\/br><br \/>\nO AMPCO\u00ae 674 \u00e9 uma liga de bronze de alta resist\u00eancia conhecida por sua excepcional forjabilidade a quente e resist\u00eancia \u00e0 corros\u00e3o. Essa liga oferece um equil\u00edbrio exclusivo de propriedades, incluindo uma classifica\u00e7\u00e3o de forjabilidade a quente de 100, o que a torna a escolha ideal para aplica\u00e7\u00f5es que exigem conforma\u00e7\u00e3o a quente. Tamb\u00e9m tem uma classifica\u00e7\u00e3o de usinabilidade de 25%, que pode ser menor do que a de algumas outras ligas, mas \u00e9 compensada por suas melhores resist\u00eancias \u00e0 tra\u00e7\u00e3o e ao escoamento. Esse bronze de alum\u00ednio \u00e9 preferido para uma ampla gama de aplica\u00e7\u00f5es industriais, incluindo buchas, engrenagens, cames, bielas e muito mais. Seu teor reduzido de chumbo o distingue de seu equivalente, o <a href=\"https:\/\/www.ampcometal.com\/products\/other-alloys\/ampco-673\/\">AMPCO\u00ae 673<\/a>, tornando o AMPCO\u00ae 674 a escolha preferida em aplica\u00e7\u00f5es em que se deseja menor usinabilidade e maior resist\u00eancia.<\/p>\n<h5>Aplica\u00e7\u00f5es do AMPCO\u00ae 674<\/h5>\n<p><\/br><br \/>\nO AMPCO\u00ae 674, uma liga de bronze de alta resist\u00eancia, \u00e9 usado em uma ampla gama de aplica\u00e7\u00f5es industriais. Sua excepcional classifica\u00e7\u00e3o de forjabilidade a quente de 100 o torna particularmente adequado para componentes que exigem conforma\u00e7\u00e3o a quente, como buchas, engrenagens e cames. Sua resist\u00eancia \u00e0 corros\u00e3o e propriedades mec\u00e2nicas robustas tamb\u00e9m fazem desse bronze de alum\u00ednio a escolha preferida para aplica\u00e7\u00f5es que exigem confiabilidade em ambientes adversos, incluindo bielas, eixos intermedi\u00e1rios, engrenagens sem-fim, dedos de alimenta\u00e7\u00e3o e parafusos de porca de avan\u00e7o. O baixo teor de chumbo dessa liga vers\u00e1til aumenta sua resist\u00eancia \u00e0 tra\u00e7\u00e3o e ao escoamento, tornando-a a escolha ideal para uma variedade de aplica\u00e7\u00f5es pesadas e resistentes \u00e0 corros\u00e3o em diversos setores.<\/p>\n","protected":false},"featured_media":50559,"template":"","meta":{"_et_pb_use_builder":"","_et_pb_old_content":"","_et_gb_content_width":"","inline_featured_image":false,"_links_to":"","_links_to_target":""},"product_category":[493],"product_type":[509],"product_shape":[639,649],"class_list":["post-53022","product","type-product","status-publish","has-post-thumbnail","hentry","product_category-outras-ligas"],"acf":[],"aioseo_notices":[],"_links":{"self":[{"href":"https:\/\/www.ampcometal.com\/pt-br\/wp-json\/wp\/v2\/product\/53022","targetHints":{"allow":["GET"]}}],"collection":[{"href":"https:\/\/www.ampcometal.com\/pt-br\/wp-json\/wp\/v2\/product"}],"about":[{"href":"https:\/\/www.ampcometal.com\/pt-br\/wp-json\/wp\/v2\/types\/product"}],"wp:featuredmedia":[{"embeddable":true,"href":"https:\/\/www.ampcometal.com\/pt-br\/wp-json\/wp\/v2\/media\/50559"}],"wp:attachment":[{"href":"https:\/\/www.ampcometal.com\/pt-br\/wp-json\/wp\/v2\/media?parent=53022"}],"wp:term":[{"taxonomy":"product_category","embeddable":true,"href":"https:\/\/www.ampcometal.com\/pt-br\/wp-json\/wp\/v2\/product_category?post=53022"},{"taxonomy":"product_type","embeddable":true,"href":"https:\/\/www.ampcometal.com\/pt-br\/wp-json\/wp\/v2\/product_type?post=53022"},{"taxonomy":"product_shape","embeddable":true,"href":"https:\/\/www.ampcometal.com\/pt-br\/wp-json\/wp\/v2\/product_shape?post=53022"}],"curies":[{"name":"wp","href":"https:\/\/api.w.org\/{rel}","templated":true}]}}