{"id":53019,"date":"2021-09-06T19:51:13","date_gmt":"2021-09-06T17:51:13","guid":{"rendered":"https:\/\/www.ampcometal.com\/products\/%product_category%\/ampco-18-23-2\/"},"modified":"2024-04-03T15:43:28","modified_gmt":"2024-04-03T13:43:28","slug":"ampco-18-23","status":"publish","type":"product","link":"https:\/\/www.ampcometal.com\/pt-br\/productos\/ampco-bronze-aluminio\/ampco-18-23\/","title":{"rendered":"AMPCO\u00ae 18.23"},"content":{"rendered":"<ul>\n<li data-gc-list-depth=\"1\" data-gc-list-style=\"bullet\"><strong>Resist\u00eancia excepcional:<\/strong> Apresenta uma resist\u00eancia not\u00e1vel, o que lhe permite suportar cargas pesadas e condi\u00e7\u00f5es de impacto sem distor\u00e7\u00e3o.<\/li>\n<li data-gc-list-depth=\"1\" data-gc-list-style=\"bullet\"><strong>Liga de alta resist\u00eancia:<\/strong> Com resist\u00eancia \u00e0 tra\u00e7\u00e3o e dureza superiores, destaca-se em aplica\u00e7\u00f5es que exigem resist\u00eancia e durabilidade.<\/li>\n<li data-gc-list-depth=\"1\" data-gc-list-style=\"bullet\"><strong>Excelente resist\u00eancia ao desgaste:<\/strong> Essa liga de bronze oferece excepcional resist\u00eancia ao desgaste, o que a torna ideal para componentes expostos a atrito e abras\u00e3o.<\/li>\n<li data-gc-list-depth=\"1\" data-gc-list-style=\"bullet\"><strong>Aplica\u00e7\u00f5es vers\u00e1teis:<\/strong> \u00c9 vers\u00e1til e pode ser usado em uma variedade de setores, incluindo manufatura, aeroespacial, mar\u00edtimo e de equipamentos pesados.<\/li>\n<\/ul>\n<h5>Propriedades e especifica\u00e7\u00f5es<\/h5>\n<p><\/br><br \/>\nO AMPCO\u00ae 18.23 \u00e9 uma not\u00e1vel liga de bronze de alta resist\u00eancia conhecida por suas propriedades excepcionais. Essa liga com tratamento t\u00e9rmico tem propriedades impressionantes, incluindo alta dureza, resist\u00eancia \u00e0 tra\u00e7\u00e3o e resist\u00eancia ao desgaste, o que a torna ideal para aplica\u00e7\u00f5es industriais exigentes. Com propriedades f\u00edsicas melhores do que os tipos de bronze semelhantes, como o AMPCO\u00ae 18 e o AMPCO\u00ae 18.136, o AMPCO\u00ae 18.23 se destaca como uma op\u00e7\u00e3o superior, oferecendo tenacidade e resist\u00eancia \u00e0 distor\u00e7\u00e3o incompar\u00e1veis sob condi\u00e7\u00f5es de alta carga e impacto. Seu not\u00e1vel limite proporcional permite que os projetistas tirem o m\u00e1ximo proveito de sua resist\u00eancia, tornando-o uma excelente solu\u00e7\u00e3o para engrenagens sem-fim para servi\u00e7os pesados e outras aplica\u00e7\u00f5es de alta tens\u00e3o em v\u00e1rios setores.<\/p>\n<h5>Aplica\u00e7\u00f5es<\/h5>\n<p><\/br><br \/>\nO AMPCO\u00ae 18.23 \u00e9 usado em uma ampla gama de setores em que a alta resist\u00eancia e o desempenho excepcional s\u00e3o essenciais. Essa not\u00e1vel liga de bronze se destaca em engrenagens sem-fim para servi\u00e7os pesados e aplica\u00e7\u00f5es semelhantes devido \u00e0 sua combina\u00e7\u00e3o exclusiva de tenacidade, resist\u00eancia ao desgaste e resist\u00eancia \u00e0 distor\u00e7\u00e3o. Sua confiabilidade sob cargas pesadas e em ambientes exigentes faz com que seja a escolha preferida para aplica\u00e7\u00f5es nos setores de manufatura, aeroespacial, mar\u00edtimo e industrial. Seja usada em rolamentos, engrenagens ou outros componentes cr\u00edticos, essa liga de bronze oferece resultados superiores de forma consistente, o que a torna um material essencial para engenheiros e projetistas que buscam o mais alto n\u00edvel de desempenho em seus projetos.<\/p>\n","protected":false},"featured_media":50527,"template":"","meta":{"_et_pb_use_builder":"","_et_pb_old_content":"","_et_gb_content_width":"","inline_featured_image":false,"_links_to":"","_links_to_target":""},"product_category":[476],"product_type":[503,555,618],"product_shape":[],"class_list":["post-53019","product","type-product","status-publish","has-post-thumbnail","hentry","product_category-ampco-bronze-aluminio"],"acf":[],"aioseo_notices":[],"_links":{"self":[{"href":"https:\/\/www.ampcometal.com\/pt-br\/wp-json\/wp\/v2\/product\/53019","targetHints":{"allow":["GET"]}}],"collection":[{"href":"https:\/\/www.ampcometal.com\/pt-br\/wp-json\/wp\/v2\/product"}],"about":[{"href":"https:\/\/www.ampcometal.com\/pt-br\/wp-json\/wp\/v2\/types\/product"}],"wp:featuredmedia":[{"embeddable":true,"href":"https:\/\/www.ampcometal.com\/pt-br\/wp-json\/wp\/v2\/media\/50527"}],"wp:attachment":[{"href":"https:\/\/www.ampcometal.com\/pt-br\/wp-json\/wp\/v2\/media?parent=53019"}],"wp:term":[{"taxonomy":"product_category","embeddable":true,"href":"https:\/\/www.ampcometal.com\/pt-br\/wp-json\/wp\/v2\/product_category?post=53019"},{"taxonomy":"product_type","embeddable":true,"href":"https:\/\/www.ampcometal.com\/pt-br\/wp-json\/wp\/v2\/product_type?post=53019"},{"taxonomy":"product_shape","embeddable":true,"href":"https:\/\/www.ampcometal.com\/pt-br\/wp-json\/wp\/v2\/product_shape?post=53019"}],"curies":[{"name":"wp","href":"https:\/\/api.w.org\/{rel}","templated":true}]}}