{"id":53008,"date":"2021-09-06T19:51:07","date_gmt":"2021-09-06T17:51:07","guid":{"rendered":"https:\/\/www.ampcometal.com\/products\/%product_category%\/ams-4640-2\/"},"modified":"2024-04-05T15:26:11","modified_gmt":"2024-04-05T13:26:11","slug":"ams-4640","status":"publish","type":"product","link":"https:\/\/www.ampcometal.com\/pt-br\/productos\/ligas-ams\/ams-4640\/","title":{"rendered":"AMS 4640"},"content":{"rendered":"<ul>\n<li data-gc-list-depth=\"1\" data-gc-list-style=\"bullet\"><strong>Propriedades mec\u00e2nicas excepcionais:<\/strong> O bronze de alum\u00ednio apresenta propriedades mec\u00e2nicas que excedem as dos bronzes de n\u00edquel-alum\u00ednio padr\u00e3o, o que o torna uma liga de alta resist\u00eancia com caracter\u00edsticas de desempenho superiores.<\/li>\n<li data-gc-list-depth=\"1\" data-gc-list-style=\"bullet\"><strong>Propriedades de resist\u00eancia a fa\u00edscas:<\/strong> As propriedades de resist\u00eancia a fa\u00edscas da liga a tornam uma op\u00e7\u00e3o segura para aplica\u00e7\u00f5es em ambientes explosivos, garantindo a seguran\u00e7a do equipamento e do pessoal.<\/li>\n<li data-gc-list-depth=\"1\" data-gc-list-style=\"bullet\"><strong>Ideal para resist\u00eancia ao desgaste: <\/strong>Essa liga de AMS se destaca em condi\u00e7\u00f5es especiais, como cargas pesadas, alto atrito, desgaste abrasivo e ambientes corrosivos, o que a torna uma op\u00e7\u00e3o vers\u00e1til e confi\u00e1vel para aplica\u00e7\u00f5es exigentes.<\/li>\n<li data-gc-list-depth=\"1\" data-gc-list-style=\"bullet\"><strong>Aplica\u00e7\u00f5es vers\u00e1teis:<\/strong> A versatilidade do AMS 4640 \u00e9 evidente em uma variedade de setores devido \u00e0s suas excelentes propriedades.<\/li>\n<\/ul>\n<h5>Propriedades e especifica\u00e7\u00f5es<\/h5>\n<p>O AMS 4640 \u00e9 uma liga excepcional de bronze de alum\u00ednio de alta resist\u00eancia com propriedades mec\u00e2nicas que excedem as dos bronzes de n\u00edquel-alum\u00ednio t\u00edpicos. Essa superioridade se deve ao seu processo de fabrica\u00e7\u00e3o exclusivo. Essa liga \u00e9 adequada para aplica\u00e7\u00f5es pesadas e se destaca em condi\u00e7\u00f5es de alta carga, atrito, desgaste abrasivo e corros\u00e3o. Esse bronze AMS tamb\u00e9m \u00e9 resistente a fa\u00edscas, o que o torna uma op\u00e7\u00e3o segura para aplica\u00e7\u00f5es em ambientes potencialmente explosivos. Essa liga atende \u00e0s rigorosas especifica\u00e7\u00f5es da AMS 4640, garantindo um desempenho confi\u00e1vel em uma s\u00e9rie de cen\u00e1rios mec\u00e2nicos e corrosivos exigentes.<\/p>\n<h5>Aplica\u00e7\u00f5es<\/h5>\n<p>O AMS 4640 \u00e9 usado em uma ampla gama de aplica\u00e7\u00f5es exigentes. Essa liga de bronze de alum\u00ednio de alta resist\u00eancia \u00e9 ideal para cen\u00e1rios mec\u00e2nicos e corrosivos de alta tens\u00e3o e servi\u00e7o pesado. Suas propriedades excepcionais o tornam a melhor op\u00e7\u00e3o para aplica\u00e7\u00f5es que envolvem desgaste abrasivo, atrito, deforma\u00e7\u00e3o e eros\u00e3o qu\u00edmica. As aplica\u00e7\u00f5es comuns incluem rolamentos e buchas de aeronaves, eixos e an\u00e9is de desgaste de bombas e embarca\u00e7\u00f5es, eixos e assentos de v\u00e1lvulas e componentes de m\u00e1quinas-ferramenta. Al\u00e9m disso, suas propriedades de resist\u00eancia a fa\u00edscas o tornam uma op\u00e7\u00e3o confi\u00e1vel para ferramentas de seguran\u00e7a e componentes de m\u00e1quinas-ferramenta usados em ambientes explosivos. A versatilidade e a durabilidade da liga fazem dela uma op\u00e7\u00e3o valiosa em diversos setores.<\/p>\n","protected":false},"featured_media":50507,"template":"","meta":{"_et_pb_use_builder":"","_et_pb_old_content":"","_et_gb_content_width":"","inline_featured_image":false,"_links_to":"","_links_to_target":""},"product_category":[488],"product_type":[514],"product_shape":[649],"class_list":["post-53008","product","type-product","status-publish","has-post-thumbnail","hentry","product_category-ligas-ams"],"acf":[],"aioseo_notices":[],"_links":{"self":[{"href":"https:\/\/www.ampcometal.com\/pt-br\/wp-json\/wp\/v2\/product\/53008","targetHints":{"allow":["GET"]}}],"collection":[{"href":"https:\/\/www.ampcometal.com\/pt-br\/wp-json\/wp\/v2\/product"}],"about":[{"href":"https:\/\/www.ampcometal.com\/pt-br\/wp-json\/wp\/v2\/types\/product"}],"wp:featuredmedia":[{"embeddable":true,"href":"https:\/\/www.ampcometal.com\/pt-br\/wp-json\/wp\/v2\/media\/50507"}],"wp:attachment":[{"href":"https:\/\/www.ampcometal.com\/pt-br\/wp-json\/wp\/v2\/media?parent=53008"}],"wp:term":[{"taxonomy":"product_category","embeddable":true,"href":"https:\/\/www.ampcometal.com\/pt-br\/wp-json\/wp\/v2\/product_category?post=53008"},{"taxonomy":"product_type","embeddable":true,"href":"https:\/\/www.ampcometal.com\/pt-br\/wp-json\/wp\/v2\/product_type?post=53008"},{"taxonomy":"product_shape","embeddable":true,"href":"https:\/\/www.ampcometal.com\/pt-br\/wp-json\/wp\/v2\/product_shape?post=53008"}],"curies":[{"name":"wp","href":"https:\/\/api.w.org\/{rel}","templated":true}]}}