{"id":53000,"date":"2021-09-06T19:51:00","date_gmt":"2021-09-06T17:51:00","guid":{"rendered":"https:\/\/www.ampcometal.com\/products\/%product_category%\/ampcoloy-88-2\/"},"modified":"2025-03-18T16:40:18","modified_gmt":"2025-03-18T14:40:18","slug":"ampcoloy-88","status":"publish","type":"product","link":"https:\/\/www.ampcometal.com\/pt-br\/productos\/ampcoloy-liga-de-alto-teor-de-cobre\/ampcoloy-88\/","title":{"rendered":"AMPCOLOY\u00ae 88"},"content":{"rendered":"<ul>\n<li data-gc-list-depth=\"1\" data-gc-list-style=\"bullet\"><strong>Resist\u00eancia excepcional ao desgaste:<\/strong> O AMPCOLOY\u00ae 88 oferece excepcional resist\u00eancia ao desgaste, o que o torna a escolha ideal para componentes expostos a condi\u00e7\u00f5es abrasivas, garantindo durabilidade e confiabilidade.<\/li>\n<li data-gc-list-depth=\"1\" data-gc-list-style=\"bullet\"><strong>Impressionante resist\u00eancia mec\u00e2nica:<\/strong> Essa liga de alto desempenho tem uma resist\u00eancia mec\u00e2nica impressionante, o que garante que ela possa suportar cargas pesadas e ambientes de alto estresse.<\/li>\n<li data-gc-list-depth=\"1\" data-gc-list-style=\"bullet\"><strong>Alta condutividade t\u00e9rmica:<\/strong> Oferece alta condutividade t\u00e9rmica, melhorando a dissipa\u00e7\u00e3o de calor e a efici\u00eancia em aplica\u00e7\u00f5es em que o gerenciamento da temperatura \u00e9 fundamental.<\/li>\n<li data-gc-list-depth=\"1\" data-gc-list-style=\"bullet\"><strong>Resist\u00eancia superior \u00e0 corros\u00e3o:<\/strong> Com sua composi\u00e7\u00e3o exclusiva, essa liga de alto teor de cobre oferece resist\u00eancia superior \u00e0 corros\u00e3o, prolongando a vida \u00fatil do produto.<\/li>\n<\/ul>\n<h5>Propriedades e especifica\u00e7\u00f5es<\/h5>\n<p>O AMPCOLOY\u00ae 88 \u00e9 uma liga de bronze de alto desempenho conhecida por suas propriedades e especifica\u00e7\u00f5es excepcionais. Essa liga apresenta not\u00e1vel resist\u00eancia ao desgaste, o que a torna ideal para aplica\u00e7\u00f5es em que a durabilidade \u00e9 fundamental. Sua impressionante resist\u00eancia mec\u00e2nica garante longevidade e confiabilidade em uma variedade de setores. Com excelente condutividade t\u00e9rmica, essa liga de alto teor de cobre aumenta a efici\u00eancia e o desempenho. Ele foi projetado para oferecer resist\u00eancia superior ao desgaste e \u00e0 corros\u00e3o, resultando em ciclos de vida mais longos do produto e maior produtividade.<\/p>\n<h5>Aplica\u00e7\u00f5es<\/h5>\n<p>O AMPCOLOY\u00ae 88 \u00e9 usado em uma ampla gama de setores devido \u00e0s suas propriedades vers\u00e1teis. Essa <a href=\"https:\/\/www.ampcometal.com\/pt-br\/productos\/ampcoloy-liga-de-alto-teor-de-cobre\/\">liga com alto teor de cobre<\/a> \u00e9 comumente usada na fabrica\u00e7\u00e3o de ferramentas de solda flash, rodas de solda e eletrodos de solda de malha, onde sua excepcional resist\u00eancia ao desgaste e for\u00e7a mec\u00e2nica se destacam. Ele tamb\u00e9m \u00e9 uma excelente op\u00e7\u00e3o para segmentos de an\u00e9is amortecedores em geradores e desempenha um papel fundamental na moldagem por inje\u00e7\u00e3o de componentes pl\u00e1sticos. Sua composi\u00e7\u00e3o e durabilidade exclusivas fazem dele um material confi\u00e1vel em aplica\u00e7\u00f5es que exigem confiabilidade e vida \u00fatil prolongada.<\/p>\n","protected":false},"featured_media":50551,"template":"","meta":{"_et_pb_use_builder":"","_et_pb_old_content":"","_et_gb_content_width":"","inline_featured_image":false,"_links_to":"","_links_to_target":""},"product_category":[481],"product_type":[509,532],"product_shape":[633,649],"class_list":["post-53000","product","type-product","status-publish","has-post-thumbnail","hentry","product_category-ampcoloy-liga-de-alto-teor-de-cobre"],"acf":[],"aioseo_notices":[],"_links":{"self":[{"href":"https:\/\/www.ampcometal.com\/pt-br\/wp-json\/wp\/v2\/product\/53000","targetHints":{"allow":["GET"]}}],"collection":[{"href":"https:\/\/www.ampcometal.com\/pt-br\/wp-json\/wp\/v2\/product"}],"about":[{"href":"https:\/\/www.ampcometal.com\/pt-br\/wp-json\/wp\/v2\/types\/product"}],"wp:featuredmedia":[{"embeddable":true,"href":"https:\/\/www.ampcometal.com\/pt-br\/wp-json\/wp\/v2\/media\/50551"}],"wp:attachment":[{"href":"https:\/\/www.ampcometal.com\/pt-br\/wp-json\/wp\/v2\/media?parent=53000"}],"wp:term":[{"taxonomy":"product_category","embeddable":true,"href":"https:\/\/www.ampcometal.com\/pt-br\/wp-json\/wp\/v2\/product_category?post=53000"},{"taxonomy":"product_type","embeddable":true,"href":"https:\/\/www.ampcometal.com\/pt-br\/wp-json\/wp\/v2\/product_type?post=53000"},{"taxonomy":"product_shape","embeddable":true,"href":"https:\/\/www.ampcometal.com\/pt-br\/wp-json\/wp\/v2\/product_shape?post=53000"}],"curies":[{"name":"wp","href":"https:\/\/api.w.org\/{rel}","templated":true}]}}