{"id":53272,"date":"2021-09-07T10:17:17","date_gmt":"2021-09-07T08:17:17","guid":{"rendered":"https:\/\/www.ampcometal.com\/?page_id=53272"},"modified":"2021-10-26T11:15:45","modified_gmt":"2021-10-26T09:15:45","slug":"declaracao-covid-19","status":"publish","type":"page","link":"https:\/\/www.ampcometal.com\/pt-br\/empresa\/trabalhando-com-ampco\/declaracao-covid-19\/","title":{"rendered":"Declara\u00e7\u00e3o COVID 19"},"content":{"rendered":"[et_pb_section fb_built=&#8221;1&#8243; specialty=&#8221;on&#8221; custom_padding_last_edited=&#8221;on|desktop&#8221; parallax_method_1=&#8221;off&#8221; parallax_method_2=&#8221;off&#8221; module_id_1=&#8221;product-page-sidebar-column&#8221; admin_label=&#8221;Section&#8221; _builder_version=&#8221;3.22&#8243; background_color=&#8221;#f7f7f7&#8243; custom_padding=&#8221;0px||0px|&#8221; custom_padding_tablet=&#8221;40px|||&#8221; custom_padding_phone=&#8221;&#8221; transparent_background=&#8221;off&#8221; make_fullwidth=&#8221;off&#8221; use_custom_width=&#8221;off&#8221; width_unit=&#8221;on&#8221; global_colors_info=&#8221;{}&#8221;][et_pb_column type=&#8221;1_3&#8243; _builder_version=&#8221;3.25&#8243; custom_padding=&#8221;|||&#8221; global_colors_info=&#8221;{}&#8221; custom_padding__hover=&#8221;|||&#8221;][et_pb_sidebar area=&#8221;company_sidebar&#8221; disabled_on=&#8221;on|on|off&#8221; admin_label=&#8221;Sidebar&#8221; module_id=&#8221;inner-product-sidebar-module&#8221; _builder_version=&#8221;4.10.6&#8243; remove_border=&#8221;off&#8221; global_colors_info=&#8221;{}&#8221;][\/et_pb_sidebar][\/et_pb_column][et_pb_column type=&#8221;2_3&#8243; specialty_columns=&#8221;2&#8243; _builder_version=&#8221;3.25&#8243; custom_padding=&#8221;|||&#8221; global_colors_info=&#8221;{}&#8221; custom_padding__hover=&#8221;|||&#8221;][et_pb_row_inner admin_label=&#8221;Row&#8221; _builder_version=&#8221;3.25&#8243; global_colors_info=&#8221;{}&#8221;][et_pb_column_inner saved_specialty_column_type=&#8221;2_3&#8243; _builder_version=&#8221;3.25&#8243; custom_padding=&#8221;|||&#8221; global_colors_info=&#8221;{}&#8221; custom_padding__hover=&#8221;|||&#8221;][et_pb_text admin_label=&#8221;Title&#8221; _builder_version=&#8221;4.10.6&#8243; text_letter_spacing=&#8221;0&#8243; text_line_height=&#8221;1.7&#8243; header_font_size=&#8221;30&#8243; header_letter_spacing=&#8221;0&#8243; header_line_height=&#8221;1&#8243; background_size=&#8221;initial&#8221; background_position=&#8221;top_left&#8221; background_repeat=&#8221;repeat&#8221; hover_enabled=&#8221;0&#8243; use_border_color=&#8221;off&#8221; border_color=&#8221;#ffffff&#8221; border_width=&#8221;1&#8243; border_style=&#8221;solid&#8221; global_colors_info=&#8221;{}&#8221; sticky_enabled=&#8221;0&#8243;]\n<h2>Declara\u00e7\u00e3o COVID 19<\/h2>\n[\/et_pb_text][\/et_pb_column_inner][\/et_pb_row_inner][et_pb_row_inner custom_padding_last_edited=&#8221;on|tablet&#8221; admin_label=&#8221;Row&#8221; _builder_version=&#8221;3.25&#8243; custom_margin_tablet=&#8221;||40px|&#8221; custom_margin_phone=&#8221;&#8221; custom_margin_last_edited=&#8221;on|desktop&#8221; custom_padding=&#8221;0px||30px|&#8221; custom_padding_tablet=&#8221;&#8221; custom_padding_phone=&#8221;&#8221; custom_css_main_element=&#8221;border-bottom: solid 2px #e8e8e8;&#8221; global_colors_info=&#8221;{}&#8221;][et_pb_column_inner saved_specialty_column_type=&#8221;2_3&#8243; _builder_version=&#8221;3.25&#8243; custom_padding=&#8221;|||&#8221; global_colors_info=&#8221;{}&#8221; custom_padding__hover=&#8221;|||&#8221;][et_pb_text admin_label=&#8221;text&#8221; _builder_version=&#8221;4.10.6&#8243; text_letter_spacing=&#8221;0&#8243; text_line_height=&#8221;1.7&#8243; header_font_size=&#8221;30&#8243; header_letter_spacing=&#8221;0&#8243; header_line_height=&#8221;1&#8243; background_size=&#8221;initial&#8221; background_position=&#8221;top_left&#8221; background_repeat=&#8221;repeat&#8221; custom_margin_last_edited=&#8221;off|&#8221; custom_padding_last_edited=&#8221;off|&#8221; hover_enabled=&#8221;0&#8243; use_border_color=&#8221;off&#8221; border_color=&#8221;#ffffff&#8221; border_width=&#8221;1&#8243; border_style=&#8221;solid&#8221; global_colors_info=&#8221;{}&#8221; sticky_enabled=&#8221;0&#8243;]\n<p>Caros clientes e parceiros,<\/p>\n<p>Tendo em vista a crescente dissemina\u00e7\u00e3o do COVID-19 (coronav\u00edrus), tomamos medidas espec\u00edficas recomendadas pela OMS, pelos diferentes Governos e Departamentos de Sa\u00fade, e implementamos um conjunto de protocolos para garantir o pleno funcionamento de nossa empresa, enquanto minimizamos, da melhor maneira poss\u00edvel, a propaga\u00e7\u00e3o desta doen\u00e7a pand\u00eamica.<\/p>\n<p>Nossos Centros de Distribui\u00e7\u00e3o continuam operando normalmente e tomamos todas as medidas necess\u00e1rias para garantir a continuidade do envio no prazo dos produtos aos nossos clientes.<\/p>\n<p>A AMPCO METAL \u00e9 uma empresa global com instala\u00e7\u00f5es de produ\u00e7\u00e3o locais (na Europa, \u00c1sia e Am\u00e9ricas). Portanto, cada continente trabalha de forma independente, mas em caso de necessidade, temos toda a flexibilidade necess\u00e1ria em termos de fabrica\u00e7\u00e3o de produtos geogr\u00e1ficos e com essa distribui\u00e7\u00e3o de risco, n\u00e3o devemos ser afetados por qualquer interrup\u00e7\u00e3o da cadeia de abastecimento.<\/p>\n<p>Continuamos em contacto estreito e permanente com as autoridades nacionais competentes de forma a garantir a protec\u00e7\u00e3o dos direitos e interesses dos nossos clientes e parceiros, bem como a sa\u00fade e seguran\u00e7a dos nossos colaboradores. Todos os sistemas inform\u00e1ticos e estruturas tecnol\u00f3gicas necess\u00e1rias est\u00e3o a funcionar em condi\u00e7\u00f5es de total seguran\u00e7a, de acordo com os elevados padr\u00f5es de qualidade e excel\u00eancia que a AMPCO METAL se orgulha de defender.<\/p>\n[\/et_pb_text][\/et_pb_column_inner][\/et_pb_row_inner][\/et_pb_column][\/et_pb_section]\n","protected":false},"excerpt":{"rendered":"<p>Declara\u00e7\u00e3o COVID 19Caros clientes e parceiros, Tendo em vista a crescente dissemina\u00e7\u00e3o do COVID-19 (coronav\u00edrus), tomamos medidas espec\u00edficas recomendadas pela OMS, pelos diferentes Governos e Departamentos de Sa\u00fade, e implementamos um conjunto de protocolos para garantir o pleno funcionamento de nossa empresa, enquanto minimizamos, da melhor maneira poss\u00edvel, a propaga\u00e7\u00e3o desta doen\u00e7a pand\u00eamica. Nossos Centros [&hellip;]<\/p>\n","protected":false},"author":1,"featured_media":0,"parent":53328,"menu_order":0,"comment_status":"closed","ping_status":"closed","template":"","meta":{"_et_pb_use_builder":"on","_et_pb_old_content":"","_et_gb_content_width":"","inline_featured_image":false,"footnotes":"","_links_to":"","_links_to_target":""},"class_list":["post-53272","page","type-page","status-publish","hentry"],"acf":[],"aioseo_notices":[],"_links":{"self":[{"href":"https:\/\/www.ampcometal.com\/pt-br\/wp-json\/wp\/v2\/pages\/53272","targetHints":{"allow":["GET"]}}],"collection":[{"href":"https:\/\/www.ampcometal.com\/pt-br\/wp-json\/wp\/v2\/pages"}],"about":[{"href":"https:\/\/www.ampcometal.com\/pt-br\/wp-json\/wp\/v2\/types\/page"}],"author":[{"embeddable":true,"href":"https:\/\/www.ampcometal.com\/pt-br\/wp-json\/wp\/v2\/users\/1"}],"replies":[{"embeddable":true,"href":"https:\/\/www.ampcometal.com\/pt-br\/wp-json\/wp\/v2\/comments?post=53272"}],"version-history":[{"count":0,"href":"https:\/\/www.ampcometal.com\/pt-br\/wp-json\/wp\/v2\/pages\/53272\/revisions"}],"up":[{"embeddable":true,"href":"https:\/\/www.ampcometal.com\/pt-br\/wp-json\/wp\/v2\/pages\/53328"}],"wp:attachment":[{"href":"https:\/\/www.ampcometal.com\/pt-br\/wp-json\/wp\/v2\/media?parent=53272"}],"curies":[{"name":"wp","href":"https:\/\/api.w.org\/{rel}","templated":true}]}}