{"id":53243,"date":"2021-09-07T10:17:14","date_gmt":"2021-09-07T08:17:14","guid":{"rendered":"https:\/\/www.ampcometal.com\/?page_id=53243"},"modified":"2021-10-26T11:15:52","modified_gmt":"2021-10-26T09:15:52","slug":"minerais-de-conflito","status":"publish","type":"page","link":"https:\/\/www.ampcometal.com\/pt-br\/empresa\/trabalhando-com-ampco\/minerais-de-conflito\/","title":{"rendered":"Minerais de conflito"},"content":{"rendered":"[et_pb_section fb_built=&#8221;1&#8243; specialty=&#8221;on&#8221; custom_padding_last_edited=&#8221;on|desktop&#8221; parallax_method_1=&#8221;off&#8221; parallax_method_2=&#8221;off&#8221; module_id_1=&#8221;product-page-sidebar-column&#8221; admin_label=&#8221;Section&#8221; _builder_version=&#8221;3.22&#8243; background_color=&#8221;#f7f7f7&#8243; custom_padding=&#8221;0px||0px|&#8221; custom_padding_tablet=&#8221;40px|||&#8221; custom_padding_phone=&#8221;&#8221; transparent_background=&#8221;off&#8221; make_fullwidth=&#8221;off&#8221; use_custom_width=&#8221;off&#8221; width_unit=&#8221;on&#8221; global_colors_info=&#8221;{}&#8221;][et_pb_column type=&#8221;1_3&#8243; _builder_version=&#8221;3.25&#8243; custom_padding=&#8221;|||&#8221; global_colors_info=&#8221;{}&#8221; custom_padding__hover=&#8221;|||&#8221;][et_pb_sidebar area=&#8221;company_sidebar&#8221; disabled_on=&#8221;on|on|off&#8221; admin_label=&#8221;Sidebar&#8221; module_id=&#8221;inner-product-sidebar-module&#8221; _builder_version=&#8221;4.10.6&#8243; remove_border=&#8221;off&#8221; global_colors_info=&#8221;{}&#8221;][\/et_pb_sidebar][\/et_pb_column][et_pb_column type=&#8221;2_3&#8243; specialty_columns=&#8221;2&#8243; _builder_version=&#8221;3.25&#8243; custom_padding=&#8221;|||&#8221; global_colors_info=&#8221;{}&#8221; custom_padding__hover=&#8221;|||&#8221;][et_pb_row_inner admin_label=&#8221;Row&#8221; _builder_version=&#8221;3.25&#8243; global_colors_info=&#8221;{}&#8221;][et_pb_column_inner saved_specialty_column_type=&#8221;2_3&#8243; _builder_version=&#8221;3.25&#8243; custom_padding=&#8221;|||&#8221; global_colors_info=&#8221;{}&#8221; custom_padding__hover=&#8221;|||&#8221;][et_pb_text admin_label=&#8221;Title&#8221; _builder_version=&#8221;4.10.6&#8243; text_letter_spacing=&#8221;0&#8243; text_line_height=&#8221;1.7&#8243; header_font_size=&#8221;30&#8243; header_letter_spacing=&#8221;0&#8243; header_line_height=&#8221;1&#8243; background_size=&#8221;initial&#8221; background_position=&#8221;top_left&#8221; background_repeat=&#8221;repeat&#8221; use_border_color=&#8221;off&#8221; border_color=&#8221;#ffffff&#8221; border_width=&#8221;1&#8243; border_style=&#8221;solid&#8221; global_colors_info=&#8221;{}&#8221;]\n<h2>Pol\u00edtica de minerais de conflito da AMPCO METAL<\/h2>\n[\/et_pb_text][\/et_pb_column_inner][\/et_pb_row_inner][et_pb_row_inner custom_padding_last_edited=&#8221;on|tablet&#8221; admin_label=&#8221;Row&#8221; _builder_version=&#8221;3.25&#8243; custom_margin_tablet=&#8221;||40px|&#8221; custom_margin_phone=&#8221;&#8221; custom_margin_last_edited=&#8221;on|desktop&#8221; custom_padding=&#8221;0px||30px|&#8221; custom_padding_tablet=&#8221;&#8221; custom_padding_phone=&#8221;&#8221; custom_css_main_element=&#8221;border-bottom: solid 2px #e8e8e8;&#8221; global_colors_info=&#8221;{}&#8221;][et_pb_column_inner saved_specialty_column_type=&#8221;2_3&#8243; _builder_version=&#8221;3.25&#8243; custom_padding=&#8221;|||&#8221; global_colors_info=&#8221;{}&#8221; custom_padding__hover=&#8221;|||&#8221;][et_pb_text admin_label=&#8221;text&#8221; _builder_version=&#8221;4.10.6&#8243; text_letter_spacing=&#8221;0&#8243; text_line_height=&#8221;1.7&#8243; header_font_size=&#8221;30&#8243; header_letter_spacing=&#8221;0&#8243; header_line_height=&#8221;1&#8243; background_size=&#8221;initial&#8221; background_position=&#8221;top_left&#8221; background_repeat=&#8221;repeat&#8221; custom_margin_last_edited=&#8221;off|&#8221; custom_padding_last_edited=&#8221;off|&#8221; use_border_color=&#8221;off&#8221; border_color=&#8221;#ffffff&#8221; border_width=&#8221;1&#8243; border_style=&#8221;solid&#8221; global_colors_info=&#8221;{}&#8221;]\n<p>Os valores fundamentais e a cultura da AMPCO METAL refletem um compromisso com as pr\u00e1ticas comerciais \u00e9ticas e com a boa cidadania corporativa, onde quer que operemos no mundo. Como empresa, reconhecemos e respeitamos os princ\u00edpios fundamentais contidos na Declara\u00e7\u00e3o Universal dos Direitos Humanos, e nossas pol\u00edticas e pr\u00e1ticas refletem nosso compromisso em promover os direitos humanos na esfera de influ\u00eancia da empresa.<\/p>\n<p>N\u00f3s adquirimos componentes e conjuntos para nossos produtos de fornecedores em diferentes pa\u00edses ao redor do mundo, cada um com suas pr\u00f3prias leis e regulamentos. Temos o compromisso de respeitar os direitos humanos em toda a nossa cadeia de abastecimento global e n\u00e3o fazemos neg\u00f3cios conscientemente com qualquer indiv\u00edduo ou empresa que participe da explora\u00e7\u00e3o de crian\u00e7as (incluindo trabalho infantil), puni\u00e7\u00e3o f\u00edsica, trabalho for\u00e7ado ou tr\u00e1fico de pessoas.<\/p>\n<p>A AMPCO METAL ap\u00f3ia o objetivo de acabar com a viol\u00eancia, as viola\u00e7\u00f5es dos direitos humanos e a devasta\u00e7\u00e3o ambiental na Rep\u00fablica Democr\u00e1tica do Congo (\u201cRDC\u201d) ou em pa\u00edses vizinhos (\u201cPa\u00edses Cobertos\u201d). Temos o compromisso de cumprir os requisitos aplic\u00e1veis \u00e0 AMPCO METAL de acordo com a Se\u00e7\u00e3o 1502 da Lei Dodd-Frank (\u201ca Lei\u201d). A AMPCO METAL est\u00e1 empenhada em obter componentes e materiais de organiza\u00e7\u00f5es que compartilham nossos valores em torno dos direitos humanos, \u00e9tica e responsabilidade ambiental. Para conseguir isso, a AMPCO METAL faz:<\/p>\n<ul>\n<li>Cumprir nossos requisitos de divulga\u00e7\u00e3o anual de acordo com a lei.<\/li>\n<li>Forne\u00e7a nosso C\u00f3digo de Conduta do Fornecedor para ajudar nossos fornecedores a entender nosso compromisso em cumprir todos os requisitos da Regra de Minerais de Conflito.<\/li>\n<li>Treine nossos Funcion\u00e1rios de Procurement sobre nossas obriga\u00e7\u00f5es com rela\u00e7\u00e3o ao Conflito<br \/>Regra de minerais.<\/li>\n<li>Esperamos que nossos fornecedores forne\u00e7am materiais para a AMPCO METAL que s\u00e3o \u201clivres de conflitos na RDC\u201d e adotem pol\u00edticas e sistemas de gest\u00e3o com rela\u00e7\u00e3o a minerais de conflito para garantir cadeias de suprimentos livres de conflitos.<\/li>\n<li>Solicite rotineiramente que nossos suprimentos de materiais diretos enviem um relat\u00f3rio consistente com o Modelo de relat\u00f3rio de minerais de conflito da Iniciativa de Minerais Respons\u00e1veis e analise seus envios em rela\u00e7\u00e3o \u00e0 conformidade com a Iniciativa de Minerais Respons\u00e1veis.<\/li>\n<li>Caso a AMPCO METAL determine que os esfor\u00e7os de um fornecedor para cumprir as expectativas da AMPCO METAL tenham sido deficientes e o fornecedor deixe de cooperar no desenvolvimento e implementa\u00e7\u00e3o de medidas corretivas razo\u00e1veis, a AMPCO METAL reserva-se o direito de tomar as medidas adequadas at\u00e9 e incluindo a descontinua\u00e7\u00e3o das compras da fornecedor.<\/li>\n<\/ul>\n<p>Perguntas sobre o programa de minerais de conflito da AMPCO METAL podem ser direcionadas para<a href=\"mailto:conflictmineral_inquiry@ampcometal.com\"> conflitomineral_inquiry@ampcometal.com<\/a>[\/et_pb_text][et_pb_button _builder_version=&#8221;4.10.6&#8243; _module_preset=&#8221;default&#8221; button_text=&#8221;Baixe &#8216;Pol\u00edtica de minerais de conflito&#8217; como PDF&#8221; button_url=&#8221;\/documents\/Conflict-minerals-policy.pdf&#8221; hover_enabled=&#8221;0&#8243; sticky_enabled=&#8221;0&#8243;][\/et_pb_button][\/et_pb_column_inner][\/et_pb_row_inner][\/et_pb_column][\/et_pb_section]\n","protected":false},"excerpt":{"rendered":"<p>Pol\u00edtica de minerais de conflito da AMPCO METALOs valores fundamentais e a cultura da AMPCO METAL refletem um compromisso com as pr\u00e1ticas comerciais \u00e9ticas e com a boa cidadania corporativa, onde quer que operemos no mundo. Como empresa, reconhecemos e respeitamos os princ\u00edpios fundamentais contidos na Declara\u00e7\u00e3o Universal dos Direitos Humanos, e nossas pol\u00edticas e [&hellip;]<\/p>\n","protected":false},"author":1,"featured_media":0,"parent":53328,"menu_order":0,"comment_status":"closed","ping_status":"closed","template":"","meta":{"_et_pb_use_builder":"on","_et_pb_old_content":"","_et_gb_content_width":"","inline_featured_image":false,"footnotes":"","_links_to":"","_links_to_target":""},"class_list":["post-53243","page","type-page","status-publish","hentry"],"acf":[],"aioseo_notices":[],"_links":{"self":[{"href":"https:\/\/www.ampcometal.com\/pt-br\/wp-json\/wp\/v2\/pages\/53243","targetHints":{"allow":["GET"]}}],"collection":[{"href":"https:\/\/www.ampcometal.com\/pt-br\/wp-json\/wp\/v2\/pages"}],"about":[{"href":"https:\/\/www.ampcometal.com\/pt-br\/wp-json\/wp\/v2\/types\/page"}],"author":[{"embeddable":true,"href":"https:\/\/www.ampcometal.com\/pt-br\/wp-json\/wp\/v2\/users\/1"}],"replies":[{"embeddable":true,"href":"https:\/\/www.ampcometal.com\/pt-br\/wp-json\/wp\/v2\/comments?post=53243"}],"version-history":[{"count":0,"href":"https:\/\/www.ampcometal.com\/pt-br\/wp-json\/wp\/v2\/pages\/53243\/revisions"}],"up":[{"embeddable":true,"href":"https:\/\/www.ampcometal.com\/pt-br\/wp-json\/wp\/v2\/pages\/53328"}],"wp:attachment":[{"href":"https:\/\/www.ampcometal.com\/pt-br\/wp-json\/wp\/v2\/media?parent=53243"}],"curies":[{"name":"wp","href":"https:\/\/api.w.org\/{rel}","templated":true}]}}