{"id":52970,"date":"2021-09-06T19:50:51","date_gmt":"2021-09-06T17:50:51","guid":{"rendered":"https:\/\/www.ampcometal.com\/trabalhando-na-ampco\/"},"modified":"2023-02-06T00:50:50","modified_gmt":"2023-02-05T22:50:50","slug":"trabalhando-na-ampco","status":"publish","type":"page","link":"https:\/\/www.ampcometal.com\/pt-br\/empresa\/carreiras\/trabalhando-na-ampco\/","title":{"rendered":"Trabalhando na AMPCO"},"content":{"rendered":"[et_pb_section fb_built=&#8221;1&#8243; specialty=&#8221;on&#8221; custom_padding_last_edited=&#8221;on|desktop&#8221; parallax_method_1=&#8221;off&#8221; parallax_method_2=&#8221;off&#8221; module_id_1=&#8221;product-page-sidebar-column&#8221; admin_label=&#8221;Section&#8221; _builder_version=&#8221;4.16&#8243; background_color=&#8221;#f7f7f7&#8243; custom_padding=&#8221;0px||0px|&#8221; custom_padding_tablet=&#8221;40px|||&#8221; custom_padding_phone=&#8221;&#8221; transparent_background=&#8221;off&#8221; make_fullwidth=&#8221;off&#8221; use_custom_width=&#8221;off&#8221; width_unit=&#8221;on&#8221; global_colors_info=&#8221;{}&#8221;][et_pb_column type=&#8221;1_3&#8243; _builder_version=&#8221;4.16&#8243; custom_padding=&#8221;|||&#8221; global_colors_info=&#8221;{}&#8221; custom_padding__hover=&#8221;|||&#8221;][et_pb_sidebar area=&#8221;company_sidebar&#8221; disabled_on=&#8221;on|on|off&#8221; admin_label=&#8221;Sidebar&#8221; module_id=&#8221;inner-product-sidebar-module&#8221; _builder_version=&#8221;4.16&#8243; remove_border=&#8221;off&#8221; global_colors_info=&#8221;{}&#8221;][\/et_pb_sidebar][\/et_pb_column][et_pb_column type=&#8221;2_3&#8243; specialty_columns=&#8221;2&#8243; _builder_version=&#8221;4.16&#8243; custom_padding=&#8221;|||&#8221; global_colors_info=&#8221;{}&#8221; custom_padding__hover=&#8221;|||&#8221;][et_pb_row_inner custom_padding_last_edited=&#8221;on|desktop&#8221; admin_label=&#8221;Row&#8221; _builder_version=&#8221;4.16&#8243; custom_margin=&#8221;||40px|&#8221; custom_margin_tablet=&#8221;&#8221; custom_margin_phone=&#8221;&#8221; custom_margin_last_edited=&#8221;on|desktop&#8221; custom_padding=&#8221;40px||40px|&#8221; custom_padding_tablet=&#8221;&#8221; custom_padding_phone=&#8221;&#8221; custom_css_main_element=&#8221;border-bottom: solid 2px #e8e8e8;&#8221; global_colors_info=&#8221;{}&#8221;][et_pb_column_inner saved_specialty_column_type=&#8221;2_3&#8243; _builder_version=&#8221;4.16&#8243; custom_padding=&#8221;|||&#8221; global_colors_info=&#8221;{}&#8221; custom_padding__hover=&#8221;|||&#8221;][et_pb_text admin_label=&#8221;WORKING AT AMPCO&#8221; _builder_version=&#8221;4.16&#8243; background_size=&#8221;initial&#8221; background_position=&#8221;top_left&#8221; background_repeat=&#8221;repeat&#8221; use_border_color=&#8221;off&#8221; border_color=&#8221;#ffffff&#8221; border_style=&#8221;solid&#8221; global_colors_info=&#8221;{}&#8221;]\n<h2>TRABALHANDO NA AMPCO<\/h2>\n[\/et_pb_text][et_pb_text admin_label=&#8221;Text&#8221; _builder_version=&#8221;4.16&#8243; background_size=&#8221;initial&#8221; background_position=&#8221;top_left&#8221; background_repeat=&#8221;repeat&#8221; custom_margin=&#8221;20px|||&#8221; custom_margin_tablet=&#8221;&#8221; custom_margin_phone=&#8221;&#8221; custom_margin_last_edited=&#8221;on|&#8221; use_border_color=&#8221;off&#8221; border_color=&#8221;#ffffff&#8221; border_style=&#8221;solid&#8221; global_colors_info=&#8221;{}&#8221;]<strong>UMA EMPRESA COMPROMETIDA EM INOVAR PRODUTOS E SERVI\u00c7OS AO CLIENTE POR MAIS DE 100 ANOS<\/strong><\/p>\n<p>A AMPCO METAL, baseada na Su\u00ed\u00e7a, \u00e9 l\u00edder mundial em produ\u00e7\u00e3o e distribui\u00e7\u00e3o de ligas especiais de cobres e pe\u00e7as de engenharia.<\/p>\n<p>Nossa equipe se dedica a fornecer os melhores produtos e servi\u00e7os a cada um de nossos 20.000 valiosos clientes em todo o mundo.<\/p>\n<p>Qualidade \u00e9 a palavra de ordem na AMPCO METAL, em todas as etapas de nossas opera\u00e7\u00f5es, desde a fabrica\u00e7\u00e3o at\u00e9 a distribui\u00e7\u00e3o.<\/p>\n<p>A certifica\u00e7\u00e3o ISO 9001 em nossas unidades de manufatura e nossos centros de distribui\u00e7\u00e3o e servi\u00e7o na Europa, Am\u00e9rica do Norte, \u00cdndia e China garantem total satisfa\u00e7\u00e3o e acompanhamento do cliente, e os engenheiros da AMPCO METAL est\u00e3o sempre \u00e0 disposi\u00e7\u00e3o para fornecer solu\u00e7\u00f5es especializadas e sob medida para um requisitos precisos e exatos do cliente.<br \/>\n[\/et_pb_text][\/et_pb_column_inner][\/et_pb_row_inner][et_pb_row_inner custom_padding_last_edited=&#8221;on|phone&#8221; admin_label=&#8221;Row&#8221; _builder_version=&#8221;4.16&#8243; custom_margin=&#8221;||40px|&#8221; custom_margin_tablet=&#8221;&#8221; custom_margin_phone=&#8221;&#8221; custom_margin_last_edited=&#8221;on|desktop&#8221; custom_padding=&#8221;0px||40px|&#8221; custom_padding_tablet=&#8221;&#8221; custom_padding_phone=&#8221;&#8221; custom_css_main_element=&#8221;border-bottom: solid 2px #e8e8e8;&#8221; global_colors_info=&#8221;{}&#8221;][et_pb_column_inner saved_specialty_column_type=&#8221;2_3&#8243; _builder_version=&#8221;4.16&#8243; custom_padding=&#8221;|||&#8221; global_colors_info=&#8221;{}&#8221; custom_padding__hover=&#8221;|||&#8221;][et_pb_text admin_label=&#8221;Commercial Core Activities&#8221; _builder_version=&#8221;4.16&#8243; background_size=&#8221;initial&#8221; background_position=&#8221;top_left&#8221; background_repeat=&#8221;repeat&#8221; use_border_color=&#8221;off&#8221; border_color=&#8221;#ffffff&#8221; border_style=&#8221;solid&#8221; global_colors_info=&#8221;{}&#8221;]\n<h2>Atividades comerciais centrais<\/h2>\n[\/et_pb_text][et_pb_text admin_label=&#8221;Text&#8221; _builder_version=&#8221;4.16&#8243; background_size=&#8221;initial&#8221; background_position=&#8221;top_left&#8221; background_repeat=&#8221;repeat&#8221; custom_margin=&#8221;20px|||&#8221; custom_margin_tablet=&#8221;&#8221; custom_margin_phone=&#8221;&#8221; custom_margin_last_edited=&#8221;on|&#8221; use_border_color=&#8221;off&#8221; border_color=&#8221;#ffffff&#8221; border_style=&#8221;solid&#8221; global_colors_info=&#8221;{}&#8221;]A AMPCO METAL est\u00e1 sempre em busca de pessoas motivadas com um conhecimento s\u00f3lido de atendimento ao cliente, confian\u00e7a e constru\u00e7\u00e3o de confian\u00e7a e acompanhamento. Nossos clientes s\u00e3o a salva\u00e7\u00e3o de nosso sucesso de longa data e esperam o melhor de n\u00f3s em todos os n\u00edveis.<\/p>\n<p><em>As posi\u00e7\u00f5es que se tornam dispon\u00edveis na AMPCO METAL de tempos em tempos incluem:<\/em><\/p>\n<p>Representante de Vendas Internas<br \/>\nRepresentante de Vendas Externo<br \/>\nEngenheiro de Aplica\u00e7\u00e3o \/ Metal\u00fargico<br \/>\n[\/et_pb_text][\/et_pb_column_inner][\/et_pb_row_inner][et_pb_row_inner custom_padding_last_edited=&#8221;on|desktop&#8221; admin_label=&#8221;Row&#8221; _builder_version=&#8221;4.16&#8243; custom_margin=&#8221;||40px|&#8221; custom_margin_tablet=&#8221;&#8221; custom_margin_phone=&#8221;&#8221; custom_margin_last_edited=&#8221;on|desktop&#8221; custom_padding=&#8221;0px||20px|&#8221; custom_padding_tablet=&#8221;&#8221; custom_padding_phone=&#8221;&#8221; custom_css_main_element=&#8221;border-bottom: solid 2px #e8e8e8;&#8221; global_colors_info=&#8221;{}&#8221;][et_pb_column_inner saved_specialty_column_type=&#8221;2_3&#8243; _builder_version=&#8221;4.16&#8243; custom_padding=&#8221;|||&#8221; global_colors_info=&#8221;{}&#8221; custom_padding__hover=&#8221;|||&#8221;][et_pb_text admin_label=&#8221;Manufacturing Core Activities&#8221; _builder_version=&#8221;4.16&#8243; background_size=&#8221;initial&#8221; background_position=&#8221;top_left&#8221; background_repeat=&#8221;repeat&#8221; use_border_color=&#8221;off&#8221; border_color=&#8221;#ffffff&#8221; border_style=&#8221;solid&#8221; global_colors_info=&#8221;{}&#8221;]\n<h2>Atividades Principais de Fabrica\u00e7\u00e3o<\/h2>\n[\/et_pb_text][et_pb_text admin_label=&#8221;Text&#8221; _builder_version=&#8221;4.16&#8243; background_size=&#8221;initial&#8221; background_position=&#8221;top_left&#8221; background_repeat=&#8221;repeat&#8221; custom_margin=&#8221;20px|||&#8221; custom_margin_tablet=&#8221;&#8221; custom_margin_phone=&#8221;&#8221; custom_margin_last_edited=&#8221;on|&#8221; use_border_color=&#8221;off&#8221; border_color=&#8221;#ffffff&#8221; border_style=&#8221;solid&#8221; global_colors_info=&#8221;{}&#8221;]As atividades de fabrica\u00e7\u00e3o da AMPCO METAL requerem indiv\u00edduos dedicados com conjuntos de habilidades altamente especializadas e um forte entendimento de qualidade, confiabilidade e precis\u00e3o, para garantir a melhor qualidade do produto.<\/p>\n<p><em>As posi\u00e7\u00f5es nesta \u00e1rea dispon\u00edveis na AMPCO METAL de vez em quando incluem:<\/em><\/p>\n<p>Metalurgista<br \/>\nControle de qualidade<br \/>\nTrabalhador de fundi\u00e7\u00e3o<br \/>\n[\/et_pb_text][\/et_pb_column_inner][\/et_pb_row_inner][\/et_pb_column][\/et_pb_section]\n","protected":false},"excerpt":{"rendered":"<p>TRABALHANDO NA AMPCO UMA EMPRESA COMPROMETIDA EM INOVAR PRODUTOS E SERVI\u00c7OS AO CLIENTE POR MAIS DE 100 ANOS A AMPCO METAL, baseada na Su\u00ed\u00e7a, \u00e9 l\u00edder mundial em produ\u00e7\u00e3o e distribui\u00e7\u00e3o de ligas especiais de cobres e pe\u00e7as de engenharia. Nossa equipe se dedica a fornecer os melhores produtos e servi\u00e7os a cada um de [&hellip;]<\/p>\n","protected":false},"author":1,"featured_media":0,"parent":52971,"menu_order":0,"comment_status":"closed","ping_status":"closed","template":"","meta":{"_et_pb_use_builder":"on","_et_pb_old_content":"","_et_gb_content_width":"","inline_featured_image":false,"footnotes":"","_links_to":"","_links_to_target":""},"class_list":["post-52970","page","type-page","status-publish","hentry"],"acf":[],"aioseo_notices":[],"_links":{"self":[{"href":"https:\/\/www.ampcometal.com\/pt-br\/wp-json\/wp\/v2\/pages\/52970","targetHints":{"allow":["GET"]}}],"collection":[{"href":"https:\/\/www.ampcometal.com\/pt-br\/wp-json\/wp\/v2\/pages"}],"about":[{"href":"https:\/\/www.ampcometal.com\/pt-br\/wp-json\/wp\/v2\/types\/page"}],"author":[{"embeddable":true,"href":"https:\/\/www.ampcometal.com\/pt-br\/wp-json\/wp\/v2\/users\/1"}],"replies":[{"embeddable":true,"href":"https:\/\/www.ampcometal.com\/pt-br\/wp-json\/wp\/v2\/comments?post=52970"}],"version-history":[{"count":3,"href":"https:\/\/www.ampcometal.com\/pt-br\/wp-json\/wp\/v2\/pages\/52970\/revisions"}],"predecessor-version":[{"id":68726,"href":"https:\/\/www.ampcometal.com\/pt-br\/wp-json\/wp\/v2\/pages\/52970\/revisions\/68726"}],"up":[{"embeddable":true,"href":"https:\/\/www.ampcometal.com\/pt-br\/wp-json\/wp\/v2\/pages\/52971"}],"wp:attachment":[{"href":"https:\/\/www.ampcometal.com\/pt-br\/wp-json\/wp\/v2\/media?parent=52970"}],"curies":[{"name":"wp","href":"https:\/\/api.w.org\/{rel}","templated":true}]}}