{"id":52929,"date":"2021-09-06T19:50:27","date_gmt":"2021-09-06T17:50:27","guid":{"rendered":"https:\/\/www.ampcometal.com\/tecnologia-microcast\/"},"modified":"2021-10-22T16:32:19","modified_gmt":"2021-10-22T14:32:19","slug":"tecnologia-microcast","status":"publish","type":"page","link":"https:\/\/www.ampcometal.com\/pt-br\/dados-tecnicos\/tecnologia-microcast\/","title":{"rendered":"Tecnologia Microcast\u00ae"},"content":{"rendered":"[et_pb_section fb_built=&#8221;1&#8243; specialty=&#8221;on&#8221; custom_padding_last_edited=&#8221;on|desktop&#8221; parallax_method_1=&#8221;off&#8221; parallax_method_2=&#8221;off&#8221; module_id_1=&#8221;product-page-sidebar-column&#8221; admin_label=&#8221;Section&#8221; _builder_version=&#8221;3.22&#8243; background_color=&#8221;#f7f7f7&#8243; custom_padding=&#8221;0px||0px|&#8221; custom_padding_tablet=&#8221;40px|||&#8221; custom_padding_phone=&#8221;&#8221; transparent_background=&#8221;off&#8221; make_fullwidth=&#8221;off&#8221; use_custom_width=&#8221;off&#8221; width_unit=&#8221;on&#8221; global_colors_info=&#8221;{}&#8221;][et_pb_column type=&#8221;1_3&#8243; _builder_version=&#8221;3.25&#8243; custom_padding=&#8221;|||&#8221; global_colors_info=&#8221;{}&#8221; custom_padding__hover=&#8221;|||&#8221;][et_pb_sidebar area=&#8221;technical_data_sidebar&#8221; disabled_on=&#8221;on|on|off&#8221; admin_label=&#8221;Sidebar&#8221; module_id=&#8221;inner-product-sidebar-module&#8221; _builder_version=&#8221;4.9.4&#8243; remove_border=&#8221;off&#8221; global_colors_info=&#8221;{}&#8221;][\/et_pb_sidebar][\/et_pb_column][et_pb_column type=&#8221;2_3&#8243; specialty_columns=&#8221;2&#8243; _builder_version=&#8221;3.25&#8243; custom_padding=&#8221;|||&#8221; global_colors_info=&#8221;{}&#8221; custom_padding__hover=&#8221;|||&#8221;][et_pb_row_inner custom_padding_last_edited=&#8221;on|desktop&#8221; admin_label=&#8221;Row&#8221; _builder_version=&#8221;3.25&#8243; custom_margin=&#8221;||0px|&#8221; custom_margin_tablet=&#8221;&#8221; custom_margin_phone=&#8221;&#8221; custom_margin_last_edited=&#8221;on|&#8221; custom_padding=&#8221;40px||0px|&#8221; custom_padding_tablet=&#8221;&#8221; custom_padding_phone=&#8221;&#8221; global_colors_info=&#8221;{}&#8221;][et_pb_column_inner saved_specialty_column_type=&#8221;2_3&#8243; _builder_version=&#8221;3.25&#8243; custom_padding=&#8221;|||&#8221; global_colors_info=&#8221;{}&#8221; custom_padding__hover=&#8221;|||&#8221;][et_pb_text admin_label=&#8221;Title&#8221; _builder_version=&#8221;3.27.4&#8243; text_letter_spacing=&#8221;0&#8243; text_line_height=&#8221;1.7&#8243; header_font_size=&#8221;30&#8243; header_letter_spacing=&#8221;0&#8243; header_line_height=&#8221;1&#8243; background_size=&#8221;initial&#8221; background_position=&#8221;top_left&#8221; background_repeat=&#8221;repeat&#8221; use_border_color=&#8221;off&#8221; border_color=&#8221;#ffffff&#8221; border_width=&#8221;1&#8243; border_style=&#8221;solid&#8221; global_colors_info=&#8221;{}&#8221;]\n<h2 class=\"entry-title\">TECNOLOGIA MICROCAST\u00ae<\/h2>\n[\/et_pb_text][\/et_pb_column_inner][\/et_pb_row_inner][et_pb_row_inner column_structure=&#8221;1_2,1_2&#8243; custom_padding_last_edited=&#8221;on|desktop&#8221; admin_label=&#8221;Row&#8221; _builder_version=&#8221;3.25&#8243; custom_margin_tablet=&#8221;||0px|&#8221; custom_margin_phone=&#8221;&#8221; custom_margin_last_edited=&#8221;on|tablet&#8221; custom_padding=&#8221;||0px|&#8221; custom_padding_tablet=&#8221;&#8221; custom_padding_phone=&#8221;&#8221; global_colors_info=&#8221;{}&#8221;][et_pb_column_inner type=&#8221;1_2&#8243; saved_specialty_column_type=&#8221;2_3&#8243; module_id=&#8221;microcast-logo-col&#8221; _builder_version=&#8221;3.25&#8243; custom_padding=&#8221;|||&#8221; global_colors_info=&#8221;{}&#8221; custom_padding__hover=&#8221;|||&#8221;][et_pb_image src=&#8221;https:\/\/www.ampcometal.com\/wp-content\/uploads\/2017\/01\/microcast.png&#8221; align_tablet=&#8221;center&#8221; align_phone=&#8221;&#8221; align_last_edited=&#8221;on|desktop&#8221; admin_label=&#8221;Image&#8221; _builder_version=&#8221;3.23&#8243; animation_style=&#8221;slide&#8221; animation_direction=&#8221;left&#8221; animation_duration=&#8221;500ms&#8221; animation_intensity_slide=&#8221;10%&#8221; use_border_color=&#8221;off&#8221; border_color=&#8221;#ffffff&#8221; border_style=&#8221;solid&#8221; animation=&#8221;left&#8221; sticky=&#8221;off&#8221; always_center_on_mobile=&#8221;on&#8221; global_colors_info=&#8221;{}&#8221;][\/et_pb_image][\/et_pb_column_inner][et_pb_column_inner type=&#8221;1_2&#8243; saved_specialty_column_type=&#8221;2_3&#8243; _builder_version=&#8221;3.25&#8243; custom_padding=&#8221;|||&#8221; global_colors_info=&#8221;{}&#8221; custom_padding__hover=&#8221;|||&#8221;][\/et_pb_column_inner][\/et_pb_row_inner][et_pb_row_inner column_structure=&#8221;1_2,1_2&#8243; use_custom_gutter=&#8221;on&#8221; gutter_width=&#8221;1&#8243; make_equal=&#8221;on&#8221; custom_padding_last_edited=&#8221;on|desktop&#8221; admin_label=&#8221;Row&#8221; module_class=&#8221;product-description-row&#8221; _builder_version=&#8221;3.25&#8243; custom_margin=&#8221;||60px|&#8221; custom_margin_tablet=&#8221;||50px|&#8221; custom_margin_phone=&#8221;&#8221; custom_margin_last_edited=&#8221;on|desktop&#8221; custom_padding=&#8221;||30px|&#8221; custom_padding_tablet=&#8221;||0px|&#8221; custom_padding_phone=&#8221;&#8221; custom_css_main_element=&#8221;border-bottom: solid 2px #e8e8e8;&#8221; global_colors_info=&#8221;{}&#8221;][et_pb_column_inner type=&#8221;1_2&#8243; saved_specialty_column_type=&#8221;2_3&#8243; module_class=&#8221;product-description-col-text&#8221; _builder_version=&#8221;3.25&#8243; custom_padding=&#8221;|||&#8221; custom_css_main_element=&#8221;width: 70%;&#8221; global_colors_info=&#8221;{}&#8221; custom_padding__hover=&#8221;|||&#8221;][et_pb_text admin_label=&#8221;Text&#8221; _builder_version=&#8221;3.27.4&#8243; background_size=&#8221;initial&#8221; background_position=&#8221;top_left&#8221; background_repeat=&#8221;repeat&#8221; custom_margin=&#8221;||30px|&#8221; custom_margin_tablet=&#8221;&#8221; custom_margin_phone=&#8221;&#8221; custom_margin_last_edited=&#8221;on|&#8221; use_border_color=&#8221;off&#8221; border_color=&#8221;#ffffff&#8221; border_style=&#8221;solid&#8221; global_colors_info=&#8221;{}&#8221;]A AMPCO METAL produz uma s\u00e9rie de bronze alum\u00ednio de alta performance e ligas especiais de cobre atrav\u00e9s de uma tecnologia patenteada chamada MICROCAST\u00ae. A MICROCAST\u00ae \u00e9 fundamentada na exclusiva dire\u00e7\u00e3o magn\u00e9tica (Magnetohidrodin\u00e2mica) nos fornos de fundi\u00e7\u00e3o, que produz um gr\u00e3o extremamente fino com microestrutura uniforme que promove a dispers\u00e3o, criando qualidade e durabilidade consistentes.<\/p>\n<h4><span style=\"color: #f19a19;\">Vantagens\/Beneficios das ligas MICROCAST\u00ae AMPCO\u00ae<\/span><\/h4>\n<p>A patente MICROCAST\u00ae de processo cont\u00ednuo de fabrica\u00e7\u00e3o de barras redondas e retangulares, e tubos da AMPCO METAL, proporciona os seguintes benef\u00edcios:<br \/>\n[\/et_pb_text][et_pb_blurb title=&#8221;Gr\u00e3os mais finos e uniformes que os produtos standard.&#8221; image=&#8221;https:\/\/www.ampcometal.com\/wp-content\/uploads\/2017\/04\/checkmark.png&#8221; icon_placement=&#8221;left&#8221; image_max_width=&#8221;20px&#8221; admin_label=&#8221;Blurb&#8221; _builder_version=&#8221;3.0.87&#8243; header_font_size=&#8221;14&#8243; background_size=&#8221;initial&#8221; background_position=&#8221;top_left&#8221; background_repeat=&#8221;repeat&#8221; max_width_tablet=&#8221;&#8221; max_width_phone=&#8221;&#8221; max_width_last_edited=&#8221;on|&#8221; custom_margin=&#8221;||20px|&#8221; custom_margin_tablet=&#8221;&#8221; custom_margin_phone=&#8221;&#8221; custom_margin_last_edited=&#8221;on|&#8221; animation=&#8221;off&#8221; header_font_size_tablet=&#8221;&#8221; header_font_size_phone=&#8221;&#8221; header_font_size_last_edited=&#8221;on|&#8221; custom_css_blurb_image=&#8221;vertical-align: middle;||&#8221; custom_css_blurb_title=&#8221;margin-left: -10px;||margin-bottom: -5px;&#8221; use_border_color=&#8221;off&#8221; border_color=&#8221;#ffffff&#8221; border_style=&#8221;solid&#8221; global_colors_info=&#8221;{}&#8221;][\/et_pb_blurb][et_pb_blurb title=&#8221;Propriedades est\u00e1veis sob a varia\u00e7\u00e3o de temperatura e condi\u00e7\u00f5es de trabalho, equivalentes aos similares forjados.&#8221; image=&#8221;https:\/\/www.ampcometal.com\/wp-content\/uploads\/2017\/04\/checkmark.png&#8221; icon_placement=&#8221;left&#8221; image_max_width=&#8221;20px&#8221; admin_label=&#8221;Blurb&#8221; _builder_version=&#8221;3.0.87&#8243; header_font_size=&#8221;14&#8243; background_size=&#8221;initial&#8221; background_position=&#8221;top_left&#8221; background_repeat=&#8221;repeat&#8221; max_width_tablet=&#8221;&#8221; max_width_phone=&#8221;&#8221; max_width_last_edited=&#8221;on|&#8221; custom_margin=&#8221;||20px|&#8221; custom_margin_tablet=&#8221;&#8221; custom_margin_phone=&#8221;&#8221; custom_margin_last_edited=&#8221;on|&#8221; animation=&#8221;off&#8221; header_font_size_tablet=&#8221;&#8221; header_font_size_phone=&#8221;&#8221; header_font_size_last_edited=&#8221;on|&#8221; custom_css_blurb_image=&#8221;vertical-align: middle;||&#8221; custom_css_blurb_title=&#8221;margin-left: -10px;||margin-bottom: -5px;&#8221; use_border_color=&#8221;off&#8221; border_color=&#8221;#ffffff&#8221; border_style=&#8221;solid&#8221; global_colors_info=&#8221;{}&#8221;][\/et_pb_blurb][et_pb_blurb title=&#8221;Alta resist\u00eancia, permitindo que os componentes sejam fabricados em dimens\u00f5es menores, economizando material.&#8221; image=&#8221;https:\/\/www.ampcometal.com\/wp-content\/uploads\/2017\/04\/checkmark.png&#8221; icon_placement=&#8221;left&#8221; image_max_width=&#8221;20px&#8221; admin_label=&#8221;Blurb&#8221; _builder_version=&#8221;3.0.87&#8243; header_font_size=&#8221;14&#8243; background_size=&#8221;initial&#8221; background_position=&#8221;top_left&#8221; background_repeat=&#8221;repeat&#8221; max_width_tablet=&#8221;&#8221; max_width_phone=&#8221;&#8221; max_width_last_edited=&#8221;on|&#8221; custom_margin=&#8221;||20px|&#8221; custom_margin_tablet=&#8221;&#8221; custom_margin_phone=&#8221;&#8221; custom_margin_last_edited=&#8221;on|&#8221; animation=&#8221;off&#8221; header_font_size_tablet=&#8221;&#8221; header_font_size_phone=&#8221;&#8221; header_font_size_last_edited=&#8221;on|&#8221; custom_css_blurb_image=&#8221;vertical-align: middle;||&#8221; custom_css_blurb_title=&#8221;margin-left: -10px;||margin-bottom: -5px;&#8221; use_border_color=&#8221;off&#8221; border_color=&#8221;#ffffff&#8221; border_style=&#8221;solid&#8221; global_colors_info=&#8221;{}&#8221;][\/et_pb_blurb][et_pb_blurb title=&#8221;Alta resist\u00eancia \u00e0 tra\u00e7\u00e3o e fadiga mec\u00e2nica quando aplicado para a fabrica\u00e7\u00e3o de materias de rolamento ou buchas de deslize.&#8221; image=&#8221;https:\/\/www.ampcometal.com\/wp-content\/uploads\/2017\/04\/checkmark.png&#8221; icon_placement=&#8221;left&#8221; image_max_width=&#8221;20px&#8221; admin_label=&#8221;Blurb&#8221; _builder_version=&#8221;3.0.87&#8243; header_font_size=&#8221;14&#8243; background_size=&#8221;initial&#8221; background_position=&#8221;top_left&#8221; background_repeat=&#8221;repeat&#8221; max_width_tablet=&#8221;&#8221; max_width_phone=&#8221;&#8221; max_width_last_edited=&#8221;on|&#8221; custom_margin=&#8221;||20px|&#8221; custom_margin_tablet=&#8221;&#8221; custom_margin_phone=&#8221;&#8221; custom_margin_last_edited=&#8221;on|&#8221; animation=&#8221;off&#8221; header_font_size_tablet=&#8221;&#8221; header_font_size_phone=&#8221;&#8221; header_font_size_last_edited=&#8221;on|&#8221; custom_css_blurb_image=&#8221;vertical-align: middle;||&#8221; custom_css_blurb_title=&#8221;margin-left: -10px;||margin-bottom: -5px;&#8221; use_border_color=&#8221;off&#8221; border_color=&#8221;#ffffff&#8221; border_style=&#8221;solid&#8221; global_colors_info=&#8221;{}&#8221;][\/et_pb_blurb][et_pb_blurb title=&#8221;Excelente resist\u00eancia ao desgaste quando devidamente lubrificado.&#8221; image=&#8221;https:\/\/www.ampcometal.com\/wp-content\/uploads\/2017\/04\/checkmark.png&#8221; icon_placement=&#8221;left&#8221; image_max_width=&#8221;20px&#8221; admin_label=&#8221;Blurb&#8221; _builder_version=&#8221;3.0.87&#8243; header_font_size=&#8221;14&#8243; background_size=&#8221;initial&#8221; background_position=&#8221;top_left&#8221; background_repeat=&#8221;repeat&#8221; max_width_tablet=&#8221;&#8221; max_width_phone=&#8221;&#8221; max_width_last_edited=&#8221;on|&#8221; custom_margin=&#8221;||20px|&#8221; custom_margin_tablet=&#8221;&#8221; custom_margin_phone=&#8221;&#8221; custom_margin_last_edited=&#8221;on|&#8221; animation=&#8221;off&#8221; header_font_size_tablet=&#8221;&#8221; header_font_size_phone=&#8221;&#8221; header_font_size_last_edited=&#8221;on|&#8221; custom_css_blurb_image=&#8221;vertical-align: middle;||&#8221; custom_css_blurb_title=&#8221;margin-left: -10px;||margin-bottom: -5px;&#8221; use_border_color=&#8221;off&#8221; border_color=&#8221;#ffffff&#8221; border_style=&#8221;solid&#8221; global_colors_info=&#8221;{}&#8221;][\/et_pb_blurb][\/et_pb_column_inner][et_pb_column_inner type=&#8221;1_2&#8243; saved_specialty_column_type=&#8221;2_3&#8243; module_class=&#8221;product-description-col-image&#8221; _builder_version=&#8221;3.25&#8243; custom_padding=&#8221;|||20px&#8221; custom_css_main_element=&#8221;width: 30%;&#8221; global_colors_info=&#8221;{}&#8221; custom_padding__hover=&#8221;|||&#8221;][et_pb_code admin_label=&#8221;CSS for imgs below&#8221; global_colors_info=&#8221;{}&#8221;]\n<style><!-- [et_pb_line_break_holder] -->@media only screen and (min-width:600px) and (max-width:980px) {<!-- [et_pb_line_break_holder] -->.product-description-col-image {<!-- [et_pb_line_break_holder] -->display: flex;<!-- [et_pb_line_break_holder] -->justify-content: space-between;<!-- [et_pb_line_break_holder] -->align-items: flex-end:<!-- [et_pb_line_break_holder] -->padding-left: 0 !important;<!-- [et_pb_line_break_holder] -->}<!-- [et_pb_line_break_holder] -->.image-block-1 { margin-top: 0 !important; }<!-- [et_pb_line_break_holder] -->.image-block-2 h5 { min-height: 48px; }<!-- [et_pb_line_break_holder] -->}<!-- [et_pb_line_break_holder] --><!-- [et_pb_line_break_holder] -->@media (max-width:980px) {<!-- [et_pb_line_break_holder] -->.image-block-1 {border: none !important; }<!-- [et_pb_line_break_holder] -->.product-description-col-image { margin-top: 40px; }<!-- [et_pb_line_break_holder] -->}<!-- [et_pb_line_break_holder] --><!-- [et_pb_line_break_holder] -->@media (max-width:599px) {<!-- [et_pb_line_break_holder] -->.image-block-2 { margin-top: 48px; }<!-- [et_pb_line_break_holder] -->}<!-- [et_pb_line_break_holder] --><\/style>\n[\/et_pb_code][et_pb_text disabled_on=&#8221;off|off|&#8221; admin_label=&#8221;Image&#8221; module_class=&#8221;image-block-1&#8243; _builder_version=&#8221;3.27.4&#8243; background_size=&#8221;initial&#8221; background_position=&#8221;top_left&#8221; background_repeat=&#8221;repeat&#8221; text_orientation=&#8221;center&#8221; module_alignment=&#8221;center&#8221; custom_margin=&#8221;||30px|&#8221; custom_padding=&#8221;||30px|&#8221; custom_padding_tablet=&#8221;||0px|&#8221; custom_padding_phone=&#8221;&#8221; custom_padding_last_edited=&#8221;on|tablet&#8221; custom_css_main_element=&#8221;border-bottom: 2px solid #e8e8e8;&#8221; use_border_color=&#8221;off&#8221; border_color=&#8221;#ffffff&#8221; border_style=&#8221;solid&#8221; global_colors_info=&#8221;{}&#8221;]\n<h5 style=\"text-align: center;\">\n            <span style=\"color: #f19a19;\">Bronze Comercial<\/span><\/p>\n<p>            <span style=\"color: #f19a19;\">Elenco Padr\u00e3o<\/span><br \/>\n          <\/h5>\n<p>          <img loading=\"lazy\" decoding=\"async\" class=\"size-full wp-image-651 aligncenter\" src=\"https:\/\/www.ampcometal.com\/wp-content\/uploads\/2017\/01\/Rough-grain.png\" alt=\"\" width=\"283\" height=\"150\"><br \/>\n[\/et_pb_text][et_pb_text disabled_on=&#8221;off|off|&#8221; admin_label=&#8221;Image&#8221; module_class=&#8221;image-block-2&#8243; _builder_version=&#8221;3.27.4&#8243; background_size=&#8221;initial&#8221; background_position=&#8221;top_left&#8221; background_repeat=&#8221;repeat&#8221; text_orientation=&#8221;center&#8221; module_alignment=&#8221;center&#8221; use_border_color=&#8221;off&#8221; border_color=&#8221;#ffffff&#8221; border_style=&#8221;solid&#8221; global_colors_info=&#8221;{}&#8221;]\n<h5 style=\"text-align: center;\">\n            <span style=\"color: #f19a19;\">AMPCO<sup> \u00ae<\/sup> Bronze<\/span><br \/>\n          <\/h5>\n<p>          <img loading=\"lazy\" decoding=\"async\" class=\"size-full wp-image-639 aligncenter\" src=\"https:\/\/www.ampcometal.com\/wp-content\/uploads\/2017\/01\/Fone-grain.png\" alt=\"\" width=\"283\" height=\"152\"><br \/>\n[\/et_pb_text][\/et_pb_column_inner][\/et_pb_row_inner][\/et_pb_column][\/et_pb_section]\n","protected":false},"excerpt":{"rendered":"<p>TECNOLOGIA MICROCAST\u00ae A AMPCO METAL produz uma s\u00e9rie de bronze alum\u00ednio de alta performance e ligas especiais de cobre atrav\u00e9s de uma tecnologia patenteada chamada MICROCAST\u00ae. A MICROCAST\u00ae \u00e9 fundamentada na exclusiva dire\u00e7\u00e3o magn\u00e9tica (Magnetohidrodin\u00e2mica) nos fornos de fundi\u00e7\u00e3o, que produz um gr\u00e3o extremamente fino com microestrutura uniforme que promove a dispers\u00e3o, criando qualidade e [&hellip;]<\/p>\n","protected":false},"author":1,"featured_media":0,"parent":52939,"menu_order":0,"comment_status":"closed","ping_status":"closed","template":"","meta":{"_et_pb_use_builder":"on","_et_pb_old_content":"","_et_gb_content_width":"","inline_featured_image":false,"footnotes":"","_links_to":"","_links_to_target":""},"class_list":["post-52929","page","type-page","status-publish","hentry"],"acf":[],"aioseo_notices":[],"_links":{"self":[{"href":"https:\/\/www.ampcometal.com\/pt-br\/wp-json\/wp\/v2\/pages\/52929","targetHints":{"allow":["GET"]}}],"collection":[{"href":"https:\/\/www.ampcometal.com\/pt-br\/wp-json\/wp\/v2\/pages"}],"about":[{"href":"https:\/\/www.ampcometal.com\/pt-br\/wp-json\/wp\/v2\/types\/page"}],"author":[{"embeddable":true,"href":"https:\/\/www.ampcometal.com\/pt-br\/wp-json\/wp\/v2\/users\/1"}],"replies":[{"embeddable":true,"href":"https:\/\/www.ampcometal.com\/pt-br\/wp-json\/wp\/v2\/comments?post=52929"}],"version-history":[{"count":0,"href":"https:\/\/www.ampcometal.com\/pt-br\/wp-json\/wp\/v2\/pages\/52929\/revisions"}],"up":[{"embeddable":true,"href":"https:\/\/www.ampcometal.com\/pt-br\/wp-json\/wp\/v2\/pages\/52939"}],"wp:attachment":[{"href":"https:\/\/www.ampcometal.com\/pt-br\/wp-json\/wp\/v2\/media?parent=52929"}],"curies":[{"name":"wp","href":"https:\/\/api.w.org\/{rel}","templated":true}]}}