{"id":52919,"date":"2021-09-06T19:50:24","date_gmt":"2021-09-06T17:50:24","guid":{"rendered":"https:\/\/www.ampcometal.com\/alcancar\/"},"modified":"2021-10-26T11:15:55","modified_gmt":"2021-10-26T09:15:55","slug":"reach","status":"publish","type":"page","link":"https:\/\/www.ampcometal.com\/pt-br\/empresa\/trabalhando-com-ampco\/reach\/","title":{"rendered":"REACH"},"content":{"rendered":"[et_pb_section fb_built=&#8221;1&#8243; specialty=&#8221;on&#8221; custom_padding_last_edited=&#8221;on|desktop&#8221; parallax_method_1=&#8221;off&#8221; parallax_method_2=&#8221;off&#8221; module_id_1=&#8221;product-page-sidebar-column&#8221; admin_label=&#8221;Section&#8221; _builder_version=&#8221;3.22&#8243; background_color=&#8221;#f7f7f7&#8243; custom_padding=&#8221;0px||0px|&#8221; custom_padding_tablet=&#8221;40px|||&#8221; custom_padding_phone=&#8221;&#8221; transparent_background=&#8221;off&#8221; make_fullwidth=&#8221;off&#8221; use_custom_width=&#8221;off&#8221; width_unit=&#8221;on&#8221; global_colors_info=&#8221;{}&#8221;][et_pb_column type=&#8221;1_3&#8243; _builder_version=&#8221;3.25&#8243; custom_padding=&#8221;|||&#8221; global_colors_info=&#8221;{}&#8221; custom_padding__hover=&#8221;|||&#8221;][et_pb_sidebar area=&#8221;company_sidebar&#8221; disabled_on=&#8221;on|on|off&#8221; admin_label=&#8221;Sidebar&#8221; module_id=&#8221;inner-product-sidebar-module&#8221; _builder_version=&#8221;4.10.6&#8243; remove_border=&#8221;off&#8221; global_colors_info=&#8221;{}&#8221;][\/et_pb_sidebar][\/et_pb_column][et_pb_column type=&#8221;2_3&#8243; specialty_columns=&#8221;2&#8243; _builder_version=&#8221;3.25&#8243; custom_padding=&#8221;|||&#8221; global_colors_info=&#8221;{}&#8221; custom_padding__hover=&#8221;|||&#8221;][et_pb_row_inner admin_label=&#8221;Row&#8221; _builder_version=&#8221;3.25&#8243; global_colors_info=&#8221;{}&#8221;][et_pb_column_inner saved_specialty_column_type=&#8221;2_3&#8243; _builder_version=&#8221;3.25&#8243; custom_padding=&#8221;|||&#8221; global_colors_info=&#8221;{}&#8221; custom_padding__hover=&#8221;|||&#8221;][et_pb_text admin_label=&#8221;Title&#8221; _builder_version=&#8221;3.27.4&#8243; text_letter_spacing=&#8221;0&#8243; text_line_height=&#8221;1.7&#8243; header_font_size=&#8221;30&#8243; header_letter_spacing=&#8221;0&#8243; header_line_height=&#8221;1&#8243; background_size=&#8221;initial&#8221; background_position=&#8221;top_left&#8221; background_repeat=&#8221;repeat&#8221; use_border_color=&#8221;off&#8221; border_color=&#8221;#ffffff&#8221; border_width=&#8221;1&#8243; border_style=&#8221;solid&#8221; global_colors_info=&#8221;{}&#8221;]\n<h2 class=\"entry-title\">REACH<br \/>\n(Autoriza\u00e7\u00e3o de Avalia\u00e7\u00e3o de Registro de Produtos Qu\u00edmicos)<\/h2>\n[\/et_pb_text][\/et_pb_column_inner][\/et_pb_row_inner][et_pb_row_inner custom_padding_last_edited=&#8221;on|tablet&#8221; admin_label=&#8221;Row&#8221; _builder_version=&#8221;3.25&#8243; custom_margin_tablet=&#8221;||40px|&#8221; custom_margin_phone=&#8221;&#8221; custom_margin_last_edited=&#8221;on|desktop&#8221; custom_padding=&#8221;0px||30px|&#8221; custom_padding_tablet=&#8221;&#8221; custom_padding_phone=&#8221;&#8221; custom_css_main_element=&#8221;border-bottom: solid 2px #e8e8e8;&#8221; global_colors_info=&#8221;{}&#8221;][et_pb_column_inner saved_specialty_column_type=&#8221;2_3&#8243; _builder_version=&#8221;3.25&#8243; custom_padding=&#8221;|||&#8221; global_colors_info=&#8221;{}&#8221; custom_padding__hover=&#8221;|||&#8221;][et_pb_text admin_label=&#8221;text&#8221; _builder_version=&#8221;3.27.4&#8243; text_letter_spacing=&#8221;0&#8243; text_line_height=&#8221;1.7&#8243; header_font_size=&#8221;30&#8243; header_letter_spacing=&#8221;0&#8243; header_line_height=&#8221;1&#8243; background_size=&#8221;initial&#8221; background_position=&#8221;top_left&#8221; background_repeat=&#8221;repeat&#8221; custom_margin_last_edited=&#8221;off|&#8221; custom_padding_last_edited=&#8221;off|&#8221; use_border_color=&#8221;off&#8221; border_color=&#8221;#ffffff&#8221; border_width=&#8221;1&#8243; border_style=&#8221;solid&#8221; global_colors_info=&#8221;{}&#8221;]A regulamenta\u00e7\u00e3o Europeia REACH (EG 1907\/2006) referente ao registro, avalia\u00e7\u00e3o, aprova\u00e7\u00e3o e restri\u00e7\u00f5es de produtos qu\u00edmicos entrou em vigor em 1 de junho de 2007. Esta recente regulamenta\u00e7\u00e3o tem como objetivo proporcionar um alto n\u00edvel de prote\u00e7\u00e3o e seguran\u00e7a tanto para a sa\u00fade humana e ao meio ambiente. A implementa\u00e7\u00e3o desta regulamenta\u00e7\u00e3o d\u00e1 um papel mais importante a preven\u00e7\u00e3o. A regulamenta\u00e7\u00e3o contempla, entre outras coisas, o registro dos materiais que tenham sido comercializados dentro da Uni\u00e3o Europeia, estabelecendo uma depend\u00eancia dos volumes com o per\u00edodo de transa\u00e7\u00e3o. Uma condi\u00e7\u00e3o previa para o cumprimento dos prazos dos pr\u00e9-registros destes materiais durante o per\u00edodo de 1 de junho at\u00e9 1 de dezembro de 2008. Com rela\u00e7\u00e3o a todas as quest\u00f5es relativas a implementa\u00e7\u00e3o desta regulamenta\u00e7\u00e3o dentro de nossa empresa, podem entrar em contato, a qualquer momento, com os especialistas de nossa equipe REACH no seguinte endere\u00e7o eletr\u00f4nico:<a href=\"mailto:reach@ampcometal.com\"> reach@ampcometal.com<\/a>.<br \/>\n[\/et_pb_text][\/et_pb_column_inner][\/et_pb_row_inner][\/et_pb_column][\/et_pb_section]\n","protected":false},"excerpt":{"rendered":"<p>REACH (Autoriza\u00e7\u00e3o de Avalia\u00e7\u00e3o de Registro de Produtos Qu\u00edmicos) A regulamenta\u00e7\u00e3o Europeia REACH (EG 1907\/2006) referente ao registro, avalia\u00e7\u00e3o, aprova\u00e7\u00e3o e restri\u00e7\u00f5es de produtos qu\u00edmicos entrou em vigor em 1 de junho de 2007. Esta recente regulamenta\u00e7\u00e3o tem como objetivo proporcionar um alto n\u00edvel de prote\u00e7\u00e3o e seguran\u00e7a tanto para a sa\u00fade humana e ao [&hellip;]<\/p>\n","protected":false},"author":1,"featured_media":0,"parent":53328,"menu_order":0,"comment_status":"closed","ping_status":"closed","template":"","meta":{"_et_pb_use_builder":"on","_et_pb_old_content":"","_et_gb_content_width":"","inline_featured_image":false,"footnotes":"","_links_to":"","_links_to_target":""},"class_list":["post-52919","page","type-page","status-publish","hentry"],"acf":[],"aioseo_notices":[],"_links":{"self":[{"href":"https:\/\/www.ampcometal.com\/pt-br\/wp-json\/wp\/v2\/pages\/52919","targetHints":{"allow":["GET"]}}],"collection":[{"href":"https:\/\/www.ampcometal.com\/pt-br\/wp-json\/wp\/v2\/pages"}],"about":[{"href":"https:\/\/www.ampcometal.com\/pt-br\/wp-json\/wp\/v2\/types\/page"}],"author":[{"embeddable":true,"href":"https:\/\/www.ampcometal.com\/pt-br\/wp-json\/wp\/v2\/users\/1"}],"replies":[{"embeddable":true,"href":"https:\/\/www.ampcometal.com\/pt-br\/wp-json\/wp\/v2\/comments?post=52919"}],"version-history":[{"count":0,"href":"https:\/\/www.ampcometal.com\/pt-br\/wp-json\/wp\/v2\/pages\/52919\/revisions"}],"up":[{"embeddable":true,"href":"https:\/\/www.ampcometal.com\/pt-br\/wp-json\/wp\/v2\/pages\/53328"}],"wp:attachment":[{"href":"https:\/\/www.ampcometal.com\/pt-br\/wp-json\/wp\/v2\/media?parent=52919"}],"curies":[{"name":"wp","href":"https:\/\/api.w.org\/{rel}","templated":true}]}}