{"id":55098,"date":"2021-09-14T09:53:48","date_gmt":"2021-09-14T07:53:48","guid":{"rendered":"https:\/\/www.ampcometal.com\/products\/%product_category%\/ampco-673\/"},"modified":"2024-03-18T13:00:20","modified_gmt":"2024-03-18T11:00:20","slug":"ampco-673","status":"publish","type":"product","link":"https:\/\/www.ampcometal.com\/it\/prodotti\/altre-leghe-di-rame\/ampco-673\/","title":{"rendered":"AMPCO\u00ae 673"},"content":{"rendered":"<ul>\n<li><strong>Eccezionale forgiabilit\u00e0 a caldo:<\/strong> Questo bronzo alluminato ha un indice di forgiabilit\u00e0 a caldo pari a 100, che lo rende altamente malleabile per la formazione di vari componenti.<\/li>\n<li data-gc-list-depth=\"1\" data-gc-list-style=\"bullet\"><strong>Lavorabilit\u00e0 impressionante:<\/strong> Con un indice di lavorabilit\u00e0 dell&#8217;80%, questa lega offre una facile personalizzazione pur mantenendo prestazioni robuste.<\/li>\n<li data-gc-list-depth=\"1\" data-gc-list-style=\"bullet\"><strong>Applicazioni versatili:<\/strong> Pu\u00f2 essere utilizzato in un&#8217;ampia gamma di applicazioni, tra cui boccole, ingranaggi, camme, dadi e bulloni, bielle, alberi folli, ingranaggi a vite senza fine, dita di alimentazione e viti a testa cilindrica.<\/li>\n<li data-gc-list-depth=\"1\" data-gc-list-style=\"bullet\"><strong>Ideale per ambienti corrosivi:<\/strong> Le sue propriet\u00e0 uniche lo rendono adatto alle applicazioni che richiedono affidabilit\u00e0 e durata in ambienti corrosivi.<\/li>\n<\/ul>\n<h5>Propriet\u00e0 e specifiche di AMPCO\u00ae 673<\/h5>\n<p><\/br><br \/>\nAMPCO\u00ae 673 \u00e8 una lega superiore di bronzo all&#8217;alluminio nota per le sue notevoli propriet\u00e0. Con un eccellente grado di forgiatura a caldo pari a 100, \u00e8 la scelta preferita per le applicazioni che richiedono un&#8217;ampia <a href=\"https:\/\/www.ampcometal.com\/applications\/metal-forming\/\">formatura<\/a>. Inoltre, la lega offre un&#8217;eccezionale lavorabilit\u00e0, con un&#8217;impressionante percentuale dell&#8217;80%, che la rende facile da personalizzare. Questo bronzo all&#8217;alluminio condivide le caratteristiche di base con <a href=\"https:\/\/www.ampcometal.com\/products\/other-alloys\/ampco-674\/\">AMPCO\u00ae 674<\/a>, entrambe leghe di zinco-manganese-silicio-piombo-rame progettate per condizioni uniche. In particolare, AMPCO\u00ae 673 ha un contenuto di piombo pi\u00f9 elevato, che migliora la lavorabilit\u00e0 mantenendo prestazioni robuste. La sua versatilit\u00e0 lo rende ideale per un&#8217;ampia gamma di applicazioni, tra cui boccole, ingranaggi, camme, dadi e bulloni, bielle, alberi folli, ingranaggi a vite, dita di alimentazione e viti con dado.<\/p>\n<h5>Applicazioni di AMPCO\u00ae 673<\/h5>\n<p><\/br><br \/>\nIl bronzo all&#8217;alluminio AMPCO\u00ae 673 trova applicazioni versatili in un&#8217;ampia gamma di settori. La sua eccezionale forgiatura a caldo e la sua lavorabilit\u00e0 lo rendono una scelta eccellente per la formatura di vari componenti come boccole, ingranaggi, camme, dadi e bulloni, bielle, alberi folli, ingranaggi a vite, dita di alimentazione e viti con dado. L&#8217;esclusiva miscela di propriet\u00e0 di questa lega, tra cui l&#8217;elevato contenuto di piombo, garantisce una lavorazione precisa mantenendo prestazioni robuste. Di conseguenza, questa lega \u00e8 ideale per i cuscinetti e le applicazioni in uscita corrosiva, garantendo affidabilit\u00e0 e durata in ambienti difficili.<\/p>\n","protected":false},"featured_media":66758,"template":"","meta":{"_et_pb_use_builder":"","_et_pb_old_content":"","_et_gb_content_width":"","inline_featured_image":false,"_links_to":"","_links_to_target":""},"product_category":[492],"product_type":[507],"product_shape":[648],"class_list":["post-55098","product","type-product","status-publish","has-post-thumbnail","hentry","product_category-altre-leghe-di-rame"],"acf":[],"aioseo_notices":[],"_links":{"self":[{"href":"https:\/\/www.ampcometal.com\/it\/wp-json\/wp\/v2\/product\/55098","targetHints":{"allow":["GET"]}}],"collection":[{"href":"https:\/\/www.ampcometal.com\/it\/wp-json\/wp\/v2\/product"}],"about":[{"href":"https:\/\/www.ampcometal.com\/it\/wp-json\/wp\/v2\/types\/product"}],"wp:featuredmedia":[{"embeddable":true,"href":"https:\/\/www.ampcometal.com\/it\/wp-json\/wp\/v2\/media\/66758"}],"wp:attachment":[{"href":"https:\/\/www.ampcometal.com\/it\/wp-json\/wp\/v2\/media?parent=55098"}],"wp:term":[{"taxonomy":"product_category","embeddable":true,"href":"https:\/\/www.ampcometal.com\/it\/wp-json\/wp\/v2\/product_category?post=55098"},{"taxonomy":"product_type","embeddable":true,"href":"https:\/\/www.ampcometal.com\/it\/wp-json\/wp\/v2\/product_type?post=55098"},{"taxonomy":"product_shape","embeddable":true,"href":"https:\/\/www.ampcometal.com\/it\/wp-json\/wp\/v2\/product_shape?post=55098"}],"curies":[{"name":"wp","href":"https:\/\/api.w.org\/{rel}","templated":true}]}}