{"id":55070,"date":"2021-09-14T09:53:38","date_gmt":"2021-09-14T07:53:38","guid":{"rendered":"https:\/\/www.ampcometal.com\/products\/%product_category%\/bronzo-alluminio\/"},"modified":"2024-12-17T12:53:55","modified_gmt":"2024-12-17T10:53:55","slug":"bronzo-alluminio","status":"publish","type":"product","link":"https:\/\/www.ampcometal.com\/it\/prodotti\/leghe-standard\/bronzo-alluminio\/","title":{"rendered":"Bronzo alluminio"},"content":{"rendered":"<p>Il nostro bronzo all&#8217;alluminio \u00e8 una lega versatile e ad alte prestazioni che offre un&#8217;impressionante gamma di propriet\u00e0 e specifiche. Le nostre leghe speciali combinano un&#8217;eccezionale resistenza meccanica, resistenza alla corrosione e duttilit\u00e0. Utilizzato in macchinari, corpi valvola, mozzi di eliche o piastre antiusura, il bronzo all&#8217;alluminio \u00e8 una scelta affidabile per le applicazioni pi\u00f9 impegnative. Su richiesta sono disponibili anche composizioni chimiche personalizzate, che ne fanno una soluzione flessibile per le esigenze pi\u00f9 specifiche.  <\/p>\n<ul>\n<li data-gc-list-depth=\"1\" data-gc-list-style=\"bullet\"><strong>Eccezionale resistenza alla corrosione: il<\/strong> bronzo all&#8217;alluminio offre una <a href=\"https:\/\/www.ampcometal.com\/applications\/corrosion-resistance\/\">resistenza alla corrosione<\/a> superiore, che lo rende adatto all&#8217;uso in una variet\u00e0 di ambienti, comprese le applicazioni marine e chimiche.<\/li>\n<li data-gc-list-depth=\"1\" data-gc-list-style=\"bullet\"><strong>Elevata resistenza meccanica:<\/strong> Questa lega ha un&#8217;impressionante resistenza meccanica, che la rende ideale per le applicazioni che richiedono durata e capacit\u00e0 di carico.<\/li>\n<li data-gc-list-depth=\"1\" data-gc-list-style=\"bullet\"><strong>Eccellente duttilit\u00e0: <\/strong>Combina la resistenza con un&#8217;eccellente duttilit\u00e0, che gli consente di resistere alle sollecitazioni meccaniche e alle deformazioni senza compromettere l&#8217;integrit\u00e0.<\/li>\n<\/ul>\n<p><strong>Versatilit\u00e0 e personalizzazione:<\/strong> Disponibile in diverse leghe, \u00e8 un materiale versatile che pu\u00f2 essere personalizzato per soddisfare i requisiti di prestazioni e applicazioni specifiche.  <\/p>\n<h5>Propriet\u00e0 e specifiche<\/h5>\n<p><\/br><\/p>\n<ul>\n<li>Disponibile in forme speciali come quelle a U\/L\/T.<\/li>\n<li>Barre rettangoli a partire da 8mm di spessore.<\/li>\n<li>Barre tonde da 20 mm a 212 mm di diametro.<\/li>\n<li>Tubi con spessore di parete min. da 8mm fino a OD 100mm.<\/li>\n<\/ul>\n<p>  Il Bronzo Alluminio AMPCO\u00ae \u00e8 un prodotto di qualit\u00e0 superiore in grado di offrire prestazioni per le applicazioni pi\u00f9 esigenti. Le leghe includono:  <\/p>\n<ul>\n<li>CuAl10Fe5Ni5<\/li>\n<li>CuAl10Fe2<\/li>\n<li>CuAl9<\/li>\n<li>CuAl10Ni3Fe2<\/li>\n<li>CuAl11Fe6Ni6<\/li>\n<\/ul>\n<p>  Composizioni chimiche specifiche o personalizzate sono disponibili su richiesta.  <\/p>\n<h5>Applicazioni del bronzo alluminio<\/h5>\n<p><\/br>  Il nostro bronzo all&#8217;alluminio trova un&#8217;ampia gamma di applicazioni grazie alle sue straordinarie propriet\u00e0. L&#8217;elevata forza meccanica, la <a href=\"https:\/\/www.ampcometal.com\/applications\/corrosion-resistance\/\">resistenza alla corrosione<\/a> e la duttilit\u00e0 ne fanno una scelta ideale per diversi settori industriali. Comunemente utilizzata nei macchinari, la nostra lega eccelle in applicazioni quali alberi, corpi valvola, mozzi di eliche, ingranaggi a vite e pale di eliche. La sua versatilit\u00e0 si estende alle piastre di usura, dove offre prestazioni robuste.<\/p>\n","protected":false},"featured_media":0,"template":"product-standard-alloy.php","meta":{"_et_pb_use_builder":"","_et_pb_old_content":"","_et_gb_content_width":"","inline_featured_image":false,"_links_to":"","_links_to_target":""},"product_category":[497],"product_type":[],"product_shape":[],"class_list":["post-55070","product","type-product","status-publish","hentry","product_category-leghe-standard"],"acf":[],"aioseo_notices":[],"_links":{"self":[{"href":"https:\/\/www.ampcometal.com\/it\/wp-json\/wp\/v2\/product\/55070","targetHints":{"allow":["GET"]}}],"collection":[{"href":"https:\/\/www.ampcometal.com\/it\/wp-json\/wp\/v2\/product"}],"about":[{"href":"https:\/\/www.ampcometal.com\/it\/wp-json\/wp\/v2\/types\/product"}],"wp:attachment":[{"href":"https:\/\/www.ampcometal.com\/it\/wp-json\/wp\/v2\/media?parent=55070"}],"wp:term":[{"taxonomy":"product_category","embeddable":true,"href":"https:\/\/www.ampcometal.com\/it\/wp-json\/wp\/v2\/product_category?post=55070"},{"taxonomy":"product_type","embeddable":true,"href":"https:\/\/www.ampcometal.com\/it\/wp-json\/wp\/v2\/product_type?post=55070"},{"taxonomy":"product_shape","embeddable":true,"href":"https:\/\/www.ampcometal.com\/it\/wp-json\/wp\/v2\/product_shape?post=55070"}],"curies":[{"name":"wp","href":"https:\/\/api.w.org\/{rel}","templated":true}]}}