{"id":55069,"date":"2021-09-14T09:53:37","date_gmt":"2021-09-14T07:53:37","guid":{"rendered":"https:\/\/www.ampcometal.com\/products\/%product_category%\/ampcoloy-940\/"},"modified":"2025-03-13T11:13:48","modified_gmt":"2025-03-13T09:13:48","slug":"ampcoloy-940","status":"publish","type":"product","link":"https:\/\/www.ampcometal.com\/it\/prodotti\/ampcoloy-leghe-di-rame-basso-legato\/ampcoloy-940\/","title":{"rendered":"AMPCOLOY\u00ae 940"},"content":{"rendered":"<ul>\n<li data-gc-list-depth=\"1\" data-gc-list-style=\"bullet\"><strong>Alta conduttivit\u00e0:<\/strong> Questa lega ad alto tenore di rame presenta un&#8217;eccezionale conducibilit\u00e0 elettrica e termica, che la rende ideale per le applicazioni in cui il trasferimento di calore e di energia \u00e8 fondamentale.<\/li>\n<li data-gc-list-depth=\"1\" data-gc-list-style=\"bullet\"><strong>Forza impressionante:<\/strong> Offre una notevole resistenza alla trazione e durezza, assicurando durata e longevit\u00e0 in ambienti industriali difficili.<\/li>\n<li data-gc-list-depth=\"1\" data-gc-list-style=\"bullet\"><strong>Conformit\u00e0 alla sicurezza<\/strong>: Sostituisce le leghe RWMA di Classe 3 senza berillio, soddisfacendo le severe normative in materia di salute e sicurezza per gli elementi pericolosi.<\/li>\n<li data-gc-list-depth=\"1\" data-gc-list-style=\"bullet\"><strong>Applicazioni versatili:<\/strong> \u00c8 un materiale versatile, adatto a un&#8217;ampia gamma di applicazioni, che lo rende la scelta migliore per una serie di settori in cui sicurezza e prestazioni sono fondamentali.<\/li>\n<\/ul>\n<h5>Propriet\u00e0 e specifiche<\/h5>\n<p>AMPCOLOY\u00ae 940 \u00e8 una <a href=\"https:\/\/www.ampcometal.com\/it\/prodotti\/ampcoloy-leghe-di-rame-basso-legato\/\">lega di rame ad alte prestazioni<\/a> progettata per eccellere in una variet\u00e0 di applicazioni industriali. Questa lega brevettata ha propriet\u00e0 eccezionali, tra cui un&#8217;elevata conducibilit\u00e0 elettrica e termica, che la rendono una scelta ideale per i componenti elettrici e di potenza. Con un&#8217;impressionante resistenza alla trazione e durezza, questa lega ad alto contenuto di rame garantisce durata e longevit\u00e0 in ambienti difficili. Inoltre, sostituisce le leghe RWMA di Classe 3 non alberiliche per soddisfare le severe normative in materia di salute e sicurezza. Questo materiale versatile \u00e8 adatto a un&#8217;ampia gamma di applicazioni, tra cui portaelettrodi, componenti di saldatura, punte di stantuffo e componenti per la generazione di energia, e rappresenta la scelta migliore per i settori in cui sicurezza e prestazioni sono fondamentali.<\/p>\n<h5>Applicazioni<\/h5>\n<p>AMPCOLOY\u00ae 940 \u00e8 utilizzato in un&#8217;ampia gamma di settori grazie alle sue propriet\u00e0 superiori. Questa lega di bronzo ad alta conducibilit\u00e0 \u00e8 ampiamente utilizzata nella produzione di portaelettrodi, componenti per la saldatura, come elettrodi per la saldatura a punti e dischi per la saldatura di cordoni, e varie matrici per la saldatura di acciaio inossidabile e Monel\u00ae. Svolge inoltre un ruolo fondamentale nelle macchine per la pressofusione di alluminio a camera fredda, dove la durata e la resistenza al calore sono fondamentali. Inoltre, \u00e8 una scelta eccellente per lo stampaggio a iniezione di materie plastiche, compresi gli ugelli di iniezione e i perni di raffreddamento, e per la produzione di tamburi dei freni per i rulli di avvolgimento della carta. La sua ampia gamma di applicazioni lo rende un materiale indispensabile per le industrie che cercano prestazioni superiori e conformit\u00e0 alla sicurezza.<\/p>\n","protected":false},"featured_media":66752,"template":"","meta":{"_et_pb_use_builder":"","_et_pb_old_content":"","_et_gb_content_width":"","inline_featured_image":false,"_links_to":"","_links_to_target":""},"product_category":[480],"product_type":[617,507,531],"product_shape":[627,632,638,648],"class_list":["post-55069","product","type-product","status-publish","has-post-thumbnail","hentry","product_category-ampcoloy-leghe-di-rame-basso-legato"],"acf":[],"aioseo_notices":[],"_links":{"self":[{"href":"https:\/\/www.ampcometal.com\/it\/wp-json\/wp\/v2\/product\/55069","targetHints":{"allow":["GET"]}}],"collection":[{"href":"https:\/\/www.ampcometal.com\/it\/wp-json\/wp\/v2\/product"}],"about":[{"href":"https:\/\/www.ampcometal.com\/it\/wp-json\/wp\/v2\/types\/product"}],"wp:featuredmedia":[{"embeddable":true,"href":"https:\/\/www.ampcometal.com\/it\/wp-json\/wp\/v2\/media\/66752"}],"wp:attachment":[{"href":"https:\/\/www.ampcometal.com\/it\/wp-json\/wp\/v2\/media?parent=55069"}],"wp:term":[{"taxonomy":"product_category","embeddable":true,"href":"https:\/\/www.ampcometal.com\/it\/wp-json\/wp\/v2\/product_category?post=55069"},{"taxonomy":"product_type","embeddable":true,"href":"https:\/\/www.ampcometal.com\/it\/wp-json\/wp\/v2\/product_type?post=55069"},{"taxonomy":"product_shape","embeddable":true,"href":"https:\/\/www.ampcometal.com\/it\/wp-json\/wp\/v2\/product_shape?post=55069"}],"curies":[{"name":"wp","href":"https:\/\/api.w.org\/{rel}","templated":true}]}}