{"id":55043,"date":"2021-09-14T09:53:33","date_gmt":"2021-09-14T07:53:33","guid":{"rendered":"https:\/\/www.ampcometal.com\/products\/%product_category%\/ampcoloy-83\/"},"modified":"2024-07-22T14:44:40","modified_gmt":"2024-07-22T12:44:40","slug":"ampcoloy-83","status":"publish","type":"product","link":"https:\/\/www.ampcometal.com\/it\/prodotti\/ampcoloy-leghe-di-rame-basso-legato\/ampcoloy-83\/","title":{"rendered":"AMPCOLOY\u00ae 83"},"content":{"rendered":"<ul>\n<li data-gc-list-depth=\"1\" data-gc-list-style=\"bullet\"><strong>Propriet\u00e0 meccaniche eccezionali:<\/strong> AMPCOLOY\u00ae 83 presenta un&#8217;elevata durezza e una resistenza all&#8217;usura superiore, che lo rendono ideale per le applicazioni in cui la resistenza meccanica \u00e8 fondamentale.<\/li>\n<li data-gc-list-depth=\"1\" data-gc-list-style=\"bullet\"><strong>Eccellente conduttivit\u00e0 termica:<\/strong> Questa lega di rame berillio offre un&#8217;eccellente conduttivit\u00e0 termica, migliorando le prestazioni nelle applicazioni in cui la dissipazione del calore \u00e8 fondamentale.<\/li>\n<li data-gc-list-depth=\"1\" data-gc-list-style=\"bullet\"><strong>Resistenza alla corrosione: <\/strong>La lega offre un&#8217;eccellente resistenza alla corrosione, garantendo durata e longevit\u00e0, soprattutto in ambienti difficili.<\/li>\n<li data-gc-list-depth=\"1\" data-gc-list-style=\"bullet\"><strong>Versatilit\u00e0:<\/strong> Con una buona lavorabilit\u00e0 e riparabilit\u00e0 delle saldature, \u00e8 una lega versatile adatta a un&#8217;ampia gamma di applicazioni, dai componenti per stampi in plastica alle parti elettriche.<\/li>\n<\/ul>\n<h5>Propriet\u00e0 e specifiche<\/h5>\n<p> AMPCOLOY\u00ae 83 \u00e8 una lega di rame berillio di alta qualit\u00e0, nota per le sue eccezionali propriet\u00e0 e versatilit\u00e0. Questa lega contiene circa l&#8217;1,9% di berillio, che fornisce un&#8217;eccellente resistenza meccanica, tra cui un&#8217;elevata durezza e resistenza all&#8217;usura. Presenta inoltre una buona conducibilit\u00e0 elettrica e termica. Questa lega ad alto tenore di rame viene forgiata ed estrusa per ottenere le migliori propriet\u00e0 fisiche, rendendola adatta a un&#8217;ampia gamma di applicazioni. La resistenza alla corrosione, la lavorabilit\u00e0 e la possibilit\u00e0 di riparare le saldature ne fanno una scelta privilegiata per i settori che richiedono componenti con resistenza meccanica e conduttivit\u00e0. Con una conducibilit\u00e0 termica superiore, la lega migliora il tempo di ciclo e la durata dello stampo, in particolare nelle applicazioni di stampaggio della plastica, dove pu\u00f2 migliorare la durata dello stampo fino al 50% rispetto al rame-titanio. <\/p>\n<h5>Applicazioni<\/h5>\n<p> Grazie alle sue eccezionali propriet\u00e0, AMPCOLOY\u00ae 83 trova un&#8217;ampia gamma di applicazioni in diversi settori. Questa lega di rame berillio di alta qualit\u00e0 \u00e8 comunemente utilizzata nella costruzione di piastre di raffreddamento e inserti per stampi, perni di raffreddamento, anelli per il collo e piastre di fondo per gli stampi di soffiaggio utilizzati nella produzione di bottiglie di plastica. L&#8217;eccellente resistenza all&#8217;usura e le elevate propriet\u00e0 meccaniche, unite alla buona conducibilit\u00e0 elettrica e termica, ne fanno una scelta privilegiata per i componenti elettrici. Inoltre, la lega ad alto tenore di rame viene utilizzata in applicazioni come la saldatura di testa e di testa, dove la sua combinazione unica di propriet\u00e0 risulta vantaggiosa. Tuttavia, \u00e8 importante adottare precauzioni di sicurezza quando si lavora con AMPCOLOY\u00ae 83 a causa del suo contenuto di berillio, soprattutto durante le operazioni che possono generare polvere o fumi, come la molatura a secco, la lucidatura o la saldatura.<\/p>\n","protected":false},"featured_media":66752,"template":"","meta":{"_et_pb_use_builder":"","_et_pb_old_content":"","_et_gb_content_width":"","inline_featured_image":false,"_links_to":"","_links_to_target":""},"product_category":[480],"product_type":[507,531],"product_shape":[632,648],"class_list":["post-55043","product","type-product","status-publish","has-post-thumbnail","hentry","product_category-ampcoloy-leghe-di-rame-basso-legato"],"acf":[],"aioseo_notices":[],"_links":{"self":[{"href":"https:\/\/www.ampcometal.com\/it\/wp-json\/wp\/v2\/product\/55043","targetHints":{"allow":["GET"]}}],"collection":[{"href":"https:\/\/www.ampcometal.com\/it\/wp-json\/wp\/v2\/product"}],"about":[{"href":"https:\/\/www.ampcometal.com\/it\/wp-json\/wp\/v2\/types\/product"}],"wp:featuredmedia":[{"embeddable":true,"href":"https:\/\/www.ampcometal.com\/it\/wp-json\/wp\/v2\/media\/66752"}],"wp:attachment":[{"href":"https:\/\/www.ampcometal.com\/it\/wp-json\/wp\/v2\/media?parent=55043"}],"wp:term":[{"taxonomy":"product_category","embeddable":true,"href":"https:\/\/www.ampcometal.com\/it\/wp-json\/wp\/v2\/product_category?post=55043"},{"taxonomy":"product_type","embeddable":true,"href":"https:\/\/www.ampcometal.com\/it\/wp-json\/wp\/v2\/product_type?post=55043"},{"taxonomy":"product_shape","embeddable":true,"href":"https:\/\/www.ampcometal.com\/it\/wp-json\/wp\/v2\/product_shape?post=55043"}],"curies":[{"name":"wp","href":"https:\/\/api.w.org\/{rel}","templated":true}]}}