{"id":55013,"date":"2021-09-14T09:53:28","date_gmt":"2021-09-14T07:53:28","guid":{"rendered":"https:\/\/www.ampcometal.com\/products\/%product_category%\/ampco-26\/"},"modified":"2024-04-03T16:35:15","modified_gmt":"2024-04-03T14:35:15","slug":"ampco-26","status":"publish","type":"product","link":"https:\/\/www.ampcometal.com\/it\/prodotti\/bronzo-alluminio-ampco\/ampco-26\/","title":{"rendered":"AMPCO\u00ae 26"},"content":{"rendered":"<ul>\n<li data-gc-list-depth=\"1\" data-gc-list-style=\"bullet\"><strong>Durezza eccezionale:<\/strong> Questa lega di bronzo all&#8217;alluminio ha una notevole durezza, che la rende ideale per applicazioni in condizioni estreme.<\/li>\n<li data-gc-list-depth=\"1\" data-gc-list-style=\"bullet\"><strong>Durata:<\/strong> Nota per la sua superiore resistenza all&#8217;usura e alla corrosione, questa lega garantisce prestazioni di lunga durata.<\/li>\n<li data-gc-list-depth=\"1\" data-gc-list-style=\"bullet\"><strong>Tolleranza alle alte sollecitazioni:<\/strong> \u00c8 adatto ad applicazioni in condizioni di forte stress e pressione estrema.<\/li>\n<li data-gc-list-depth=\"1\" data-gc-list-style=\"bullet\"><strong>Applicazioni industriali specifiche:<\/strong> Eccelle in settori quali la lavorazione dei metalli, l&#8217;industria manifatturiera e altri ancora, dove le sue propriet\u00e0 uniche garantiscono risultati superiori.<\/li>\n<\/ul>\n<h5>Caratteristiche e specifiche<\/h5>\n<p><\/br><br \/>\nAMPCO\u00ae 26 \u00e8 una lega di bronzo duro ad alte prestazioni, brevettata, nota per le sue propriet\u00e0 e specifiche eccezionali. Questa lega unica ha una notevole durezza, che la rende adatta a condizioni estreme e ad applicazioni in cui la durata \u00e8 essenziale. Grazie all&#8217;eccezionale resistenza all&#8217;usura, alla corrosione e alle alte pressioni, la lega di bronzo \u00e8 la scelta migliore per gli stampi di trafilatura e i rulli di formatura in acciaio inossidabile. La sua composizione chimica e le sue propriet\u00e0 meccaniche, tra cui la durezza e la resistenza alla trazione, sono state accuratamente studiate per fornire risultati superiori in ambienti industriali difficili, rendendola una soluzione ideale per le applicazioni che richiedono resistenza e durata.<\/p>\n<h5>Applicazioni<\/h5>\n<p><\/br><br \/>\nAMPCO\u00ae 26 \u00e8 utilizzato principalmente in settori e scenari in cui sono fondamentali durezza e tenacit\u00e0 eccezionali. \u00c8 ampiamente utilizzato negli stampi per trafilatura dell&#8217;acciaio inossidabile, dove eccelle nel resistere alle alte pressioni e alle forze abrasive coinvolte nel processo di formatura del metallo. Inoltre, la lega di bronzo alluminato \u00e8 la scelta preferita per i rulli di formatura ad alta sollecitazione, dove la sua combinazione unica di propriet\u00e0 garantisce una durata di servizio prolungata e prestazioni affidabili. Le eccezionali propriet\u00e0 della lega la rendono una risorsa preziosa in settori quali la produzione, la lavorazione dei metalli e altri, dove rappresenta una soluzione affidabile per ambienti difficili e impegnativi.<\/p>\n","protected":false},"featured_media":66758,"template":"","meta":{"_et_pb_use_builder":"","_et_pb_old_content":"","_et_gb_content_width":"","inline_featured_image":false,"_links_to":"","_links_to_target":""},"product_category":[475],"product_type":[502,554,617,531],"product_shape":[],"class_list":["post-55013","product","type-product","status-publish","has-post-thumbnail","hentry","product_category-bronzo-alluminio-ampco"],"acf":[],"aioseo_notices":[],"_links":{"self":[{"href":"https:\/\/www.ampcometal.com\/it\/wp-json\/wp\/v2\/product\/55013","targetHints":{"allow":["GET"]}}],"collection":[{"href":"https:\/\/www.ampcometal.com\/it\/wp-json\/wp\/v2\/product"}],"about":[{"href":"https:\/\/www.ampcometal.com\/it\/wp-json\/wp\/v2\/types\/product"}],"wp:featuredmedia":[{"embeddable":true,"href":"https:\/\/www.ampcometal.com\/it\/wp-json\/wp\/v2\/media\/66758"}],"wp:attachment":[{"href":"https:\/\/www.ampcometal.com\/it\/wp-json\/wp\/v2\/media?parent=55013"}],"wp:term":[{"taxonomy":"product_category","embeddable":true,"href":"https:\/\/www.ampcometal.com\/it\/wp-json\/wp\/v2\/product_category?post=55013"},{"taxonomy":"product_type","embeddable":true,"href":"https:\/\/www.ampcometal.com\/it\/wp-json\/wp\/v2\/product_type?post=55013"},{"taxonomy":"product_shape","embeddable":true,"href":"https:\/\/www.ampcometal.com\/it\/wp-json\/wp\/v2\/product_shape?post=55013"}],"curies":[{"name":"wp","href":"https:\/\/api.w.org\/{rel}","templated":true}]}}