{"id":54962,"date":"2021-09-14T09:53:21","date_gmt":"2021-09-14T07:53:21","guid":{"rendered":"https:\/\/www.ampcometal.com\/products\/%product_category%\/ampco-18-23\/"},"modified":"2024-04-03T15:39:34","modified_gmt":"2024-04-03T13:39:34","slug":"ampco-18-23","status":"publish","type":"product","link":"https:\/\/www.ampcometal.com\/it\/prodotti\/bronzo-alluminio-ampco\/ampco-18-23\/","title":{"rendered":"AMPCO\u00ae 18.23"},"content":{"rendered":"<ul>\n<li data-gc-list-depth=\"1\" data-gc-list-style=\"bullet\"><strong>Eccezionale tenacit\u00e0:<\/strong> Presenta una notevole tenacit\u00e0, che gli consente di sopportare carichi pesanti e condizioni di impatto senza distorsioni.<\/li>\n<li data-gc-list-depth=\"1\" data-gc-list-style=\"bullet\"><strong>Lega ad alta resistenza:<\/strong> Con una resistenza alla trazione e una durezza superiori, eccelle nelle applicazioni che richiedono forza e durata.<\/li>\n<li data-gc-list-depth=\"1\" data-gc-list-style=\"bullet\"><strong>Eccellente resistenza all&#8217;usura:<\/strong> Questa lega di bronzo offre un&#8217;eccezionale resistenza all&#8217;usura, che la rende ideale per i componenti esposti ad attrito e abrasione.<\/li>\n<li data-gc-list-depth=\"1\" data-gc-list-style=\"bullet\"><strong>Applicazioni versatili:<\/strong> \u00c8 versatile e pu\u00f2 essere utilizzato in diversi settori, tra cui quello manifatturiero, aerospaziale, marino e delle attrezzature pesanti.<\/li>\n<\/ul>\n<h5>Propriet\u00e0 e specifiche<\/h5>\n<p><\/br><br \/>\nAMPCO\u00ae 18.23 \u00e8 una lega di bronzo ad alta resistenza nota per le sue eccezionali propriet\u00e0. Questa lega trattata termicamente ha propriet\u00e0 impressionanti, tra cui elevata durezza, resistenza alla trazione e all&#8217;usura, che la rendono ideale per le applicazioni industriali pi\u00f9 esigenti. Con propriet\u00e0 fisiche migliori rispetto a gradi di bronzo simili come AMPCO\u00ae 18 e AMPCO\u00ae 18.136, AMPCO\u00ae 18.23 si distingue come scelta superiore, offrendo una tenacit\u00e0 e una resistenza alla distorsione senza pari in condizioni di carico e impatto elevati. Il suo notevole limite proporzionale consente ai progettisti di sfruttare appieno la sua forza, rendendolo una soluzione eccellente per gli ingranaggi a vite senza fine per impieghi gravosi e altre applicazioni ad alta sollecitazione in vari settori.<\/p>\n<h5>Applicazioni<\/h5>\n<p><\/br><br \/>\nAMPCO\u00ae 18.23 \u00e8 utilizzato in un&#8217;ampia gamma di settori in cui sono essenziali un&#8217;elevata resistenza e prestazioni eccezionali. Questa straordinaria lega di bronzo eccelle negli ingranaggi a vite senza fine per impieghi gravosi e in applicazioni simili, grazie alla sua combinazione unica di tenacit\u00e0, resistenza all&#8217;usura e alla distorsione. La sua affidabilit\u00e0 sotto carichi pesanti e in ambienti difficili ne fa una scelta privilegiata per applicazioni nei settori manifatturiero, aerospaziale, navale e industriale. Utilizzata nei cuscinetti, negli ingranaggi o in altri componenti critici, questa lega di bronzo offre costantemente risultati superiori, rendendola un materiale essenziale per gli ingegneri e i progettisti che cercano il massimo livello di prestazioni per i loro progetti.<\/p>\n","protected":false},"featured_media":66734,"template":"","meta":{"_et_pb_use_builder":"","_et_pb_old_content":"","_et_gb_content_width":"","inline_featured_image":false,"_links_to":"","_links_to_target":""},"product_category":[475],"product_type":[502,554,617],"product_shape":[],"class_list":["post-54962","product","type-product","status-publish","has-post-thumbnail","hentry","product_category-bronzo-alluminio-ampco"],"acf":[],"aioseo_notices":[],"_links":{"self":[{"href":"https:\/\/www.ampcometal.com\/it\/wp-json\/wp\/v2\/product\/54962","targetHints":{"allow":["GET"]}}],"collection":[{"href":"https:\/\/www.ampcometal.com\/it\/wp-json\/wp\/v2\/product"}],"about":[{"href":"https:\/\/www.ampcometal.com\/it\/wp-json\/wp\/v2\/types\/product"}],"wp:featuredmedia":[{"embeddable":true,"href":"https:\/\/www.ampcometal.com\/it\/wp-json\/wp\/v2\/media\/66734"}],"wp:attachment":[{"href":"https:\/\/www.ampcometal.com\/it\/wp-json\/wp\/v2\/media?parent=54962"}],"wp:term":[{"taxonomy":"product_category","embeddable":true,"href":"https:\/\/www.ampcometal.com\/it\/wp-json\/wp\/v2\/product_category?post=54962"},{"taxonomy":"product_type","embeddable":true,"href":"https:\/\/www.ampcometal.com\/it\/wp-json\/wp\/v2\/product_type?post=54962"},{"taxonomy":"product_shape","embeddable":true,"href":"https:\/\/www.ampcometal.com\/it\/wp-json\/wp\/v2\/product_shape?post=54962"}],"curies":[{"name":"wp","href":"https:\/\/api.w.org\/{rel}","templated":true}]}}