{"id":54954,"date":"2021-09-14T09:53:19","date_gmt":"2021-09-14T07:53:19","guid":{"rendered":"https:\/\/www.ampcometal.com\/products\/%product_category%\/ampco-18\/"},"modified":"2024-04-02T11:25:29","modified_gmt":"2024-04-02T09:25:29","slug":"ampco-18","status":"publish","type":"product","link":"https:\/\/www.ampcometal.com\/it\/prodotti\/bronzo-alluminio-ampco\/ampco-18\/","title":{"rendered":"AMPCO\u00ae 18"},"content":{"rendered":"<ul>\n<li data-gc-list-depth=\"1\" data-gc-list-style=\"bullet\"><strong>Eccezionale durata:<\/strong> Offre una resistenza superiore all&#8217;usura e alla fatica, per prestazioni di lunga durata nelle applicazioni pi\u00f9 impegnative.<\/li>\n<li data-gc-list-depth=\"1\" data-gc-list-style=\"bullet\"><strong>Lega ad alta resistenza:<\/strong> Questa lega di bronzo offre una resistenza e una durezza impressionanti, che la rendono una scelta eccellente per i componenti critici.<\/li>\n<li data-gc-list-depth=\"1\" data-gc-list-style=\"bullet\"><strong>Applicazioni versatili:<\/strong> Adatto a un&#8217;ampia gamma di applicazioni, tra cui boccole, cuscinetti, ingranaggi, sedi di valvole e componenti di processo e marini.<\/li>\n<li data-gc-list-depth=\"1\" data-gc-list-style=\"bullet\"><strong>Preciso e affidabile:<\/strong> Con una struttura a grana compatta, una buona finitura superficiale e il rispetto delle tolleranze commerciali, AMPCO\u00ae 18 \u00e8 noto per la sua precisione e affidabilit\u00e0.<\/li>\n<\/ul>\n<h5>Propriet\u00e0 e specifiche<\/h5>\n<p><\/br><br \/>\nAMPCO\u00ae 18 \u00e8 una lega di bronzo ad alte prestazioni nota per le sue propriet\u00e0 e specifiche eccezionali. Questa lega presenta una struttura granulometrica compatta ed eccellenti propriet\u00e0 fisiche, risultato di un&#8217;accurata distribuzione delle fasi e della lavorazione a caldo durante il processo di estrusione. Offre elevata forza, durezza e resistenza all&#8217;usura e all&#8217;affaticamento, rendendola la scelta ideale per le applicazioni pi\u00f9 impegnative. Con una buona finitura superficiale che soddisfa le tolleranze commerciali, AMPCO\u00ae 18 \u00e8 particolarmente adatto per applicazioni di produzione in serie. La sua versatilit\u00e0 e affidabilit\u00e0 la rendono la scelta migliore per i settori che richiedono precisione, durata e prestazioni eccezionali in componenti quali boccole, cuscinetti, ingranaggi, sedi di valvole e altro ancora.<\/p>\n<h5>Applicazioni<\/h5>\n<p><\/br><br \/>\nAMPCO\u00ae 18 trova applicazioni versatili in un&#8217;ampia gamma di settori. Questa lega di bronzo ad alta resistenza eccelle nelle applicazioni che richiedono un&#8217;eccezionale durata e resistenza all&#8217;usura. Viene comunemente utilizzato in componenti critici come boccole, cuscinetti, ingranaggi e sedi di valvole, dove precisione e durata sono fondamentali. Oltre a queste applicazioni meccaniche, \u00e8 ideale per l&#8217;impiego in tubi, giunzioni e parti varie utilizzate nelle industrie di processo, marine e affini. Le sue propriet\u00e0 e prestazioni superiori ne fanno la prima scelta per le applicazioni in cui sono richieste affidabilit\u00e0 e robustezza, contribuendo a prolungare la durata dei componenti e a ridurre i requisiti di manutenzione.<\/p>\n","protected":false},"featured_media":66725,"template":"","meta":{"_et_pb_use_builder":"","_et_pb_old_content":"","_et_gb_content_width":"","inline_featured_image":false,"_links_to":"","_links_to_target":""},"product_category":[475],"product_type":[502,554,617,507,531,606],"product_shape":[643,622,632,638,648,653],"class_list":["post-54954","product","type-product","status-publish","has-post-thumbnail","hentry","product_category-bronzo-alluminio-ampco"],"acf":[],"aioseo_notices":[],"_links":{"self":[{"href":"https:\/\/www.ampcometal.com\/it\/wp-json\/wp\/v2\/product\/54954","targetHints":{"allow":["GET"]}}],"collection":[{"href":"https:\/\/www.ampcometal.com\/it\/wp-json\/wp\/v2\/product"}],"about":[{"href":"https:\/\/www.ampcometal.com\/it\/wp-json\/wp\/v2\/types\/product"}],"wp:featuredmedia":[{"embeddable":true,"href":"https:\/\/www.ampcometal.com\/it\/wp-json\/wp\/v2\/media\/66725"}],"wp:attachment":[{"href":"https:\/\/www.ampcometal.com\/it\/wp-json\/wp\/v2\/media?parent=54954"}],"wp:term":[{"taxonomy":"product_category","embeddable":true,"href":"https:\/\/www.ampcometal.com\/it\/wp-json\/wp\/v2\/product_category?post=54954"},{"taxonomy":"product_type","embeddable":true,"href":"https:\/\/www.ampcometal.com\/it\/wp-json\/wp\/v2\/product_type?post=54954"},{"taxonomy":"product_shape","embeddable":true,"href":"https:\/\/www.ampcometal.com\/it\/wp-json\/wp\/v2\/product_shape?post=54954"}],"curies":[{"name":"wp","href":"https:\/\/api.w.org\/{rel}","templated":true}]}}