{"id":54927,"date":"2021-09-14T09:53:13","date_gmt":"2021-09-14T07:53:13","guid":{"rendered":"https:\/\/www.ampcometal.com\/products\/%product_category%\/ampco-8\/"},"modified":"2024-04-02T11:35:48","modified_gmt":"2024-04-02T09:35:48","slug":"ampco-8","status":"publish","type":"product","link":"https:\/\/www.ampcometal.com\/it\/prodotti\/bronzo-alluminio-ampco\/ampco-8\/","title":{"rendered":"AMPCO\u00ae 8"},"content":{"rendered":"<ul>\n<li data-gc-list-depth=\"1\" data-gc-list-style=\"bullet\"><strong>Eccezionale resistenza alla corrosione:<\/strong> Offre una notevole resistenza alla corrosione, che la rende una scelta affidabile per le applicazioni in ambienti corrosivi.<\/li>\n<li data-gc-list-depth=\"1\" data-gc-list-style=\"bullet\"><strong>Elevata durezza e duttilit\u00e0:<\/strong> Questa lega di bronzo all&#8217;alluminio raggiunge un equilibrio unico tra elevata durezza e duttilit\u00e0, rendendola adatta ad applicazioni in cui entrambe sono essenziali.<\/li>\n<li data-gc-list-depth=\"1\" data-gc-list-style=\"bullet\"><strong>Estrema resistenza alla trazione:<\/strong> Ha un&#8217;eccezionale resistenza alla trazione, che garantisce la durata necessaria per le applicazioni industriali pi\u00f9 impegnative.<\/li>\n<li data-gc-list-depth=\"1\" data-gc-list-style=\"bullet\"><strong>Propriet\u00e0 fisiche migliorate:<\/strong> Grazie a un processo di lavorazione a caldo durante l&#8217;estrusione, la lega raggiunge una struttura granulare compatta priva di inclusioni o difetti, con propriet\u00e0 fisiche superiori che non si trovano comunemente in altre leghe.<\/li>\n<\/ul>\n<h5>Propriet\u00e0 e specifiche<\/h5>\n<p><\/br><br \/>\nAMPCO\u00ae 8 ha propriet\u00e0 e specifiche eccezionali che la rendono una lega di alluminio e bronzo straordinaria. Questa lega ad alta resistenza combina un&#8217;eccezionale resistenza alla corrosione con un notevole equilibrio di durezza e duttilit\u00e0, che la rendono la scelta ideale per le applicazioni industriali pi\u00f9 esigenti. Grazie all&#8217;elevata resistenza alla trazione, alla tenacit\u00e0 intrinseca e alla duttilit\u00e0 non comunemente riscontrabile in un bronzo di alluminio a singola fase alfa, AMPCO\u00ae 8 si distingue come materiale superiore. La sua struttura granulare, priva di inclusioni o difetti, ne esalta ulteriormente le propriet\u00e0 fisiche. La lega eccelle nelle applicazioni in cui la resistenza alla corrosione, all&#8217;erosione, all&#8217;abrasione e al pitting da cavitazione \u00e8 fondamentale, rendendola la scelta migliore per settori come quello marino e affini.<\/p>\n<h5>Applicazioni<\/h5>\n<p><\/br><br \/>\nAMPCO\u00ae 8 trova applicazioni versatili in vari settori grazie alle sue eccezionali propriet\u00e0. Questa lega di bronzo all&#8217;alluminio ad alta resistenza \u00e8 la prima scelta per i componenti e le parti in cui la resistenza alla corrosione, all&#8217;erosione, all&#8217;abrasione e al pitting da cavitazione \u00e8 fondamentale. \u00c8 comunemente utilizzato in settori come quello dei processi, marino e manifatturiero. La lega eccelle in applicazioni come tubi, giunzioni e connettori, dove la sua eccezionale durata e le sue prestazioni garantiscono operazioni ininterrotte. Che si tratti di proteggere da ambienti marini difficili o di migliorare i macchinari industriali, AMPCO\u00ae 8 \u00e8 un materiale affidabile ed essenziale per un&#8217;ampia gamma di esigenze industriali.<\/p>\n","protected":false},"featured_media":54950,"template":"","meta":{"_et_pb_use_builder":"","_et_pb_old_content":"","_et_gb_content_width":"","inline_featured_image":false,"_links_to":"","_links_to_target":""},"product_category":[475],"product_type":[507,612],"product_shape":[632],"class_list":["post-54927","product","type-product","status-publish","has-post-thumbnail","hentry","product_category-bronzo-alluminio-ampco"],"acf":[],"aioseo_notices":[],"_links":{"self":[{"href":"https:\/\/www.ampcometal.com\/it\/wp-json\/wp\/v2\/product\/54927","targetHints":{"allow":["GET"]}}],"collection":[{"href":"https:\/\/www.ampcometal.com\/it\/wp-json\/wp\/v2\/product"}],"about":[{"href":"https:\/\/www.ampcometal.com\/it\/wp-json\/wp\/v2\/types\/product"}],"wp:featuredmedia":[{"embeddable":true,"href":"https:\/\/www.ampcometal.com\/it\/wp-json\/wp\/v2\/media\/54950"}],"wp:attachment":[{"href":"https:\/\/www.ampcometal.com\/it\/wp-json\/wp\/v2\/media?parent=54927"}],"wp:term":[{"taxonomy":"product_category","embeddable":true,"href":"https:\/\/www.ampcometal.com\/it\/wp-json\/wp\/v2\/product_category?post=54927"},{"taxonomy":"product_type","embeddable":true,"href":"https:\/\/www.ampcometal.com\/it\/wp-json\/wp\/v2\/product_type?post=54927"},{"taxonomy":"product_shape","embeddable":true,"href":"https:\/\/www.ampcometal.com\/it\/wp-json\/wp\/v2\/product_shape?post=54927"}],"curies":[{"name":"wp","href":"https:\/\/api.w.org\/{rel}","templated":true}]}}