{"id":54895,"date":"2021-09-14T09:53:01","date_gmt":"2021-09-14T07:53:01","guid":{"rendered":"https:\/\/www.ampcometal.com\/dati-tecnici\/termini-e-condizioni-di-vendita\/"},"modified":"2021-09-14T09:53:09","modified_gmt":"2021-09-14T07:53:09","slug":"termini-e-condizioni-di-vendita","status":"publish","type":"page","link":"https:\/\/www.ampcometal.com\/it\/dati-tecnici\/termini-e-condizioni-di-vendita\/","title":{"rendered":"Termini e condizioni di vendita"},"content":{"rendered":"[et_pb_section fb_built=&#8221;1&#8243; specialty=&#8221;on&#8221; custom_padding_last_edited=&#8221;on|desktop&#8221; parallax_method_1=&#8221;off&#8221; parallax_method_2=&#8221;off&#8221; module_id_1=&#8221;product-page-sidebar-column&#8221; _builder_version=&#8221;3.22&#8243; background_color=&#8221;#f7f7f7&#8243; custom_padding=&#8221;0px||0px|&#8221; custom_padding_tablet=&#8221;40px|||&#8221; custom_padding_phone=&#8221;&#8221; transparent_background=&#8221;off&#8221; make_fullwidth=&#8221;off&#8221; use_custom_width=&#8221;off&#8221; width_unit=&#8221;on&#8221;][et_pb_column type=&#8221;1_3&#8243; _builder_version=&#8221;3.25&#8243; custom_padding=&#8221;|||&#8221; custom_padding__hover=&#8221;|||&#8221;][et_pb_sidebar area=&#8221;technical_data_sidebar&#8221; disabled_on=&#8221;on|on|off&#8221; module_id=&#8221;inner-product-sidebar-module&#8221; _builder_version=&#8221;4.9.4&#8243; hover_enabled=&#8221;0&#8243; sticky_enabled=&#8221;0&#8243;][\/et_pb_sidebar][\/et_pb_column][et_pb_column type=&#8221;2_3&#8243; specialty_columns=&#8221;2&#8243; _builder_version=&#8221;3.25&#8243; custom_padding=&#8221;|||&#8221; custom_padding__hover=&#8221;|||&#8221;][et_pb_row_inner custom_padding_last_edited=&#8221;on|desktop&#8221; admin_label=&#8221;Row&#8221; _builder_version=&#8221;3.25&#8243; custom_margin=&#8221;||80px|&#8221; custom_margin_tablet=&#8221;||60px|&#8221; custom_margin_phone=&#8221;&#8221; custom_margin_last_edited=&#8221;on|desktop&#8221; custom_padding=&#8221;40px||40px|&#8221; custom_padding_tablet=&#8221;&#8221; custom_padding_phone=&#8221;&#8221; custom_css_main_element=&#8221;border-bottom: solid 2px #e8e8e8;&#8221;][et_pb_column_inner saved_specialty_column_type=&#8221;2_3&#8243; _builder_version=&#8221;3.25&#8243; custom_padding=&#8221;|||&#8221; custom_padding__hover=&#8221;|||&#8221;][et_pb_text admin_label=&#8221;SALES TERMS AND CONDITION&#8221; _builder_version=&#8221;3.27.4&#8243; background_size=&#8221;initial&#8221; background_position=&#8221;top_left&#8221; background_repeat=&#8221;repeat&#8221; use_border_color=&#8221;off&#8221; border_color=&#8221;#ffffff&#8221; border_style=&#8221;solid&#8221;]\n<h2>AMPCO METAL Termini e condizioni di vendita<\/h2>\n<h2>Versione mondiale<\/h2>\n[\/et_pb_text][et_pb_text _builder_version=&#8221;3.27.4&#8243; background_size=&#8221;initial&#8221; background_position=&#8221;top_left&#8221; background_repeat=&#8221;repeat&#8221; custom_margin=&#8221;20px|||&#8221; custom_margin_tablet=&#8221;&#8221; custom_margin_phone=&#8221;&#8221; custom_margin_last_edited=&#8221;on|&#8221; use_border_color=&#8221;off&#8221; border_color=&#8221;#ffffff&#8221; border_style=&#8221;solid&#8221;]1. AMPCO METAL SA, di seguito denominata &#8220;AMPCO&#8221;, opera solo su e soggetti ai termini e alle condizioni stampati di seguito che saranno considerati incorporati con l&#8217;esclusione di qualsiasi termine in contrasto con esso in qualsiasi ordine ricevuto o accettato. Tutti i preventivi e le stime stampati sono soggetti a modifiche senza preavviso e tutti gli ordini sono soggetti all&#8217;accettazione da parte di AMPCO.<\/p>\n<p>2. Qualora gli obblighi di AMPCO o uno qualsiasi di essi venissero impediti, ostacolati o ostacolati da guerre, scioperi, incidenti o Vis Major o da qualsiasi causa e comunque al di fuori del controllo di AMPCO, AMPCO avr\u00e0 la possibilit\u00e0 di sospendere o annullare qualsiasi obbligo non adempiuto .<\/p>\n<p>3. I conti devono essere pagati entro la data di scadenza rigorosamente in conformit\u00e0 con i termini indicati nel preventivo AMPCO. I crediti scaduti sono rigorosamente netti e soggetti a interessi al tasso base + 2% p a. Sebbene qualsiasi account di un Acquirente sia scaduto, AMPCO si riserva il diritto di sospendere l&#8217;adempimento di qualsiasi obbligo nei confronti di tale Acquirente.<\/p>\n<p>4. Tutte le quotazioni sono fornite e le merci e i materiali venduti sono soggetti alle condizioni che, nel caso in cui qualsiasi merce o materiale o parte di esso si fosse rivelata difettosa quando ha lasciato i lavori di AMPCO, la responsabilit\u00e0 di AMPCO in relazione a tali beni o materiali difettosi o<br \/>\nparti di esso, sar\u00e0 limitato alla sostituzione o riparazione di tali beni o materiali difettosi o parti di essi, o all&#8217;accredito del relativo costo, a condizione che:<\/p>\n<p>a) Non si assume alcuna responsabilit\u00e0 per le merci che si sono rivelate difettose nella progettazione.<\/p>\n<p>b) Si declina ogni responsabilit\u00e0 per guasti di beni forniti da AMPCO che siano stati oggetto di qualsivoglia processo dopo aver lasciato i propri stabilimenti.<\/p>\n<p>c) Si presume che l&#8217;acquirente ispezioner\u00e0 o utilizzer\u00e0 i beni o i materiali forniti entro 30 giorni dalla consegna e pertanto AMPCO non si assume alcuna responsabilit\u00e0 per difetti dei beni o dei materiali forniti i cui dettagli non sono stati resi noti dall&#8217;acquirente ad AMPCO entro 30 giorni dalla consegna.<\/p>\n<p>d) AMPCO non sar\u00e0 responsabile per eventuali spese o costi sostenuti dall&#8217;acquirente in relazione a eventuali difetti rivendicati senza il previo consenso scritto di AMPCO. AMPCO esclude la responsabilit\u00e0 per il costo di qualsiasi lavoro meccanico, spese di manodopera o eventuali perdite o danni subiti a causa dell&#8217;utilizzo o della lavorazione di materiale difettoso fornito da AMPCO.<\/p>\n<p>e) AMPCO esclude qualsiasi responsabilit\u00e0 e non sar\u00e0 responsabile per qualsiasi violazione o garanzia o negligenza per eventuali danni consequenziali o per eventuali costi sostenuti dall&#8217;acquirente attraverso l&#8217;uso, l&#8217;impossibilit\u00e0 di utilizzare o la vendita di qualsiasi materiale difettoso o insoddisfacente fornito da AMPCO, o attraverso l&#8217;uso, l&#8217;impossibilit\u00e0 di utilizzare o la vendita di prodotti da parte dell&#8217;acquirente che sono stati fabbricati utilizzando qualsiasi materiale difettoso o insoddisfacente fornito da AMPCO.<\/p>\n<p>5. Fermo restando quanto precede, AMPCO sostituir\u00e0 gratuitamente qualsiasi merce da essa fornita e che risulti guasta o si dimostri viziata o difettosa, a condizione che AMPCO abbia l&#8217;opportunit\u00e0 di ispezionare e accettare la responsabilit\u00e0 per tali beni, e non sar\u00e0 soggetta a ulteriori o altri obblighi o responsabilit\u00e0 di sorta per o in relazione a qualsiasi guasto o difetto in qualsiasi merce fornita o prodotta da AMPCO.<\/p>\n<p>6. Tutte le spedizioni verranno inoltrate con mezzi propri di AMPCO o con vettore pubblico. Nessuna franchigia sar\u00e0 concessa per il trasporto in cui le merci vengono ritirate dai magazzini AMPCO dagli Acquirenti o dove le merci vengono consegnate al deposito locale dell&#8217;Acquirente. I reclami nei confronti dei vettori relativi a furto per danni o mancata consegna su consegne in porto franco devono essere notificati ad AMPCO entro due giorni dal ricevimento.<\/p>\n<p>7. Se le merci sono realizzate secondo il modello o le specifiche dell&#8217;Acquirente, nessuna responsabilit\u00e0 pu\u00f2 essere accettata per la violazione di qualsiasi Brevetto e gli Acquirenti accettano di indennizzare AMPCO contro qualsiasi perdita in relazione a qualsiasi procedimento o altrimenti derivante dall&#8217;esecuzione degli ordini dell&#8217;Acquirente.<\/p>\n<p>8. Tutte le informazioni tecniche nei nostri cataloghi\/brochure sono puramente descrittive. Le garanzie ivi fornite in merito alle propriet\u00e0 o agli usi di qualsiasi bene o materiale o all&#8217;idoneit\u00e0 a qualsiasi scopo non devono essere invocate, salvo in tal caso in cui AMPCO abbia confermato tali propriet\u00e0 o usi, o idoneit\u00e0 allo scopo per iscritto all&#8217;Acquirente. Inoltre, sebbene tutte le informazioni siano state accuratamente controllate nei nostri cataloghi\/brochure, non ci assumiamo alcuna responsabilit\u00e0 per errori di stampa o di traduzione. Allo stesso modo, nessuna dichiarazione fatta da alcun rappresentante di AMPCO in merito a propriet\u00e0, usi o idoneit\u00e0 allo scopo di beni o materiali dovrebbe essere invocata, salvo nella misura in cui tali dichiarazioni in merito a propriet\u00e0, usi o idoneit\u00e0 allo scopo siano fatte per iscritto da AMPCO a l&#8217;acquirente.<\/p>\n<p>9. Le seguenti disposizioni si applicano a tutti i beni e materiali che AMPCO si impegna a fornire all&#8217;Acquirente. Nessuna mancanza da parte di AMPCO di imporre il rigoroso rispetto da parte dell&#8217;Acquirente di tali disposizioni costituir\u00e0 una rinuncia alle stesse e nessuna risoluzione di qualsiasi accordo tra AMPCO e l&#8217;Acquirente pregiudicher\u00e0, limiter\u00e0 o estinguer\u00e0 i diritti di AMPCO ai sensi del presente paragrafo:<\/p>\n<p>a) Al momento della consegna delle merci o dei materiali, l&#8217;Acquirente terr\u00e0 le merci oi materiali esclusivamente come Depositario per AMPCO e le merci rimarranno di propriet\u00e0 di AMPCO fino al momento in cui l&#8217;Acquirente avr\u00e0 pagato ad AMPCO l&#8217;intero prezzo di acquisto. Fino a quel momento l&#8217;Acquirente, se richiesto da AMPCO, dovr\u00e0 immagazzinare le merci e i materiali separatamente da beni o materiali non di propriet\u00e0 di AMPCO e in modo tale da essere facilmente identificabili da AMPCO che avr\u00e0 il diritto di esaminare la merce e materiali previo ragionevole preavviso, per richiedere che le merci o i materiali gli siano consegnati e per recuperare gli stessi e allo scopo di esercitare tali diritti AMPCO, i suoi dipendenti e agenti con mezzi di trasporto appropriati possono entrare nei locali dell&#8217;Acquirente e in qualsiasi altro luogo dove si trovano le merci o i materiali.<\/p>\n<p>b) All&#8217;Acquirente viene concessa una licenza da AMPCO per incorporare le merci e i materiali in qualsiasi altro prodotto soggetto all&#8217;espressa condizione che, se AMPCO lo richiedesse, tutti questi prodotti contenenti le merci o i materiali o uno di essi devono essere immagazzinati separatamente e cos\u00ec contrassegnati da essere identificabili come realizzati con detti beni o materiali.<\/p>\n<p>c) L&#8217;Acquirente \u00e8 autorizzato a vendere le merci e i materiali e tutti i prodotti che li incorporano, ma deve detenere l&#8217;intero ricavato della vendita come fiduciario e agente di AMPCO e non deve mischiare nessuno dei proventi della vendita con i propri denaro o qualsiasi conto bancario con altre somme, ma deve garantire che tutte queste ricevute di vendita siano mantenute separate e identificabili. Inoltre, l&#8217;Acquirente dovr\u00e0, immediatamente dopo aver ricevuto il ricavo della vendita, rimettere ad AMPCO l&#8217;intero prezzo di acquisto della merce o dei materiali meno ogni parte di esso gi\u00e0 pagata.<\/p>\n<p>d) Se l&#8217;Acquirente non riceve i proventi di tale vendita alla data di scadenza, deve entro sette giorni informare AMPCO e, se chiamato a farlo, cedere ad AMPCO qualsiasi pretesa di qualsiasi natura nei confronti della persona o delle persone a cui ha fornito i beni o i materiali, o uno qualsiasi di essi.<\/p>\n<p>e) L&#8217;Acquirente manterr\u00e0 tutte le assicurazioni appropriate in relazione alle merci o ai materiali dalla data o dalle date in cui il rischio ivi passa a lui, in caso di perdita o danno mentre le merci o i materiali rimangono di propriet\u00e0 di AMPCO, il L&#8217;Acquirente manterr\u00e0 tutte le somme assicurative ricevute in relazione a ci\u00f2 come Fiduciario per AMPCO e separate e identificabili da tutte le altre somme e dovr\u00e0 immediatamente versare ad AMPCO l&#8217;intero prezzo delle merci o dei materiali, meno qualsiasi parte di esse gi\u00e0 pagata.<br \/>\n[\/et_pb_text][\/et_pb_column_inner][\/et_pb_row_inner][et_pb_row_inner use_custom_gutter=&#8221;on&#8221; gutter_width=&#8221;2&#8243; custom_padding_last_edited=&#8221;on|desktop&#8221; admin_label=&#8221;Row&#8221; _builder_version=&#8221;3.25&#8243; custom_margin=&#8221;||80px|&#8221; custom_margin_tablet=&#8221;||60px|&#8221; custom_margin_phone=&#8221;&#8221; custom_margin_last_edited=&#8221;on|phone&#8221; custom_padding=&#8221;0px|||&#8221; custom_padding_tablet=&#8221;&#8221; custom_padding_phone=&#8221;&#8221; custom_css_main_element=&#8221;border-bottom: solid 2px #e8e8e8;&#8221; column_structure=&#8221;1_2,1_2&#8243;][et_pb_column_inner type=&#8221;1_2&#8243; saved_specialty_column_type=&#8221;2_3&#8243; _builder_version=&#8221;3.25&#8243; custom_padding=&#8221;|||&#8221; custom_padding__hover=&#8221;|||&#8221;][et_pb_blurb title=&#8221;AMPCO METAL Brasile&#8221; url=&#8221;https:\/\/www.ampcometal.com\/documents\/AMPCO%20METAL%20-%20Condi\u00e7\u00f5es%20Gerais%20de%20Fornecimento.pdf&#8221; url_new_window=&#8221;on&#8221; use_icon=&#8221;on&#8221; font_icon=&#8221;%%1%%&#8221; icon_color=&#8221;#878787&#8243; use_circle=&#8221;on&#8221; circle_color=&#8221;#f7f7f7&#8243; use_circle_border=&#8221;on&#8221; circle_border_color=&#8221;#878787&#8243; icon_placement=&#8221;left&#8221; module_class=&#8221;download-blurbs clickable-blurbs&#8221; _builder_version=&#8221;3.0.106&#8243; max_width_tablet=&#8221;&#8221; max_width_phone=&#8221;&#8221; max_width_last_edited=&#8221;on|&#8221; animation=&#8221;off&#8221; custom_css_blurb_content=&#8221;vertical-align: bottom;&#8221;][\/et_pb_blurb][et_pb_blurb title=&#8221;AMPCO METAL Deutschland&#8221; url=&#8221;https:\/\/www.ampcometal.com\/documents\/ampco_conditions_germany.pdf&#8221; url_new_window=&#8221;on&#8221; use_icon=&#8221;on&#8221; font_icon=&#8221;%%1%%&#8221; icon_color=&#8221;#878787&#8243; use_circle=&#8221;on&#8221; circle_color=&#8221;#f7f7f7&#8243; use_circle_border=&#8221;on&#8221; circle_border_color=&#8221;#878787&#8243; icon_placement=&#8221;left&#8221; module_class=&#8221;download-blurbs clickable-blurbs&#8221; _builder_version=&#8221;3.0.87&#8243; header_letter_spacing=&#8221;0&#8243; header_line_height=&#8221;1&#8243; body_letter_spacing=&#8221;0&#8243; body_line_height=&#8221;1.7&#8243; max_width_tablet=&#8221;&#8221; max_width_phone=&#8221;&#8221; max_width_last_edited=&#8221;on|&#8221; animation=&#8221;off&#8221; custom_css_blurb_content=&#8221;vertical-align: bottom;&#8221; border_width=&#8221;1&#8243; border_style=&#8221;solid&#8221;][\/et_pb_blurb][et_pb_blurb title=&#8221;AMPCO METAL India&#8221; url=&#8221;https:\/\/www.ampcometal.com\/documents\/AMPCO%20METAL_conditions_India.pdf&#8221; url_new_window=&#8221;on&#8221; use_icon=&#8221;on&#8221; font_icon=&#8221;%%1%%&#8221; icon_color=&#8221;#878787&#8243; use_circle=&#8221;on&#8221; circle_color=&#8221;#f7f7f7&#8243; use_circle_border=&#8221;on&#8221; circle_border_color=&#8221;#878787&#8243; icon_placement=&#8221;left&#8221; module_class=&#8221;download-blurbs clickable-blurbs&#8221; _builder_version=&#8221;3.0.106&#8243; max_width_tablet=&#8221;&#8221; max_width_phone=&#8221;&#8221; max_width_last_edited=&#8221;on|&#8221; animation=&#8221;off&#8221; custom_css_blurb_content=&#8221;vertical-align: bottom;&#8221;][\/et_pb_blurb][et_pb_blurb title=&#8221;AMPCO METAL Svizzera (in tutto il mondo)&#8221; url=&#8221;https:\/\/www.ampcometal.com\/documents\/ampco_conditions.pdf&#8221; url_new_window=&#8221;on&#8221; use_icon=&#8221;on&#8221; font_icon=&#8221;%%1%%&#8221; icon_color=&#8221;#878787&#8243; use_circle=&#8221;on&#8221; circle_color=&#8221;#f7f7f7&#8243; use_circle_border=&#8221;on&#8221; circle_border_color=&#8221;#878787&#8243; icon_placement=&#8221;left&#8221; module_class=&#8221;download-blurbs clickable-blurbs&#8221; _builder_version=&#8221;3.0.87&#8243; header_letter_spacing=&#8221;0&#8243; header_line_height=&#8221;1&#8243; body_letter_spacing=&#8221;0&#8243; body_line_height=&#8221;1.7&#8243; max_width_tablet=&#8221;&#8221; max_width_phone=&#8221;&#8221; max_width_last_edited=&#8221;on|&#8221; animation=&#8221;off&#8221; custom_css_blurb_content=&#8221;vertical-align: bottom;&#8221; border_width=&#8221;1&#8243; border_style=&#8221;solid&#8221;][\/et_pb_blurb][et_pb_blurb title=&#8221;AMPCO METAL USA&#8221; url=&#8221;https:\/\/www.ampcometal.com\/documents\/AMPCO%20METAL%20-%20General%20Terms%20and%20Conditions.pdf&#8221; url_new_window=&#8221;on&#8221; use_icon=&#8221;on&#8221; font_icon=&#8221;%%1%%&#8221; icon_color=&#8221;#878787&#8243; use_circle=&#8221;on&#8221; circle_color=&#8221;#f7f7f7&#8243; use_circle_border=&#8221;on&#8221; circle_border_color=&#8221;#878787&#8243; icon_placement=&#8221;left&#8221; module_class=&#8221;download-blurbs clickable-blurbs&#8221; _builder_version=&#8221;3.0.106&#8243; max_width_tablet=&#8221;&#8221; max_width_phone=&#8221;&#8221; max_width_last_edited=&#8221;on|&#8221; animation=&#8221;off&#8221; custom_css_blurb_content=&#8221;vertical-align: bottom;&#8221;][\/et_pb_blurb][\/et_pb_column_inner][et_pb_column_inner type=&#8221;1_2&#8243; saved_specialty_column_type=&#8221;2_3&#8243; _builder_version=&#8221;3.25&#8243; custom_padding=&#8221;|||&#8221; custom_padding__hover=&#8221;|||&#8221;][et_pb_image src=&#8221;https:\/\/www.ampcometal.com\/wp-content\/uploads\/2017\/03\/Doc-Downloads-Thumb.png&#8221; show_bottom_space=&#8221;off&#8221; align=&#8221;center&#8221; align_tablet=&#8221;center&#8221; align_last_edited=&#8221;on|desktop&#8221; _builder_version=&#8221;3.23&#8243; custom_margin=&#8221;||30px|&#8221; custom_margin_tablet=&#8221;&#8221; custom_margin_phone=&#8221;&#8221; custom_margin_last_edited=&#8221;on|&#8221; animation_style=&#8221;fade&#8221; animation_duration=&#8221;500ms&#8221; use_border_color=&#8221;off&#8221; border_color=&#8221;#ffffff&#8221; border_style=&#8221;solid&#8221; animation=&#8221;fade_in&#8221; sticky=&#8221;on&#8221; always_center_on_mobile=&#8221;on&#8221;][\/et_pb_image][\/et_pb_column_inner][\/et_pb_row_inner][\/et_pb_column][\/et_pb_section]\n","protected":false},"excerpt":{"rendered":"<p>AMPCO METAL Termini e condizioni di vendita Versione mondiale 1. AMPCO METAL SA, di seguito denominata &#8220;AMPCO&#8221;, opera solo su e soggetti ai termini e alle condizioni stampati di seguito che saranno considerati incorporati con l&#8217;esclusione di qualsiasi termine in contrasto con esso in qualsiasi ordine ricevuto o accettato. Tutti i preventivi e le stime [&hellip;]<\/p>\n","protected":false},"author":1,"featured_media":0,"parent":54852,"menu_order":0,"comment_status":"closed","ping_status":"closed","template":"","meta":{"_et_pb_use_builder":"on","_et_pb_old_content":"","_et_gb_content_width":"","inline_featured_image":false,"footnotes":"","_links_to":"","_links_to_target":""},"class_list":["post-54895","page","type-page","status-publish","hentry"],"acf":[],"aioseo_notices":[],"_links":{"self":[{"href":"https:\/\/www.ampcometal.com\/it\/wp-json\/wp\/v2\/pages\/54895","targetHints":{"allow":["GET"]}}],"collection":[{"href":"https:\/\/www.ampcometal.com\/it\/wp-json\/wp\/v2\/pages"}],"about":[{"href":"https:\/\/www.ampcometal.com\/it\/wp-json\/wp\/v2\/types\/page"}],"author":[{"embeddable":true,"href":"https:\/\/www.ampcometal.com\/it\/wp-json\/wp\/v2\/users\/1"}],"replies":[{"embeddable":true,"href":"https:\/\/www.ampcometal.com\/it\/wp-json\/wp\/v2\/comments?post=54895"}],"version-history":[{"count":0,"href":"https:\/\/www.ampcometal.com\/it\/wp-json\/wp\/v2\/pages\/54895\/revisions"}],"up":[{"embeddable":true,"href":"https:\/\/www.ampcometal.com\/it\/wp-json\/wp\/v2\/pages\/54852"}],"wp:attachment":[{"href":"https:\/\/www.ampcometal.com\/it\/wp-json\/wp\/v2\/media?parent=54895"}],"curies":[{"name":"wp","href":"https:\/\/api.w.org\/{rel}","templated":true}]}}