{"id":54743,"date":"2021-09-14T09:51:56","date_gmt":"2021-09-14T07:51:56","guid":{"rendered":"https:\/\/www.ampcometal.com\/products\/%product_category%\/ampco-21-2\/"},"modified":"2024-09-26T16:08:24","modified_gmt":"2024-09-26T14:08:24","slug":"ampco-21","status":"publish","type":"product","link":"https:\/\/www.ampcometal.com\/fr\/produits\/ampco-cupro-aluminium\/ampco-21\/","title":{"rendered":"AMPCO\u00ae 21"},"content":{"rendered":"<ul>\n<li data-gc-list-depth=\"1\" data-gc-list-style=\"bullet\"><strong>Grande r\u00e9sistance \u00e0 l&rsquo;usure :<\/strong> Cet alliage de bronze d&rsquo;aluminium est connu pour sa capacit\u00e9 exceptionnelle \u00e0 r\u00e9sister \u00e0 l&rsquo;usure et \u00e0 l&rsquo;abrasion, ce qui le rend id\u00e9al pour les applications dans les environnements \u00e0 fort frottement.<\/li>\n<li data-gc-list-depth=\"1\" data-gc-list-style=\"bullet\"><strong>Propri\u00e9t\u00e9s m\u00e9tallurgiques uniques :<\/strong> Le contr\u00f4le m\u00e9tallurgique pr\u00e9cis de l&rsquo;alliage assure une distribution uniforme de la phase gamma 2 dure, qui am\u00e9liore ses propri\u00e9t\u00e9s de r\u00e9sistance \u00e0 l&rsquo;usure.<\/li>\n<li data-gc-list-depth=\"1\" data-gc-list-style=\"bullet\"><strong>Applications polyvalentes :<\/strong> Il convient \u00e0 une large gamme d&rsquo;applications, y compris les bagues de guidage, les anneaux de matrice, les rouleaux de formage et les porte-outils de meulage sans centre.<\/li>\n<li data-gc-list-depth=\"1\" data-gc-list-style=\"bullet\"><strong>Une solution rentable :<\/strong> Cet alliage permet de r\u00e9aliser des \u00e9conomies en r\u00e9duisant les co\u00fbts de production et en minimisant le frottement, ce qui prolonge la dur\u00e9e de vie des outils et am\u00e9liore la qualit\u00e9 des produits.<\/li>\n<\/ul>\n<h5>Propri\u00e9t\u00e9s et sp\u00e9cifications<\/h5>\n<p><\/br> AMPCO\u00ae 21 est un alliage de bronze d&rsquo;aluminium haute performance connu pour sa r\u00e9sistance exceptionnelle \u00e0 l&rsquo;usure et ses propri\u00e9t\u00e9s m\u00e9tallurgiques uniques. Cet alliage contient des niveaux \u00e9lev\u00e9s d&rsquo;aluminium et de fer, ce qui entra\u00eene la pr\u00e9sence de la phase gamma 2 dure, qui mesure environ 400 HB (duret\u00e9 Brinell). Gr\u00e2ce \u00e0 un contr\u00f4le m\u00e9tallurgique pr\u00e9cis, ce constituant dur est uniform\u00e9ment r\u00e9parti dans le mat\u00e9riau, ce qui conf\u00e8re \u00e0 cet alliage d&rsquo;aluminium et de bronze sa remarquable capacit\u00e9 \u00e0 r\u00e9sister \u00e0 l&rsquo;usure et \u00e0 l&rsquo;abrasion. C&rsquo;est le choix pr\u00e9f\u00e9r\u00e9 pour une large gamme d&rsquo;applications, y compris les bagues de guidage, les anneaux de matrice, les plaquettes, les rouleaux de formage et les lames de support de travail pour la rectification sans centre, en particulier lors de l&rsquo;usinage de l&rsquo;acier inoxydable. Les propri\u00e9t\u00e9s sup\u00e9rieures de l&rsquo;alliage en font un mat\u00e9riau pr\u00e9cieux pour maximiser la vitesse des outils, am\u00e9liorer la qualit\u00e9 des produits, r\u00e9duire les co\u00fbts de production et minimiser le frottement tout en \u00e9liminant le risque de grippage ou de rayure. <\/p>\n<h5>Applications<\/h5>\n<p><\/br> L&rsquo;AMPCO\u00ae 21 est utilis\u00e9 dans une grande vari\u00e9t\u00e9 d&rsquo;industries en raison de ses propri\u00e9t\u00e9s sup\u00e9rieures. Cet alliage de bronze d&rsquo;aluminium haute performance est particuli\u00e8rement bien adapt\u00e9 aux bagues de guidage et aux bandes d&rsquo;usure, o\u00f9 il remplace l&rsquo;acier tremp\u00e9 et offre une r\u00e9sistance sup\u00e9rieure \u00e0 l&rsquo;usure. C&rsquo;est \u00e9galement le choix pr\u00e9f\u00e9r\u00e9 pour les anneaux de matri\u00e7age, les inserts et les galets de formage dans diverses op\u00e9rations de formage, de cintrage ou d&rsquo;\u00e9tirage, en particulier lors de la transformation de mat\u00e9riaux en acier inoxydable. En outre, l&rsquo;alliage excelle en tant que lame de porte-outil pour le meulage sans centre de barres d&rsquo;acier. Sa polyvalence et sa durabilit\u00e9 exceptionnelle en font un mat\u00e9riau indispensable dans les industries qui cherchent \u00e0 am\u00e9liorer la qualit\u00e9 des produits, \u00e0 prolonger la dur\u00e9e de vie des outils et \u00e0 r\u00e9duire les co\u00fbts de production.<\/p>\n","protected":false},"featured_media":66754,"template":"","meta":{"_et_pb_use_builder":"","_et_pb_old_content":"","_et_gb_content_width":"","inline_featured_image":false,"_links_to":"","_links_to_target":""},"product_category":[474],"product_type":[501,553,616,506,530],"product_shape":[642,647,631,637],"class_list":["post-54743","product","type-product","status-publish","has-post-thumbnail","hentry","product_category-ampco-cupro-aluminium"],"acf":[],"aioseo_notices":[],"_links":{"self":[{"href":"https:\/\/www.ampcometal.com\/fr\/wp-json\/wp\/v2\/product\/54743","targetHints":{"allow":["GET"]}}],"collection":[{"href":"https:\/\/www.ampcometal.com\/fr\/wp-json\/wp\/v2\/product"}],"about":[{"href":"https:\/\/www.ampcometal.com\/fr\/wp-json\/wp\/v2\/types\/product"}],"wp:featuredmedia":[{"embeddable":true,"href":"https:\/\/www.ampcometal.com\/fr\/wp-json\/wp\/v2\/media\/66754"}],"wp:attachment":[{"href":"https:\/\/www.ampcometal.com\/fr\/wp-json\/wp\/v2\/media?parent=54743"}],"wp:term":[{"taxonomy":"product_category","embeddable":true,"href":"https:\/\/www.ampcometal.com\/fr\/wp-json\/wp\/v2\/product_category?post=54743"},{"taxonomy":"product_type","embeddable":true,"href":"https:\/\/www.ampcometal.com\/fr\/wp-json\/wp\/v2\/product_type?post=54743"},{"taxonomy":"product_shape","embeddable":true,"href":"https:\/\/www.ampcometal.com\/fr\/wp-json\/wp\/v2\/product_shape?post=54743"}],"curies":[{"name":"wp","href":"https:\/\/api.w.org\/{rel}","templated":true}]}}