{"id":54712,"date":"2021-09-14T09:51:50","date_gmt":"2021-09-14T07:51:50","guid":{"rendered":"https:\/\/www.ampcometal.com\/products\/%product_category%\/ampco-26-2\/"},"modified":"2024-04-03T16:33:50","modified_gmt":"2024-04-03T14:33:50","slug":"ampco-26","status":"publish","type":"product","link":"https:\/\/www.ampcometal.com\/fr\/produits\/ampco-cupro-aluminium\/ampco-26\/","title":{"rendered":"AMPCO\u00ae 26"},"content":{"rendered":"<ul>\n<li data-gc-list-depth=\"1\" data-gc-list-style=\"bullet\"><strong>Duret\u00e9 exceptionnelle :<\/strong> Cet alliage de bronze d&rsquo;aluminium pr\u00e9sente une duret\u00e9 remarquable, ce qui le rend id\u00e9al pour les applications dans des conditions extr\u00eames.<\/li>\n<li data-gc-list-depth=\"1\" data-gc-list-style=\"bullet\"><strong>Durabilit\u00e9 :<\/strong> Connu pour sa r\u00e9sistance sup\u00e9rieure \u00e0 l&rsquo;usure et \u00e0 la corrosion, cet alliage garantit des performances durables.<\/li>\n<li data-gc-list-depth=\"1\" data-gc-list-style=\"bullet\"><strong>Tol\u00e9rance aux contraintes \u00e9lev\u00e9es :<\/strong> Il convient parfaitement aux applications soumises \u00e0 des contraintes \u00e9lev\u00e9es et \u00e0 des pressions extr\u00eames.<\/li>\n<li data-gc-list-depth=\"1\" data-gc-list-style=\"bullet\"><strong>Applications industrielles sp\u00e9cifiques :<\/strong> Il excelle dans les industries telles que le travail des m\u00e9taux, la fabrication et autres, o\u00f9 ses propri\u00e9t\u00e9s uniques permettent d&rsquo;obtenir des r\u00e9sultats sup\u00e9rieurs.<\/li>\n<\/ul>\n<h5>Caract\u00e9ristiques et sp\u00e9cifications<\/h5>\n<p><\/br><br \/>\nAMPCO\u00ae 26 est un alliage de bronze d&rsquo;aluminium dur, brevet\u00e9 et de haute performance, connu pour ses propri\u00e9t\u00e9s et sp\u00e9cifications exceptionnelles. Cet alliage unique poss\u00e8de une duret\u00e9 remarquable, ce qui le rend bien adapt\u00e9 aux conditions extr\u00eames et aux applications o\u00f9 la durabilit\u00e9 est essentielle. Gr\u00e2ce \u00e0 sa r\u00e9sistance exceptionnelle \u00e0 l&rsquo;usure, \u00e0 la corrosion et aux hautes pressions, l&rsquo;alliage de bronze est un excellent choix pour les fili\u00e8res d&rsquo;\u00e9tirage et les cylindres de formage en acier inoxydable. Sa composition chimique et ses propri\u00e9t\u00e9s m\u00e9caniques, notamment sa duret\u00e9 et sa r\u00e9sistance \u00e0 la traction, sont soigneusement \u00e9tudi\u00e9es pour fournir des r\u00e9sultats sup\u00e9rieurs dans des environnements industriels exigeants, ce qui en fait une solution id\u00e9ale pour les applications qui requi\u00e8rent \u00e0 la fois r\u00e9sistance et durabilit\u00e9.<\/p>\n<h5>Applications<\/h5>\n<p><\/br><br \/>\nL&rsquo;AMPCO\u00ae 26 est principalement utilis\u00e9 dans les industries et les sc\u00e9narios o\u00f9 une duret\u00e9 et une t\u00e9nacit\u00e9 exceptionnelles sont essentielles. Il est largement utilis\u00e9 dans les fili\u00e8res d&rsquo;\u00e9tirage de l&rsquo;acier inoxydable, o\u00f9 il excelle \u00e0 r\u00e9sister aux pressions \u00e9lev\u00e9es et aux forces abrasives impliqu\u00e9es dans le processus de formage du m\u00e9tal. En outre, l&rsquo;alliage aluminium-bronze est un choix privil\u00e9gi\u00e9 pour les cylindres de formage soumis \u00e0 des contraintes \u00e9lev\u00e9es, o\u00f9 sa combinaison unique de propri\u00e9t\u00e9s garantit une dur\u00e9e de vie prolong\u00e9e et des performances fiables. Les propri\u00e9t\u00e9s exceptionnelles de l&rsquo;alliage en font un atout pr\u00e9cieux dans des secteurs tels que la fabrication, le travail des m\u00e9taux et autres, o\u00f9 il constitue une solution fiable pour les environnements difficiles et exigeants.<\/p>\n","protected":false},"featured_media":66757,"template":"","meta":{"_et_pb_use_builder":"","_et_pb_old_content":"","_et_gb_content_width":"","inline_featured_image":false,"_links_to":"","_links_to_target":""},"product_category":[474],"product_type":[501,553,616,530],"product_shape":[],"class_list":["post-54712","product","type-product","status-publish","has-post-thumbnail","hentry","product_category-ampco-cupro-aluminium"],"acf":[],"aioseo_notices":[],"_links":{"self":[{"href":"https:\/\/www.ampcometal.com\/fr\/wp-json\/wp\/v2\/product\/54712","targetHints":{"allow":["GET"]}}],"collection":[{"href":"https:\/\/www.ampcometal.com\/fr\/wp-json\/wp\/v2\/product"}],"about":[{"href":"https:\/\/www.ampcometal.com\/fr\/wp-json\/wp\/v2\/types\/product"}],"wp:featuredmedia":[{"embeddable":true,"href":"https:\/\/www.ampcometal.com\/fr\/wp-json\/wp\/v2\/media\/66757"}],"wp:attachment":[{"href":"https:\/\/www.ampcometal.com\/fr\/wp-json\/wp\/v2\/media?parent=54712"}],"wp:term":[{"taxonomy":"product_category","embeddable":true,"href":"https:\/\/www.ampcometal.com\/fr\/wp-json\/wp\/v2\/product_category?post=54712"},{"taxonomy":"product_type","embeddable":true,"href":"https:\/\/www.ampcometal.com\/fr\/wp-json\/wp\/v2\/product_type?post=54712"},{"taxonomy":"product_shape","embeddable":true,"href":"https:\/\/www.ampcometal.com\/fr\/wp-json\/wp\/v2\/product_shape?post=54712"}],"curies":[{"name":"wp","href":"https:\/\/api.w.org\/{rel}","templated":true}]}}