{"id":54707,"date":"2021-09-14T09:51:47","date_gmt":"2021-09-14T07:51:47","guid":{"rendered":"https:\/\/www.ampcometal.com\/products\/%product_category%\/ams-4590-2\/"},"modified":"2025-05-28T13:47:45","modified_gmt":"2025-05-28T11:47:45","slug":"ams-4590","status":"publish","type":"product","link":"https:\/\/www.ampcometal.com\/fr\/produits\/alliages-ams\/ams-4590\/","title":{"rendered":"AMS 4590"},"content":{"rendered":"<ul>\n<li data-gc-list-depth=\"1\" data-gc-list-style=\"bullet\"><strong>Propri\u00e9t\u00e9s m\u00e9caniques exceptionnelles :<\/strong> Ce bronze AMS pr\u00e9sente une sup\u00e9riorit\u00e9 m\u00e9canique par rapport aux bronzes nickel-aluminium commerciaux et rivalise avec le cuivre au b\u00e9ryllium sans ses exigences hygi\u00e9niques.<\/li>\n<li data-gc-list-depth=\"1\" data-gc-list-style=\"bullet\"><strong>Applications polyvalentes :<\/strong> Cet alliage de haute performance est bien adapt\u00e9 \u00e0 une vari\u00e9t\u00e9 d&rsquo;applications, y compris les roulements de trains d&rsquo;atterrissage d&rsquo;avions, les outils industriels de cintrage de tuyaux, les roues dent\u00e9es, les plaques d&rsquo;usure et les plaques de guidage.<\/li>\n<li data-gc-list-depth=\"1\" data-gc-list-style=\"bullet\"><strong>Ductilit\u00e9 et conductivit\u00e9 :<\/strong> Le bronze d&rsquo;aluminium offre une grande ductilit\u00e9 et une excellente conductivit\u00e9 \u00e9lectrique et thermique, ce qui le rend adapt\u00e9 aux applications n\u00e9cessitant de la flexibilit\u00e9 et un transfert efficace de chaleur et d&rsquo;\u00e9nergie.<\/li>\n<li data-gc-list-depth=\"1\" data-gc-list-style=\"bullet\"><strong>R\u00e9sistance \u00e0 la corrosion :<\/strong> Outre ses propri\u00e9t\u00e9s m\u00e9caniques impressionnantes, il offre une excellente r\u00e9sistance \u00e0 la corrosion, ce qui garantit sa durabilit\u00e9 dans les environnements difficiles.<\/li>\n<\/ul>\n<h5><strong>Propri\u00e9t\u00e9s et sp\u00e9cifications<\/strong><\/h5>\n<p>L&rsquo;AMS 4590 est un remarquable alliage de nickel et de bronze d&rsquo;aluminium connu pour ses propri\u00e9t\u00e9s exceptionnelles. Ce mat\u00e9riau de haute performance pr\u00e9sente une sup\u00e9riorit\u00e9 m\u00e9canique par rapport aux bronzes nickel-aluminium commerciaux et rivalise avec le cuivre au b\u00e9ryllium sans les exigences d&rsquo;hygi\u00e8ne industrielle qui y sont associ\u00e9es. Avec une ductilit\u00e9 \u00e9lev\u00e9e, une excellente conductivit\u00e9 \u00e9lectrique et thermique, une r\u00e9sistance aux chocs et une r\u00e9sistance impressionnante au fluage, ce bronze AMS excelle dans une large gamme d&rsquo;applications. Il reste stable m\u00eame dans des environnements sous vide. Les sp\u00e9cifications d\u00e9taill\u00e9es et les d\u00e9tails d&rsquo;extrusion sont disponibles dans la <a href=\"https:\/\/www.ampcometal.com\/documents\/AMS_4590_EX_E%201403A.pdf\">documentation AMS 4590<\/a>, ce qui en fait un choix id\u00e9al pour les besoins d&rsquo;ing\u00e9nierie et de fabrication exigeants.<\/p>\n<h5><strong>Applications<\/strong><\/h5>\n<p>Cet alliage de nickel et de bronze d&rsquo;aluminium de haute performance est utilis\u00e9 dans diverses industries. D\u00e9velopp\u00e9 \u00e0 l&rsquo;origine pour les composants a\u00e9ronautiques tels que les trains d&rsquo;atterrissage r\u00e9tractables et les paliers d&rsquo;entretoise de moteur, son utilisation s&rsquo;est \u00e9tendue aux paliers et aux coussinets de trains d&rsquo;atterrissage, aux outils de l&rsquo;industrie du cintrage de tubes tels que les matrices de cintrage, aux roues dent\u00e9es et aux plaques d&rsquo;usure et de guidage. La combinaison unique de r\u00e9sistance m\u00e9canique, de ductilit\u00e9 et de r\u00e9sistance \u00e0 la corrosion de l&rsquo;AMS 4590 en fait un choix id\u00e9al pour une large gamme d&rsquo;applications d&rsquo;ing\u00e9nierie et de fabrication exigeantes.<\/p>\n","protected":false},"featured_media":66718,"template":"","meta":{"_et_pb_use_builder":"","_et_pb_old_content":"","_et_gb_content_width":"","inline_featured_image":false,"_links_to":"","_links_to_target":""},"product_category":[487],"product_type":[506],"product_shape":[647],"class_list":["post-54707","product","type-product","status-publish","has-post-thumbnail","hentry","product_category-alliages-ams"],"acf":[],"aioseo_notices":[],"_links":{"self":[{"href":"https:\/\/www.ampcometal.com\/fr\/wp-json\/wp\/v2\/product\/54707","targetHints":{"allow":["GET"]}}],"collection":[{"href":"https:\/\/www.ampcometal.com\/fr\/wp-json\/wp\/v2\/product"}],"about":[{"href":"https:\/\/www.ampcometal.com\/fr\/wp-json\/wp\/v2\/types\/product"}],"wp:featuredmedia":[{"embeddable":true,"href":"https:\/\/www.ampcometal.com\/fr\/wp-json\/wp\/v2\/media\/66718"}],"wp:attachment":[{"href":"https:\/\/www.ampcometal.com\/fr\/wp-json\/wp\/v2\/media?parent=54707"}],"wp:term":[{"taxonomy":"product_category","embeddable":true,"href":"https:\/\/www.ampcometal.com\/fr\/wp-json\/wp\/v2\/product_category?post=54707"},{"taxonomy":"product_type","embeddable":true,"href":"https:\/\/www.ampcometal.com\/fr\/wp-json\/wp\/v2\/product_type?post=54707"},{"taxonomy":"product_shape","embeddable":true,"href":"https:\/\/www.ampcometal.com\/fr\/wp-json\/wp\/v2\/product_shape?post=54707"}],"curies":[{"name":"wp","href":"https:\/\/api.w.org\/{rel}","templated":true}]}}