{"id":54705,"date":"2021-09-14T09:51:45","date_gmt":"2021-09-14T07:51:45","guid":{"rendered":"https:\/\/www.ampcometal.com\/products\/%product_category%\/ams-4640-2\/"},"modified":"2024-04-05T15:24:03","modified_gmt":"2024-04-05T13:24:03","slug":"ams-4640","status":"publish","type":"product","link":"https:\/\/www.ampcometal.com\/fr\/produits\/alliages-ams\/ams-4640\/","title":{"rendered":"AMS 4640"},"content":{"rendered":"<ul>\n<li data-gc-list-depth=\"1\" data-gc-list-style=\"bullet\"><strong>Propri\u00e9t\u00e9s m\u00e9caniques exceptionnelles :<\/strong> Le bronze d&rsquo;aluminium pr\u00e9sente des propri\u00e9t\u00e9s m\u00e9caniques sup\u00e9rieures \u00e0 celles des bronzes d&rsquo;aluminium et de nickel standard, ce qui en fait un alliage \u00e0 haute r\u00e9sistance avec des caract\u00e9ristiques de performance sup\u00e9rieures.<\/li>\n<li data-gc-list-depth=\"1\" data-gc-list-style=\"bullet\"><strong>Propri\u00e9t\u00e9s de r\u00e9sistance aux \u00e9tincelles :<\/strong> Les propri\u00e9t\u00e9s de r\u00e9sistance aux \u00e9tincelles de l&rsquo;alliage en font un choix s\u00fbr pour les applications dans les environnements explosifs, garantissant la s\u00e9curit\u00e9 des \u00e9quipements et du personnel.<\/li>\n<li data-gc-list-depth=\"1\" data-gc-list-style=\"bullet\"><strong>Id\u00e9al pour la r\u00e9sistance \u00e0 l&rsquo;usure : <\/strong>Cet alliage AMS excelle dans des conditions sp\u00e9ciales telles que les charges lourdes, les frottements \u00e9lev\u00e9s, l&rsquo;usure abrasive et les environnements corrosifs, ce qui en fait un choix polyvalent et fiable pour les applications exigeantes.<\/li>\n<li data-gc-list-depth=\"1\" data-gc-list-style=\"bullet\"><strong>Applications polyvalentes :<\/strong> La polyvalence de l&rsquo;AMS 4640 est \u00e9vidente dans une vari\u00e9t\u00e9 d&rsquo;industries gr\u00e2ce \u00e0 ses propri\u00e9t\u00e9s exceptionnelles.<\/li>\n<\/ul>\n<h5>Propri\u00e9t\u00e9s et sp\u00e9cifications<\/h5>\n<p>L&rsquo;AMS 4640 est un alliage de bronze d&rsquo;aluminium exceptionnel \u00e0 haute r\u00e9sistance dont les propri\u00e9t\u00e9s m\u00e9caniques d\u00e9passent celles des bronzes d&rsquo;aluminium et de nickel typiques. Cette sup\u00e9riorit\u00e9 est due \u00e0 son processus de fabrication unique. Cet alliage est bien adapt\u00e9 aux applications lourdes et excelle dans des conditions de charge \u00e9lev\u00e9e, de friction, d&rsquo;usure abrasive et de corrosion. Ce bronze AMS est \u00e9galement r\u00e9sistant aux \u00e9tincelles, ce qui en fait un choix s\u00fbr pour les applications dans des environnements potentiellement explosifs. Cet alliage r\u00e9pond aux sp\u00e9cifications rigoureuses de l&rsquo;AMS 4640, garantissant des performances fiables dans une gamme de sc\u00e9narios m\u00e9caniques et corrosifs exigeants.<\/p>\n<h5>Applications<\/h5>\n<p>L&rsquo;AMS 4640 est utilis\u00e9 dans une large gamme d&rsquo;applications exigeantes. Cet alliage de bronze d&rsquo;aluminium \u00e0 haute r\u00e9sistance est id\u00e9al pour les applications m\u00e9caniques lourdes et \u00e0 fortes contraintes, ainsi que pour les sc\u00e9narios corrosifs. Ses propri\u00e9t\u00e9s exceptionnelles en font un choix de premier ordre pour les applications impliquant l&rsquo;usure abrasive, la friction, la d\u00e9formation et l&rsquo;\u00e9rosion chimique. Les applications courantes comprennent les roulements et les coussinets d&rsquo;avions, les arbres et les bagues d&rsquo;usure de pompes et de bateaux, les broches et les si\u00e8ges de soupapes et les composants de machines-outils. En outre, ses propri\u00e9t\u00e9s de r\u00e9sistance aux \u00e9tincelles en font une option fiable pour les outils de s\u00e9curit\u00e9 et les composants de machines-outils utilis\u00e9s dans des environnements explosifs. La polyvalence et la durabilit\u00e9 de l&rsquo;alliage en font un choix pr\u00e9cieux dans une grande vari\u00e9t\u00e9 d&rsquo;industries.<\/p>\n","protected":false},"featured_media":66718,"template":"","meta":{"_et_pb_use_builder":"","_et_pb_old_content":"","_et_gb_content_width":"","inline_featured_image":false,"_links_to":"","_links_to_target":""},"product_category":[487],"product_type":[511],"product_shape":[647],"class_list":["post-54705","product","type-product","status-publish","has-post-thumbnail","hentry","product_category-alliages-ams"],"acf":[],"aioseo_notices":[],"_links":{"self":[{"href":"https:\/\/www.ampcometal.com\/fr\/wp-json\/wp\/v2\/product\/54705","targetHints":{"allow":["GET"]}}],"collection":[{"href":"https:\/\/www.ampcometal.com\/fr\/wp-json\/wp\/v2\/product"}],"about":[{"href":"https:\/\/www.ampcometal.com\/fr\/wp-json\/wp\/v2\/types\/product"}],"wp:featuredmedia":[{"embeddable":true,"href":"https:\/\/www.ampcometal.com\/fr\/wp-json\/wp\/v2\/media\/66718"}],"wp:attachment":[{"href":"https:\/\/www.ampcometal.com\/fr\/wp-json\/wp\/v2\/media?parent=54705"}],"wp:term":[{"taxonomy":"product_category","embeddable":true,"href":"https:\/\/www.ampcometal.com\/fr\/wp-json\/wp\/v2\/product_category?post=54705"},{"taxonomy":"product_type","embeddable":true,"href":"https:\/\/www.ampcometal.com\/fr\/wp-json\/wp\/v2\/product_type?post=54705"},{"taxonomy":"product_shape","embeddable":true,"href":"https:\/\/www.ampcometal.com\/fr\/wp-json\/wp\/v2\/product_shape?post=54705"}],"curies":[{"name":"wp","href":"https:\/\/api.w.org\/{rel}","templated":true}]}}