{"id":54702,"date":"2021-09-14T09:51:44","date_gmt":"2021-09-14T07:51:44","guid":{"rendered":"https:\/\/www.ampcometal.com\/products\/%product_category%\/ampco-15-2\/"},"modified":"2025-07-21T19:22:11","modified_gmt":"2025-07-21T17:22:11","slug":"ampco-15","status":"publish","type":"product","link":"https:\/\/www.ampcometal.com\/fr\/produits\/ampco-cupro-aluminium\/ampco-15\/","title":{"rendered":"AMPCO\u00ae 15"},"content":{"rendered":"<ul>\n<li><strong>R\u00e9sistance exceptionnelle \u00e0 la corrosion :<\/strong> Excellente r\u00e9sistance \u00e0 l&rsquo;eau de mer et aux acides min\u00e9raux non oxydants, ce qui en fait un produit id\u00e9al pour les applications marines et offshore.<\/li>\n<li><strong>Stabilit\u00e9 m\u00e9canique \u00e9lev\u00e9e :<\/strong> Cet alliage conserve ses propri\u00e9t\u00e9s m\u00e9caniques \u00e0 des temp\u00e9ratures allant jusqu&rsquo;\u00e0 315\u00b0C, ce qui garantit des performances fiables dans une grande vari\u00e9t\u00e9 d&rsquo;environnements industriels.<\/li>\n<li\"><strong>Applications polyvalentes :<\/strong> Il s&rsquo;agit d&rsquo;un mat\u00e9riau polyvalent utilis\u00e9 pour les cames, les bagues et les roulements, ce qui le rend adapt\u00e9 \u00e0 une large gamme d&rsquo;applications moyennes.<\/li>\n<li><strong>Microstructure d&rsquo;alliage unique :<\/strong> La sup\u00e9riorit\u00e9 constante de l&rsquo;AMPCO\u00ae 15 est due \u00e0 sa microstructure d&rsquo;alliage unique, qui garantit des performances fiables et durables dans toutes les industries.<\/li>\n<\/ul>\n<h5>Propri\u00e9t\u00e9s et sp\u00e9cifications<\/h5>\n<p>Alliage corroy\u00e9 d&rsquo;aluminium, de fer et de cuivre, l&rsquo;AMPCO\u00ae 15 est connu pour ses propri\u00e9t\u00e9s remarquables. Avec une excellente stabilit\u00e9 m\u00e9canique \u00e0 des temp\u00e9ratures allant jusqu&rsquo;\u00e0 315\u00b0C et une usinabilit\u00e9 de 50%, c&rsquo;est un choix polyvalent pour les applications moyennes. Cet alliage pr\u00e9sente \u00e9galement une excellente r\u00e9sistance \u00e0 la corrosion dans l&rsquo;eau de mer et les acides min\u00e9raux non oxydants, ce qui le rend id\u00e9al pour les environnements difficiles. L&rsquo;alliage peut \u00eatre travaill\u00e9 \u00e0 chaud et recuit \u00e0 des temp\u00e9ratures sp\u00e9cifiques pour obtenir des performances optimales. Sa sup\u00e9riorit\u00e9 constante sur le bronze commercial est due \u00e0 la microstructure unique de l&rsquo;alliage, souvent appel\u00e9e \u00ab\u00a0phase AMPCO\u00a0\u00bb. Compos\u00e9 de 88 % de cuivre, 9 % d&rsquo;aluminium et 3 % de fer, AMPCO\u00ae 15 est conforme aux normes ASTM et ASME, ce qui garantit sa fiabilit\u00e9 dans une grande vari\u00e9t\u00e9 d&rsquo;environnements industriels.<\/p>\n<h5>Applications<\/h5>\n<p>L&rsquo;alliage AMPCO\u00ae 15 est utilis\u00e9 dans une large gamme d&rsquo;applications industrielles. Sa r\u00e9sistance sup\u00e9rieure \u00e0 la corrosion par l&rsquo;eau de mer et les acides min\u00e9raux non oxydants en fait un choix de premier ordre pour les applications marines et offshore. Dans les applications industrielles, l&rsquo;alliage est utilis\u00e9 pour les cames, les coussinets, les cages de roulement, les tiges de soupape, les guides et les paliers lisses. Sa polyvalence et ses propri\u00e9t\u00e9s m\u00e9caniques exceptionnelles en font \u00e9galement un choix id\u00e9al pour les applications d&rsquo;usure et de fatigue moyennes. Qu&rsquo;il s&rsquo;agisse de la marine, de l&rsquo;a\u00e9rospatiale, de l&rsquo;automobile ou d&rsquo;autres industries, il offre des performances et une durabilit\u00e9 constantes, ce qui en fait un mat\u00e9riau pr\u00e9cieux pour toute une s\u00e9rie de besoins d&rsquo;ing\u00e9nierie.<\/p>\n","protected":false},"featured_media":66757,"template":"","meta":{"_et_pb_use_builder":"","_et_pb_old_content":"","_et_gb_content_width":"","inline_featured_image":false,"_links_to":"","_links_to_target":""},"product_category":[474],"product_type":[511],"product_shape":[],"class_list":["post-54702","product","type-product","status-publish","has-post-thumbnail","hentry","product_category-ampco-cupro-aluminium"],"acf":[],"aioseo_notices":[],"_links":{"self":[{"href":"https:\/\/www.ampcometal.com\/fr\/wp-json\/wp\/v2\/product\/54702","targetHints":{"allow":["GET"]}}],"collection":[{"href":"https:\/\/www.ampcometal.com\/fr\/wp-json\/wp\/v2\/product"}],"about":[{"href":"https:\/\/www.ampcometal.com\/fr\/wp-json\/wp\/v2\/types\/product"}],"wp:featuredmedia":[{"embeddable":true,"href":"https:\/\/www.ampcometal.com\/fr\/wp-json\/wp\/v2\/media\/66757"}],"wp:attachment":[{"href":"https:\/\/www.ampcometal.com\/fr\/wp-json\/wp\/v2\/media?parent=54702"}],"wp:term":[{"taxonomy":"product_category","embeddable":true,"href":"https:\/\/www.ampcometal.com\/fr\/wp-json\/wp\/v2\/product_category?post=54702"},{"taxonomy":"product_type","embeddable":true,"href":"https:\/\/www.ampcometal.com\/fr\/wp-json\/wp\/v2\/product_type?post=54702"},{"taxonomy":"product_shape","embeddable":true,"href":"https:\/\/www.ampcometal.com\/fr\/wp-json\/wp\/v2\/product_shape?post=54702"}],"curies":[{"name":"wp","href":"https:\/\/api.w.org\/{rel}","templated":true}]}}