{"id":54685,"date":"2021-09-14T09:51:39","date_gmt":"2021-09-14T07:51:39","guid":{"rendered":"https:\/\/www.ampcometal.com\/products\/%product_category%\/ampcoloy-89-2\/"},"modified":"2024-04-02T11:27:54","modified_gmt":"2024-04-02T09:27:54","slug":"ampcoloy-89","status":"publish","type":"product","link":"https:\/\/www.ampcometal.com\/fr\/produits\/ampcoloy-alliages-a-haute-teneur-en-cuivre\/ampcoloy-89\/","title":{"rendered":"AMPCOLOY\u00ae 89"},"content":{"rendered":"<ul>\n<li data-gc-list-depth=\"1\" data-gc-list-style=\"bullet\"><strong>Conductivit\u00e9 \u00e9lectrique \u00e9lev\u00e9e :<\/strong> Cet alliage \u00e0 haute teneur en cuivre pr\u00e9sente une excellente conductivit\u00e9 \u00e9lectrique, ce qui le rend adapt\u00e9 aux applications n\u00e9cessitant un transfert \u00e9lectrique efficace.<\/li>\n<li data-gc-list-depth=\"1\" data-gc-list-style=\"bullet\"><strong>Propri\u00e9t\u00e9s sup\u00e9rieures de transfert de chaleur :<\/strong> L&rsquo;alliage de bronze pr\u00e9sente des propri\u00e9t\u00e9s de transfert de chaleur am\u00e9lior\u00e9es, assurant une conductivit\u00e9 thermique efficace dans diverses applications.<\/li>\n<li data-gc-list-depth=\"1\" data-gc-list-style=\"bullet\"><strong>R\u00e9sistance exceptionnelle \u00e0 l&rsquo;usure :<\/strong> Con\u00e7ue pour une r\u00e9sistance sup\u00e9rieure \u00e0 l&rsquo;usure, elle garantit la durabilit\u00e9 et la long\u00e9vit\u00e9 dans les environnements exigeants.<\/li>\n<li data-gc-list-depth=\"1\" data-gc-list-style=\"bullet\"><strong>R\u00e9sistance \u00e0 la corrosion : <\/strong>Gr\u00e2ce \u00e0 sa r\u00e9sistance \u00e0 la corrosion, l&rsquo;alliage conserve son int\u00e9grit\u00e9 m\u00eame dans des conditions difficiles et corrosives, ce qui prolonge sa dur\u00e9e de vie et sa fiabilit\u00e9.<\/li>\n<\/ul>\n<h5>Propri\u00e9t\u00e9s et sp\u00e9cifications<\/h5>\n<p><\/br><br \/>\nL&rsquo;AMPCOLOY\u00ae 89 est un alliage de bronze remarquable qui a \u00e9t\u00e9 forg\u00e9 et extrud\u00e9 pour obtenir des propri\u00e9t\u00e9s physiques optimales. Con\u00e7u avec des propri\u00e9t\u00e9s \u00e9lectriques et de transfert de chaleur l\u00e9g\u00e8rement sup\u00e9rieures \u00e0 celles de l&rsquo;<a href=\"https:\/\/www.ampcometal.com\/products\/ampcoloy-high-copper-alloy\/ampcoloy-95\/\">AMPCOLOY\u00ae 95<\/a>, il offre une r\u00e9sistance exceptionnelle \u00e0 l&rsquo;usure et \u00e0 la corrosion. Cette composition unique se traduit par une conductivit\u00e9 thermique sup\u00e9rieure, un temps de cycle am\u00e9lior\u00e9 et une dur\u00e9e de vie de l&rsquo;outil plus longue &#8211; jusqu&rsquo;\u00e0 50 % de plus que le cuivre-titane. Gr\u00e2ce \u00e0 sa haute r\u00e9sistance \u00e0 la traction, l&rsquo;AMPCOLOY\u00ae 89 est le choix id\u00e9al pour les applications n\u00e9cessitant une durabilit\u00e9 et un transfert de chaleur efficace.<\/p>\n<h5>Applications<\/h5>\n<p><\/br><br \/>\nL&rsquo;AMPCOLOY\u00ae 89 a une large gamme d&rsquo;applications dans diverses industries. Ses propri\u00e9t\u00e9s \u00e9lectriques et de transfert de chaleur exceptionnelles en font un choix privil\u00e9gi\u00e9 pour les outils de soudage par \u00e9tincelage, les meules de soudage et les \u00e9lectrodes de soudage en treillis. Il excelle \u00e9galement comme pointe de piston dans les machines de moulage sous pression de l&rsquo;aluminium et comme composant des moules pour le moulage par injection de plastique. Qu&rsquo;il s&rsquo;agisse de produire des composants de pr\u00e9cision ou d&rsquo;am\u00e9liorer les performances de l&rsquo;\u00e9quipement de soudage, les propri\u00e9t\u00e9s uniques de l&rsquo;alliage s&rsquo;av\u00e8rent inestimables dans toute une s\u00e9rie d&rsquo;applications exigeantes.<\/p>\n","protected":false},"featured_media":66751,"template":"","meta":{"_et_pb_use_builder":"","_et_pb_old_content":"","_et_gb_content_width":"","inline_featured_image":false,"_links_to":"","_links_to_target":""},"product_category":[479],"product_type":[506,530],"product_shape":[647,631],"class_list":["post-54685","product","type-product","status-publish","has-post-thumbnail","hentry","product_category-ampcoloy-alliages-a-haute-teneur-en-cuivre"],"acf":[],"aioseo_notices":[],"_links":{"self":[{"href":"https:\/\/www.ampcometal.com\/fr\/wp-json\/wp\/v2\/product\/54685","targetHints":{"allow":["GET"]}}],"collection":[{"href":"https:\/\/www.ampcometal.com\/fr\/wp-json\/wp\/v2\/product"}],"about":[{"href":"https:\/\/www.ampcometal.com\/fr\/wp-json\/wp\/v2\/types\/product"}],"wp:featuredmedia":[{"embeddable":true,"href":"https:\/\/www.ampcometal.com\/fr\/wp-json\/wp\/v2\/media\/66751"}],"wp:attachment":[{"href":"https:\/\/www.ampcometal.com\/fr\/wp-json\/wp\/v2\/media?parent=54685"}],"wp:term":[{"taxonomy":"product_category","embeddable":true,"href":"https:\/\/www.ampcometal.com\/fr\/wp-json\/wp\/v2\/product_category?post=54685"},{"taxonomy":"product_type","embeddable":true,"href":"https:\/\/www.ampcometal.com\/fr\/wp-json\/wp\/v2\/product_type?post=54685"},{"taxonomy":"product_shape","embeddable":true,"href":"https:\/\/www.ampcometal.com\/fr\/wp-json\/wp\/v2\/product_shape?post=54685"}],"curies":[{"name":"wp","href":"https:\/\/api.w.org\/{rel}","templated":true}]}}