{"id":54667,"date":"2021-09-14T09:51:36","date_gmt":"2021-09-14T07:51:36","guid":{"rendered":"https:\/\/www.ampcometal.com\/products\/%product_category%\/ampco-8-2\/"},"modified":"2024-03-27T13:09:17","modified_gmt":"2024-03-27T11:09:17","slug":"ampco-8","status":"publish","type":"product","link":"https:\/\/www.ampcometal.com\/fr\/produits\/ampco-cupro-aluminium\/ampco-8\/","title":{"rendered":"AMPCO\u00ae 8"},"content":{"rendered":"<ul>\n<li data-gc-list-depth=\"1\" data-gc-list-style=\"bullet\"><strong>R\u00e9sistance exceptionnelle \u00e0 la corrosion :<\/strong> Offre une r\u00e9sistance remarquable \u00e0 la corrosion, ce qui en fait un choix fiable pour les applications dans les environnements corrosifs.<\/li>\n<li data-gc-list-depth=\"1\" data-gc-list-style=\"bullet\"><strong>Duret\u00e9 et ductilit\u00e9 \u00e9lev\u00e9es :<\/strong> Cet alliage de bronze d&rsquo;aluminium pr\u00e9sente un \u00e9quilibre unique entre une grande duret\u00e9 et une grande ductilit\u00e9, ce qui le rend adapt\u00e9 aux applications o\u00f9 ces deux caract\u00e9ristiques sont essentielles.<\/li>\n<li data-gc-list-depth=\"1\" data-gc-list-style=\"bullet\"><strong>R\u00e9sistance extr\u00eame \u00e0 la traction :<\/strong> Il pr\u00e9sente une r\u00e9sistance \u00e0 la traction exceptionnelle, ce qui lui conf\u00e8re la durabilit\u00e9 n\u00e9cessaire pour les applications industrielles exigeantes.<\/li>\n<li data-gc-list-depth=\"1\" data-gc-list-style=\"bullet\"><strong>Propri\u00e9t\u00e9s physiques am\u00e9lior\u00e9es :<\/strong> Gr\u00e2ce \u00e0 un processus de travail \u00e0 chaud pendant l&rsquo;extrusion, l&rsquo;alliage obtient une structure de grain compacte exempte d&rsquo;inclusions ou de d\u00e9fauts, ce qui lui conf\u00e8re des propri\u00e9t\u00e9s physiques sup\u00e9rieures que l&rsquo;on ne trouve g\u00e9n\u00e9ralement pas dans d&rsquo;autres alliages.<\/li>\n<\/ul>\n<h5>Propri\u00e9t\u00e9s et sp\u00e9cifications<\/h5>\n<p><\/br><br \/>\nL&rsquo;AMPCO\u00ae 8 poss\u00e8de des propri\u00e9t\u00e9s et des sp\u00e9cifications exceptionnelles qui en font un alliage aluminium-bronze remarquable. Cet alliage \u00e0 haute r\u00e9sistance combine une r\u00e9sistance exceptionnelle \u00e0 la corrosion avec un \u00e9quilibre remarquable entre duret\u00e9 et ductilit\u00e9, ce qui en fait un choix id\u00e9al pour les applications industrielles exigeantes. Avec une r\u00e9sistance \u00e0 la traction \u00e9lev\u00e9e, une t\u00e9nacit\u00e9 inh\u00e9rente et une ductilit\u00e9 que l&rsquo;on ne trouve pas habituellement dans un bronze d&rsquo;aluminium \u00e0 phase alpha unique, l&rsquo;AMPCO\u00ae 8 se distingue comme un mat\u00e9riau de qualit\u00e9 sup\u00e9rieure. Sa structure granulaire, exempte d&rsquo;inclusions ou de d\u00e9fauts, renforce encore ses propri\u00e9t\u00e9s physiques. L&rsquo;alliage excelle dans les applications o\u00f9 la r\u00e9sistance \u00e0 la corrosion, \u00e0 l&rsquo;\u00e9rosion, \u00e0 l&rsquo;abrasion et \u00e0 la piq\u00fbre de cavitation est essentielle, ce qui en fait un choix de premier ordre pour les industries telles que la marine et les industries connexes.<\/p>\n<h5>Applications<\/h5>\n<p><\/br><br \/>\nGr\u00e2ce \u00e0 ses propri\u00e9t\u00e9s exceptionnelles, l&rsquo;AMPCO\u00ae 8 trouve des applications polyvalentes dans diverses industries. Cet alliage de bronze d&rsquo;aluminium \u00e0 haute r\u00e9sistance est le premier choix pour les composants et les pi\u00e8ces o\u00f9 la r\u00e9sistance \u00e0 la corrosion, \u00e0 l&rsquo;\u00e9rosion, \u00e0 l&rsquo;abrasion et \u00e0 la piq\u00fbre de cavitation est primordiale. Il est couramment utilis\u00e9 dans des industries telles que les industries de transformation, la marine et l&rsquo;industrie manufacturi\u00e8re. L&rsquo;alliage excelle dans des applications telles que les tuyaux, les tubes, les joints et les connecteurs, o\u00f9 sa durabilit\u00e9 et ses performances exceptionnelles garantissent des op\u00e9rations ininterrompues. Qu&rsquo;il s&rsquo;agisse de prot\u00e9ger les environnements marins difficiles ou d&rsquo;am\u00e9liorer les machines industrielles, l&rsquo;AMPCO\u00ae 8 est un mat\u00e9riau fiable et essentiel pour une large gamme de besoins industriels exigeants.<\/p>\n","protected":false},"featured_media":54678,"template":"","meta":{"_et_pb_use_builder":"","_et_pb_old_content":"","_et_gb_content_width":"","inline_featured_image":false,"_links_to":"","_links_to_target":""},"product_category":[474],"product_type":[506,610],"product_shape":[631],"class_list":["post-54667","product","type-product","status-publish","has-post-thumbnail","hentry","product_category-ampco-cupro-aluminium"],"acf":[],"aioseo_notices":[],"_links":{"self":[{"href":"https:\/\/www.ampcometal.com\/fr\/wp-json\/wp\/v2\/product\/54667","targetHints":{"allow":["GET"]}}],"collection":[{"href":"https:\/\/www.ampcometal.com\/fr\/wp-json\/wp\/v2\/product"}],"about":[{"href":"https:\/\/www.ampcometal.com\/fr\/wp-json\/wp\/v2\/types\/product"}],"wp:featuredmedia":[{"embeddable":true,"href":"https:\/\/www.ampcometal.com\/fr\/wp-json\/wp\/v2\/media\/54678"}],"wp:attachment":[{"href":"https:\/\/www.ampcometal.com\/fr\/wp-json\/wp\/v2\/media?parent=54667"}],"wp:term":[{"taxonomy":"product_category","embeddable":true,"href":"https:\/\/www.ampcometal.com\/fr\/wp-json\/wp\/v2\/product_category?post=54667"},{"taxonomy":"product_type","embeddable":true,"href":"https:\/\/www.ampcometal.com\/fr\/wp-json\/wp\/v2\/product_type?post=54667"},{"taxonomy":"product_shape","embeddable":true,"href":"https:\/\/www.ampcometal.com\/fr\/wp-json\/wp\/v2\/product_shape?post=54667"}],"curies":[{"name":"wp","href":"https:\/\/api.w.org\/{rel}","templated":true}]}}