{"id":54656,"date":"2021-09-14T09:51:33","date_gmt":"2021-09-14T07:51:33","guid":{"rendered":"https:\/\/www.ampcometal.com\/products\/%product_category%\/ampco-22-2\/"},"modified":"2024-09-27T13:47:48","modified_gmt":"2024-09-27T11:47:48","slug":"ampco-22","status":"publish","type":"product","link":"https:\/\/www.ampcometal.com\/fr\/produits\/ampco-cupro-aluminium\/ampco-22\/","title":{"rendered":"AMPCO\u00ae 22"},"content":{"rendered":"<ul>\n<li data-gc-list-depth=\"1\" data-gc-list-style=\"bullet\"><strong>Duret\u00e9 remarquable : <\/strong>Cet alliage de bronze d&rsquo;aluminium offre une duret\u00e9 exceptionnelle, ce qui le rend id\u00e9al pour les applications n\u00e9cessitant des mat\u00e9riaux r\u00e9sistants et durables.<\/li>\n<li data-gc-list-depth=\"1\" data-gc-list-style=\"bullet\"><strong>Excellente r\u00e9sistance \u00e0 la compression :<\/strong> la r\u00e9sistance \u00e9lev\u00e9e \u00e0 la compression permet de supporter des charges et des pressions \u00e9lev\u00e9es, ce qui garantit la fiabilit\u00e9 dans les environnements exigeants.<\/li>\n<li data-gc-list-depth=\"1\" data-gc-list-style=\"bullet\"><strong>R\u00e9sistance impressionnante \u00e0 l&rsquo;usure :<\/strong> L&rsquo;impressionnante r\u00e9sistance \u00e0 l&rsquo;usure de cet alliage en fait un choix fiable pour les composants expos\u00e9s \u00e0 l&rsquo;abrasion et au frottement, ce qui prolonge leur dur\u00e9e de vie.<\/li>\n<li data-gc-list-depth=\"1\" data-gc-list-style=\"bullet\"><strong>Excellentes propri\u00e9t\u00e9s de glissement :<\/strong> Ses excellentes propri\u00e9t\u00e9s de glissement en font un produit id\u00e9al pour les applications qui n\u00e9cessitent un mouvement fluide et efficace, r\u00e9duisant le frottement et l&rsquo;usure.<\/li>\n<\/ul>\n<h5>Propri\u00e9t\u00e9s et sp\u00e9cifications<\/h5>\n<p><\/br> L&rsquo;AMPCO\u00ae 22 est un alliage de bronze d&rsquo;aluminium tr\u00e8s recherch\u00e9, connu pour ses propri\u00e9t\u00e9s exceptionnelles. Cet alliage \u00e0 structure duplex se compose d&rsquo;environ 50 % de phase gamma 2 et 50 % de phase b\u00eata, ce qui lui conf\u00e8re une duret\u00e9 in\u00e9gal\u00e9e, une r\u00e9sistance \u00e0 la compression exceptionnelle, une r\u00e9sistance \u00e0 l&rsquo;usure impressionnante et d&rsquo;excellentes propri\u00e9t\u00e9s de glissement. Sa composition unique le rend id\u00e9al pour les applications exigeantes o\u00f9 des tol\u00e9rances serr\u00e9es doivent \u00eatre maintenues, en particulier dans les op\u00e9rations de formage et d&rsquo;\u00e9tirage de l&rsquo;acier inoxydable. Gr\u00e2ce \u00e0 ses propri\u00e9t\u00e9s remarquables et \u00e0 ses sp\u00e9cifications pr\u00e9cises, cet alliage d&rsquo;aluminium et de bronze est un choix de premier ordre pour les industries qui exigent durabilit\u00e9 et performance. <\/p>\n<h5>Applications<\/h5>\n<p><\/br> L&rsquo;AMPCO\u00ae 22 trouve des applications polyvalentes dans un grand nombre d&rsquo;industries, en particulier dans le domaine du formage et de l&rsquo;\u00e9tirage de l&rsquo;acier inoxydable. Sa duret\u00e9 exceptionnelle, son excellente r\u00e9sistance \u00e0 la compression et \u00e0 l&rsquo;usure en font un choix pr\u00e9cieux pour les processus o\u00f9 la pr\u00e9cision et la durabilit\u00e9 sont primordiales. Qu&rsquo;il s&rsquo;agisse de former des composants complexes en acier inoxydable ou de maintenir des tol\u00e9rances serr\u00e9es sur de longues s\u00e9ries de production, c&rsquo;est l&rsquo;alliage de choix. Sa fiabilit\u00e9 s&rsquo;\u00e9tend \u00e0 des industries telles que la fabrication, l&rsquo;automobile, l&rsquo;a\u00e9rospatiale et bien d&rsquo;autres, o\u00f9 il joue un r\u00f4le essentiel en garantissant des r\u00e9sultats de haute qualit\u00e9 et une dur\u00e9e de vie prolong\u00e9e de l&rsquo;outil.<\/p>\n","protected":false},"featured_media":66754,"template":"","meta":{"_et_pb_use_builder":"","_et_pb_old_content":"","_et_gb_content_width":"","inline_featured_image":false,"_links_to":"","_links_to_target":""},"product_category":[474],"product_type":[501,553,616,506,530],"product_shape":[642,621,647,631],"class_list":["post-54656","product","type-product","status-publish","has-post-thumbnail","hentry","product_category-ampco-cupro-aluminium"],"acf":[],"aioseo_notices":[],"_links":{"self":[{"href":"https:\/\/www.ampcometal.com\/fr\/wp-json\/wp\/v2\/product\/54656","targetHints":{"allow":["GET"]}}],"collection":[{"href":"https:\/\/www.ampcometal.com\/fr\/wp-json\/wp\/v2\/product"}],"about":[{"href":"https:\/\/www.ampcometal.com\/fr\/wp-json\/wp\/v2\/types\/product"}],"wp:featuredmedia":[{"embeddable":true,"href":"https:\/\/www.ampcometal.com\/fr\/wp-json\/wp\/v2\/media\/66754"}],"wp:attachment":[{"href":"https:\/\/www.ampcometal.com\/fr\/wp-json\/wp\/v2\/media?parent=54656"}],"wp:term":[{"taxonomy":"product_category","embeddable":true,"href":"https:\/\/www.ampcometal.com\/fr\/wp-json\/wp\/v2\/product_category?post=54656"},{"taxonomy":"product_type","embeddable":true,"href":"https:\/\/www.ampcometal.com\/fr\/wp-json\/wp\/v2\/product_type?post=54656"},{"taxonomy":"product_shape","embeddable":true,"href":"https:\/\/www.ampcometal.com\/fr\/wp-json\/wp\/v2\/product_shape?post=54656"}],"curies":[{"name":"wp","href":"https:\/\/api.w.org\/{rel}","templated":true}]}}