{"id":54565,"date":"2021-09-14T09:51:13","date_gmt":"2021-09-14T07:51:13","guid":{"rendered":"https:\/\/www.ampcometal.com\/products\/%product_category%\/ampcoloy-83-2\/"},"modified":"2024-07-22T14:44:28","modified_gmt":"2024-07-22T12:44:28","slug":"ampcoloy-83","status":"publish","type":"product","link":"https:\/\/www.ampcometal.com\/fr\/produits\/ampcoloy-alliages-a-haute-teneur-en-cuivre\/ampcoloy-83\/","title":{"rendered":"AMPCOLOY\u00ae 83"},"content":{"rendered":"<ul>\n<li data-gc-list-depth=\"1\" data-gc-list-style=\"bullet\"><strong>Propri\u00e9t\u00e9s m\u00e9caniques exceptionnelles :<\/strong> L&rsquo;AMPCOLOY\u00ae 83 pr\u00e9sente une duret\u00e9 \u00e9lev\u00e9e et une r\u00e9sistance sup\u00e9rieure \u00e0 l&rsquo;usure, ce qui le rend id\u00e9al pour les applications o\u00f9 la r\u00e9sistance m\u00e9canique est essentielle.<\/li>\n<li data-gc-list-depth=\"1\" data-gc-list-style=\"bullet\"><strong>Excellente conductivit\u00e9 thermique :<\/strong> Cet alliage de cuivre au b\u00e9ryllium offre une excellente conductivit\u00e9 thermique, am\u00e9liorant les performances dans les applications o\u00f9 la dissipation de la chaleur est critique.<\/li>\n<li data-gc-list-depth=\"1\" data-gc-list-style=\"bullet\"><strong>R\u00e9sistance \u00e0 la corrosion : <\/strong>L&rsquo;alliage offre une excellente r\u00e9sistance \u00e0 la corrosion, ce qui garantit sa durabilit\u00e9 et sa long\u00e9vit\u00e9, en particulier dans les environnements difficiles.<\/li>\n<li data-gc-list-depth=\"1\" data-gc-list-style=\"bullet\"><strong>Polyvalence :<\/strong> Avec une bonne usinabilit\u00e9 et une bonne r\u00e9parabilit\u00e9 des soudures, c&rsquo;est un alliage polyvalent qui convient \u00e0 une large gamme d&rsquo;applications, des composants de moules en plastique aux pi\u00e8ces \u00e9lectriques.<\/li>\n<\/ul>\n<h5>Propri\u00e9t\u00e9s et sp\u00e9cifications<\/h5>\n<p> L&rsquo;AMPCOLOY\u00ae 83 est un alliage de cuivre au b\u00e9ryllium de haute qualit\u00e9 connu pour ses propri\u00e9t\u00e9s exceptionnelles et sa polyvalence. Cet alliage contient environ 1,9 % de b\u00e9ryllium, ce qui lui conf\u00e8re une excellente r\u00e9sistance m\u00e9canique, notamment une duret\u00e9 \u00e9lev\u00e9e et une grande r\u00e9sistance \u00e0 l&rsquo;usure. Il pr\u00e9sente \u00e9galement une bonne conductivit\u00e9 \u00e9lectrique et thermique. Cet alliage \u00e0 haute teneur en cuivre est forg\u00e9 et extrud\u00e9 pour obtenir ses meilleures propri\u00e9t\u00e9s physiques, ce qui le rend adapt\u00e9 \u00e0 une large gamme d&rsquo;applications. Sa r\u00e9sistance \u00e0 la corrosion, son usinabilit\u00e9 et sa r\u00e9parabilit\u00e9 par soudage en font un choix privil\u00e9gi\u00e9 pour les industries qui ont besoin de composants pr\u00e9sentant \u00e0 la fois une r\u00e9sistance m\u00e9canique et une conductivit\u00e9. Gr\u00e2ce \u00e0 sa conductivit\u00e9 thermique sup\u00e9rieure, l&rsquo;alliage am\u00e9liore le temps de cycle et la dur\u00e9e de vie des moules, en particulier dans les applications de moulage de plastique o\u00f9 il peut am\u00e9liorer la dur\u00e9e de vie des moules jusqu&rsquo;\u00e0 50 % par rapport au cuivre-titane. <\/p>\n<h5>Applications<\/h5>\n<p> Gr\u00e2ce \u00e0 ses propri\u00e9t\u00e9s exceptionnelles, l&rsquo;AMPCOLOY\u00ae 83 a une large gamme d&rsquo;applications dans une vari\u00e9t\u00e9 d&rsquo;industries. Cet alliage de cuivre au b\u00e9ryllium de haute qualit\u00e9 est couramment utilis\u00e9 dans la construction de plaques de refroidissement et d&rsquo;inserts pour moules, de broches de refroidissement, d&rsquo;anneaux de col et de plaques de fond pour les moules de soufflage utilis\u00e9s dans la production de bouteilles en plastique. Son excellente r\u00e9sistance \u00e0 l&rsquo;usure et ses propri\u00e9t\u00e9s m\u00e9caniques \u00e9lev\u00e9es, associ\u00e9es \u00e0 une bonne conductivit\u00e9 \u00e9lectrique et thermique, en font un choix privil\u00e9gi\u00e9 pour les composants \u00e9lectriques. En outre, l&rsquo;alliage \u00e0 haute teneur en cuivre est utilis\u00e9 dans des applications telles que le soudage par \u00e9tincelage et le soudage bout \u00e0 bout, o\u00f9 sa combinaison unique de propri\u00e9t\u00e9s est avantageuse. Toutefois, il est important de prendre des mesures de s\u00e9curit\u00e9 lors de l&rsquo;utilisation de l&rsquo;AMPCOLOY\u00ae 83 en raison de sa teneur en b\u00e9ryllium, en particulier lors d&rsquo;op\u00e9rations susceptibles de g\u00e9n\u00e9rer des poussi\u00e8res ou des fum\u00e9es, telles que le meulage \u00e0 sec, le polissage ou le soudage.<\/p>\n","protected":false},"featured_media":66751,"template":"","meta":{"_et_pb_use_builder":"","_et_pb_old_content":"","_et_gb_content_width":"","inline_featured_image":false,"_links_to":"","_links_to_target":""},"product_category":[479],"product_type":[506,530],"product_shape":[647,631],"class_list":["post-54565","product","type-product","status-publish","has-post-thumbnail","hentry","product_category-ampcoloy-alliages-a-haute-teneur-en-cuivre"],"acf":[],"aioseo_notices":[],"_links":{"self":[{"href":"https:\/\/www.ampcometal.com\/fr\/wp-json\/wp\/v2\/product\/54565","targetHints":{"allow":["GET"]}}],"collection":[{"href":"https:\/\/www.ampcometal.com\/fr\/wp-json\/wp\/v2\/product"}],"about":[{"href":"https:\/\/www.ampcometal.com\/fr\/wp-json\/wp\/v2\/types\/product"}],"wp:featuredmedia":[{"embeddable":true,"href":"https:\/\/www.ampcometal.com\/fr\/wp-json\/wp\/v2\/media\/66751"}],"wp:attachment":[{"href":"https:\/\/www.ampcometal.com\/fr\/wp-json\/wp\/v2\/media?parent=54565"}],"wp:term":[{"taxonomy":"product_category","embeddable":true,"href":"https:\/\/www.ampcometal.com\/fr\/wp-json\/wp\/v2\/product_category?post=54565"},{"taxonomy":"product_type","embeddable":true,"href":"https:\/\/www.ampcometal.com\/fr\/wp-json\/wp\/v2\/product_type?post=54565"},{"taxonomy":"product_shape","embeddable":true,"href":"https:\/\/www.ampcometal.com\/fr\/wp-json\/wp\/v2\/product_shape?post=54565"}],"curies":[{"name":"wp","href":"https:\/\/api.w.org\/{rel}","templated":true}]}}