{"id":54526,"date":"2021-09-14T09:51:03","date_gmt":"2021-09-14T07:51:03","guid":{"rendered":"https:\/\/www.ampcometal.com\/products\/%product_category%\/ampco-45-2\/"},"modified":"2024-04-03T16:53:05","modified_gmt":"2024-04-03T14:53:05","slug":"ampco-45","status":"publish","type":"product","link":"https:\/\/www.ampcometal.com\/fr\/produits\/ampco-cupro-aluminium\/ampco-45\/","title":{"rendered":"AMPCO\u00ae 45"},"content":{"rendered":"<ul>\n<li data-gc-list-depth=\"1\" data-gc-list-style=\"bullet\"><strong>Propri\u00e9t\u00e9s m\u00e9caniques exceptionnelles :<\/strong> Ce bronze d&rsquo;aluminium a des propri\u00e9t\u00e9s m\u00e9caniques qui d\u00e9passent celles des bronzes d&rsquo;aluminium et de nickel traditionnels, ce qui en fait un alliage de choix \u00e0 haute r\u00e9sistance.<\/li>\n<li data-gc-list-depth=\"1\" data-gc-list-style=\"bullet\"><strong>R\u00e9sistance sup\u00e9rieure :<\/strong> Cet alliage pr\u00e9sente une r\u00e9sistance sup\u00e9rieure \u00e0 l&rsquo;usure abrasive, au frottement, \u00e0 la d\u00e9formation et \u00e0 l&rsquo;\u00e9rosion chimique, ce qui garantit sa durabilit\u00e9 dans les applications exigeantes.<\/li>\n<li data-gc-list-depth=\"1\" data-gc-list-style=\"bullet\"><strong>Applications polyvalentes :<\/strong> Il est utilis\u00e9 dans des composants critiques dans une vari\u00e9t\u00e9 d&rsquo;industries, y compris l&rsquo;a\u00e9rospatiale, la marine, l&rsquo;industrie et les outils de s\u00e9curit\u00e9 pour les environnements explosifs.<\/li>\n<li data-gc-list-depth=\"1\" data-gc-list-style=\"bullet\"><strong>Conformit\u00e9 aux sp\u00e9cifications : <\/strong>L&rsquo;alliage r\u00e9pond \u00e0 des normes de qualit\u00e9 rigoureuses et est conforme aux sp\u00e9cifications AMS 4640 et ASTM B 150, garantissant fiabilit\u00e9 et performance.<\/li>\n<\/ul>\n<h5>Propri\u00e9t\u00e9s et sp\u00e9cifications<\/h5>\n<p><\/br><br \/>\nL&rsquo;AMPCO\u00ae 45 est un alliage remarquable \u00e0 haute r\u00e9sistance connu pour ses propri\u00e9t\u00e9s m\u00e9caniques exceptionnelles qui vont au-del\u00e0 des bronzes nickel-aluminium traditionnels. Son processus de fabrication unique lui conf\u00e8re des performances sup\u00e9rieures, ce qui en fait un produit id\u00e9al pour les applications m\u00e9caniques et corrosives lourdes et soumises \u00e0 de fortes contraintes. L&rsquo;alliage de bronze pr\u00e9sente une r\u00e9sistance remarquable \u00e0 l&rsquo;usure abrasive, au frottement, \u00e0 la d\u00e9formation et \u00e0 l&rsquo;\u00e9rosion chimique, ce qui en fait un choix de premier ordre pour les composants critiques tels que les roulements d&rsquo;avions, les arbres de pompes et de bateaux, les broches de vannes, les pi\u00e8ces de machines-outils et les outils de s\u00e9curit\u00e9 pour les environnements explosifs. Cet alliage r\u00e9pond aux sp\u00e9cifications AMS 4640 et ASTM B 150, garantissant qualit\u00e9 et fiabilit\u00e9.<\/p>\n<h5>Applications<\/h5>\n<p><\/br><br \/>\nL&rsquo;AMPCO\u00ae 45 est utilis\u00e9 dans une grande vari\u00e9t\u00e9 d&rsquo;industries en raison de ses propri\u00e9t\u00e9s sup\u00e9rieures. Cet alliage \u00e0 haute r\u00e9sistance est essentiel dans les environnements exigeants o\u00f9 l&rsquo;usure abrasive, le frottement, la d\u00e9formation et l&rsquo;\u00e9rosion chimique sont fr\u00e9quents. Ses performances remarquables en font le choix privil\u00e9gi\u00e9 pour les composants critiques dans une vari\u00e9t\u00e9 d&rsquo;industries, y compris l&rsquo;a\u00e9rospatiale &#8211; par exemple les roulements et les coussinets d&rsquo;avions -, la marine &#8211; par exemple les arbres de pompes et de navires, les bagues d&rsquo;usure -, l&rsquo;industrie &#8211; par exemple les broches et les si\u00e8ges de vannes, les pi\u00e8ces de machines-outils -, et la s\u00e9curit\u00e9 &#8211; par exemple les outils sans \u00e9tincelles et les composants de machines dans les atmosph\u00e8res potentiellement explosives. Que ce soit dans des conditions extr\u00eames ou dans des machines lourdes, cet alliage d&rsquo;aluminium et de bronze offre une fiabilit\u00e9 et une durabilit\u00e9 exceptionnelles, ce qui en fait un mat\u00e9riau essentiel pour de nombreuses applications industrielles.<\/p>\n","protected":false},"featured_media":66718,"template":"","meta":{"_et_pb_use_builder":"","_et_pb_old_content":"","_et_gb_content_width":"","inline_featured_image":false,"_links_to":"","_links_to_target":""},"product_category":[474],"product_type":[535,511],"product_shape":[647],"class_list":["post-54526","product","type-product","status-publish","has-post-thumbnail","hentry","product_category-ampco-cupro-aluminium"],"acf":[],"aioseo_notices":[],"_links":{"self":[{"href":"https:\/\/www.ampcometal.com\/fr\/wp-json\/wp\/v2\/product\/54526","targetHints":{"allow":["GET"]}}],"collection":[{"href":"https:\/\/www.ampcometal.com\/fr\/wp-json\/wp\/v2\/product"}],"about":[{"href":"https:\/\/www.ampcometal.com\/fr\/wp-json\/wp\/v2\/types\/product"}],"wp:featuredmedia":[{"embeddable":true,"href":"https:\/\/www.ampcometal.com\/fr\/wp-json\/wp\/v2\/media\/66718"}],"wp:attachment":[{"href":"https:\/\/www.ampcometal.com\/fr\/wp-json\/wp\/v2\/media?parent=54526"}],"wp:term":[{"taxonomy":"product_category","embeddable":true,"href":"https:\/\/www.ampcometal.com\/fr\/wp-json\/wp\/v2\/product_category?post=54526"},{"taxonomy":"product_type","embeddable":true,"href":"https:\/\/www.ampcometal.com\/fr\/wp-json\/wp\/v2\/product_type?post=54526"},{"taxonomy":"product_shape","embeddable":true,"href":"https:\/\/www.ampcometal.com\/fr\/wp-json\/wp\/v2\/product_shape?post=54526"}],"curies":[{"name":"wp","href":"https:\/\/api.w.org\/{rel}","templated":true}]}}