{"id":54515,"date":"2021-09-14T09:50:58","date_gmt":"2021-09-14T07:50:58","guid":{"rendered":"https:\/\/www.ampcometal.com\/products\/%product_category%\/ampco-18-136-2\/"},"modified":"2024-10-01T12:59:56","modified_gmt":"2024-10-01T10:59:56","slug":"ampco-18-136","status":"publish","type":"product","link":"https:\/\/www.ampcometal.com\/fr\/produits\/ampco-cupro-aluminium\/ampco-18-136\/","title":{"rendered":"AMPCO\u00ae 18.136"},"content":{"rendered":"<ul>\n<li data-gc-list-depth=\"1\" data-gc-list-style=\"bullet\"><strong>R\u00e9sistance \u00e0 l&rsquo;impact am\u00e9lior\u00e9e :<\/strong> Trait\u00e9e thermiquement pour augmenter la r\u00e9sistance aux chocs de 40 %.<\/li>\n<li data-gc-list-depth=\"1\" data-gc-list-style=\"bullet\"><strong>Limite d&rsquo;\u00e9lasticit\u00e9 am\u00e9lior\u00e9e :<\/strong> la limite d&rsquo;\u00e9lasticit\u00e9 en compression a \u00e9t\u00e9 augment\u00e9e de 10 % sans compromettre la r\u00e9sistance \u00e0 la traction.<\/li>\n<li data-gc-list-depth=\"1\" data-gc-list-style=\"bullet\"><strong>Durabilit\u00e9 exceptionnelle : <\/strong>Con\u00e7u pour les applications d&rsquo;usure extr\u00eame.<\/li>\n<li data-gc-list-depth=\"1\" data-gc-list-style=\"bullet\"><strong>Performance polyvalente<\/strong>: Id\u00e9al pour les composants d&rsquo;aci\u00e9rie tels que les glissi\u00e8res et les \u00e9crous boulonn\u00e9s.<\/li>\n<\/ul>\n<h5>Propri\u00e9t\u00e9s et sp\u00e9cifications<\/h5>\n<p><\/br> AMPCO\u00ae 18.136 est un alliage de bronze sp\u00e9cial connu pour ses propri\u00e9t\u00e9s exceptionnelles et ses sp\u00e9cifications pr\u00e9cises. Cet alliage est trait\u00e9 thermiquement pour augmenter sa r\u00e9sistance aux chocs de 40 % et sa limite d&rsquo;\u00e9lasticit\u00e9 de 10 %, tout en conservant son impressionnante r\u00e9sistance \u00e0 la traction. Gr\u00e2ce \u00e0 son \u00e9quilibre unique entre durabilit\u00e9 et polyvalence, il constitue un choix id\u00e9al pour les applications exigeantes des aci\u00e9ries, notamment les glissi\u00e8res, les \u00e9crous filet\u00e9s et les environnements similaires \u00e0 haute pression et \u00e0 fort impact. <\/p>\n<h5>Applications<\/h5>\n<p><\/br> L&rsquo;AMPCO\u00ae 18.136 trouve sa place dans les applications critiques des aci\u00e9ries o\u00f9 les pressions d&rsquo;usure extr\u00eames et les charges d&rsquo;impact significatives sont des d\u00e9fis quotidiens. Con\u00e7u et trait\u00e9 thermiquement pour exceller dans ces conditions, il s&rsquo;av\u00e8re inestimable dans des composants tels que les pantoufles et les \u00e9crous. Qu&rsquo;il s&rsquo;agisse de machines lourdes, d&rsquo;\u00e9quipements industriels ou d&rsquo;autres environnements exigeants, l&rsquo;alliage offre des performances et une durabilit\u00e9 exceptionnelles, ce qui en fait le premier choix pour ceux qui recherchent la fiabilit\u00e9 et la durabilit\u00e9 dans les environnements les plus exigeants.<\/p>\n","protected":false},"featured_media":66733,"template":"","meta":{"_et_pb_use_builder":"","_et_pb_old_content":"","_et_gb_content_width":"","inline_featured_image":false,"_links_to":"","_links_to_target":""},"product_category":[474],"product_type":[501,616],"product_shape":[],"class_list":["post-54515","product","type-product","status-publish","has-post-thumbnail","hentry","product_category-ampco-cupro-aluminium"],"acf":[],"aioseo_notices":[],"_links":{"self":[{"href":"https:\/\/www.ampcometal.com\/fr\/wp-json\/wp\/v2\/product\/54515","targetHints":{"allow":["GET"]}}],"collection":[{"href":"https:\/\/www.ampcometal.com\/fr\/wp-json\/wp\/v2\/product"}],"about":[{"href":"https:\/\/www.ampcometal.com\/fr\/wp-json\/wp\/v2\/types\/product"}],"wp:featuredmedia":[{"embeddable":true,"href":"https:\/\/www.ampcometal.com\/fr\/wp-json\/wp\/v2\/media\/66733"}],"wp:attachment":[{"href":"https:\/\/www.ampcometal.com\/fr\/wp-json\/wp\/v2\/media?parent=54515"}],"wp:term":[{"taxonomy":"product_category","embeddable":true,"href":"https:\/\/www.ampcometal.com\/fr\/wp-json\/wp\/v2\/product_category?post=54515"},{"taxonomy":"product_type","embeddable":true,"href":"https:\/\/www.ampcometal.com\/fr\/wp-json\/wp\/v2\/product_type?post=54515"},{"taxonomy":"product_shape","embeddable":true,"href":"https:\/\/www.ampcometal.com\/fr\/wp-json\/wp\/v2\/product_shape?post=54515"}],"curies":[{"name":"wp","href":"https:\/\/api.w.org\/{rel}","templated":true}]}}