{"id":54492,"date":"2021-09-14T09:50:48","date_gmt":"2021-09-14T07:50:48","guid":{"rendered":"https:\/\/www.ampcometal.com\/products\/%product_category%\/ampco-m4-2\/"},"modified":"2024-07-22T14:46:00","modified_gmt":"2024-07-22T12:46:00","slug":"ampco-m4","status":"publish","type":"product","link":"https:\/\/www.ampcometal.com\/fr\/produits\/ampco-cupro-aluminium\/ampco-m4\/","title":{"rendered":"AMPCO\u00ae M4"},"content":{"rendered":"<ul>\n<li data-gc-list-depth=\"1\" data-gc-list-style=\"bullet\"><strong>R\u00e9sistance exceptionnelle \u00e0 l&rsquo;usure :<\/strong> Ce bronze d&rsquo;aluminium pr\u00e9sente une excellente r\u00e9sistance \u00e0 l&rsquo;usure et \u00e0 l&rsquo;abrasion, ce qui le rend id\u00e9al pour les applications de frottement et de glissement \u00e9lev\u00e9s.<\/li>\n<li data-gc-list-depth=\"1\" data-gc-list-style=\"bullet\"><strong>R\u00e9sistance m\u00e9canique \u00e9lev\u00e9e :<\/strong> Il pr\u00e9sente une r\u00e9sistance m\u00e9canique impressionnante, ce qui garantit sa durabilit\u00e9 et sa fiabilit\u00e9 dans des environnements exigeants.<\/li>\n<li data-gc-list-depth=\"1\" data-gc-list-style=\"bullet\"><strong>R\u00e9sistance \u00e0 la corrosion :<\/strong> L&rsquo;alliage poss\u00e8de des propri\u00e9t\u00e9s inh\u00e9rentes de r\u00e9sistance \u00e0 la corrosion, ce qui permet de l&rsquo;utiliser dans des environnements corrosifs ou difficiles.<\/li>\n<li data-gc-list-depth=\"1\" data-gc-list-style=\"bullet\"><strong>R\u00e9sistance \u00e0 la chaleur : <\/strong>Maintient les performances et l&rsquo;int\u00e9grit\u00e9 structurelle \u00e0 des temp\u00e9ratures \u00e9lev\u00e9es, ce qui en fait un choix fiable pour les applications n\u00e9cessitant une stabilit\u00e9 thermique.<\/li>\n<\/ul>\n<h5>Caract\u00e9ristiques et sp\u00e9cifications<\/h5>\n<p> AMPCO\u00ae M4 est un alliage exceptionnel de bronze d&rsquo;aluminium connu pour ses propri\u00e9t\u00e9s remarquables. Ce mat\u00e9riau de haute performance poss\u00e8de des propri\u00e9t\u00e9s m\u00e9caniques sup\u00e9rieures \u00e0 celles des bronzes nickel-aluminium conventionnels. Il pr\u00e9sente une composition unique avec une teneur accrue en aluminium et en fer, ce qui se traduit par une distribution uniforme de la phase gamma 2 dure dans l&rsquo;ensemble de l&rsquo;alliage. Il en r\u00e9sulte une excellente r\u00e9sistance \u00e0 l&rsquo;usure, une r\u00e9duction du frottement et une am\u00e9lioration des propri\u00e9t\u00e9s de glissement. Par cons\u00e9quent, il convient parfaitement aux applications n\u00e9cessitant une r\u00e9sistance m\u00e9canique \u00e9lev\u00e9e \u00e0 des temp\u00e9ratures \u00e9lev\u00e9es, ce qui en fait un choix id\u00e9al pour les roulements de trains d&rsquo;atterrissage d&rsquo;avions, les matrices de pliage, les roues dent\u00e9es, etc. Conforme \u00e0 la norme AMS 4590 pour les extrusions, cet alliage de bronze offre fiabilit\u00e9 et performance sans les exigences d&rsquo;hygi\u00e8ne industrielle associ\u00e9es aux alternatives au cuivre au b\u00e9ryllium. <\/p>\n<h5>Applications<\/h5>\n<p> L&rsquo;AMPCO\u00ae M4 est utilis\u00e9 dans une grande vari\u00e9t\u00e9 d&rsquo;industries en raison de ses propri\u00e9t\u00e9s exceptionnelles. Cet alliage de bronze d&rsquo;aluminium haute performance excelle dans les environnements exigeants. C&rsquo;est le premier choix pour les roulements et les coussinets des trains d&rsquo;atterrissage des avions, garantissant des performances fiables dans des conditions extr\u00eames. Dans l&rsquo;industrie du cintrage des tubes, l&rsquo;alliage de bronze d&rsquo;aluminium est appr\u00e9ci\u00e9 pour son utilisation dans les outils de cintrage, y compris les sabots et les mandrins, en raison de sa durabilit\u00e9 et de sa r\u00e9sistance \u00e0 l&rsquo;usure exceptionnelles. C&rsquo;est \u00e9galement un mat\u00e9riau de confiance pour les engrenages et les plaques d&rsquo;usure\/de guidage, o\u00f9 sa r\u00e9sistance m\u00e9canique sup\u00e9rieure et sa r\u00e9sistance \u00e0 la corrosion brillent vraiment. De l&rsquo;a\u00e9rospatiale \u00e0 la fabrication en passant par l&rsquo;\u00e9quipement lourd, AMPCO\u00ae M4 a fait ses preuves dans les applications critiques.<\/p>\n","protected":false},"featured_media":66754,"template":"","meta":{"_et_pb_use_builder":"","_et_pb_old_content":"","_et_gb_content_width":"","inline_featured_image":false,"_links_to":"","_links_to_target":""},"product_category":[474],"product_type":[501,616,547,506,541],"product_shape":[642,621,647,631,637,652],"class_list":["post-54492","product","type-product","status-publish","has-post-thumbnail","hentry","product_category-ampco-cupro-aluminium"],"acf":[],"aioseo_notices":[],"_links":{"self":[{"href":"https:\/\/www.ampcometal.com\/fr\/wp-json\/wp\/v2\/product\/54492","targetHints":{"allow":["GET"]}}],"collection":[{"href":"https:\/\/www.ampcometal.com\/fr\/wp-json\/wp\/v2\/product"}],"about":[{"href":"https:\/\/www.ampcometal.com\/fr\/wp-json\/wp\/v2\/types\/product"}],"wp:featuredmedia":[{"embeddable":true,"href":"https:\/\/www.ampcometal.com\/fr\/wp-json\/wp\/v2\/media\/66754"}],"wp:attachment":[{"href":"https:\/\/www.ampcometal.com\/fr\/wp-json\/wp\/v2\/media?parent=54492"}],"wp:term":[{"taxonomy":"product_category","embeddable":true,"href":"https:\/\/www.ampcometal.com\/fr\/wp-json\/wp\/v2\/product_category?post=54492"},{"taxonomy":"product_type","embeddable":true,"href":"https:\/\/www.ampcometal.com\/fr\/wp-json\/wp\/v2\/product_type?post=54492"},{"taxonomy":"product_shape","embeddable":true,"href":"https:\/\/www.ampcometal.com\/fr\/wp-json\/wp\/v2\/product_shape?post=54492"}],"curies":[{"name":"wp","href":"https:\/\/api.w.org\/{rel}","templated":true}]}}