{"id":54382,"date":"2021-09-14T09:50:08","date_gmt":"2021-09-14T07:50:08","guid":{"rendered":"https:\/\/www.ampcometal.com\/plan-du-site\/"},"modified":"2021-09-14T09:50:08","modified_gmt":"2021-09-14T07:50:08","slug":"plan-du-site","status":"publish","type":"page","link":"https:\/\/www.ampcometal.com\/fr\/plan-du-site\/","title":{"rendered":"Plan du site"},"content":{"rendered":"[et_pb_section fb_built=\u00a0\u00bb1&Prime; specialty=\u00a0\u00bbon\u00a0\u00bb custom_padding_last_edited=\u00a0\u00bbon|desktop\u00a0\u00bb parallax_method_1=\u00a0\u00bboff\u00a0\u00bb parallax_method_2=\u00a0\u00bboff\u00a0\u00bb module_id_1=\u00a0\u00bbproduct-page-sidebar-column\u00a0\u00bb admin_label=\u00a0\u00bbSection\u00a0\u00bb _builder_version=\u00a0\u00bb3.22&Prime; background_color=\u00a0\u00bb#f7f7f7&Prime; custom_padding=\u00a0\u00bb0px||0px|\u00a0\u00bb custom_padding_tablet=\u00a0\u00bb40px|||\u00a0\u00bb custom_padding_phone=\u00a0\u00bb\u00a0\u00bb transparent_background=\u00a0\u00bboff\u00a0\u00bb make_fullwidth=\u00a0\u00bboff\u00a0\u00bb use_custom_width=\u00a0\u00bboff\u00a0\u00bb width_unit=\u00a0\u00bbon\u00a0\u00bb global_colors_info=\u00a0\u00bb{}\u00a0\u00bb][et_pb_column type=\u00a0\u00bb1_3&Prime; _builder_version=\u00a0\u00bb3.25&Prime; custom_padding=\u00a0\u00bb|||\u00a0\u00bb global_colors_info=\u00a0\u00bb{}\u00a0\u00bb custom_padding__hover=\u00a0\u00bb|||\u00a0\u00bb][et_pb_sidebar area=\u00a0\u00bbmisc_sidebar\u00a0\u00bb disabled_on=\u00a0\u00bbon|on|off\u00a0\u00bb admin_label=\u00a0\u00bbSidebar\u00a0\u00bb module_id=\u00a0\u00bbinner-product-sidebar-module\u00a0\u00bb _builder_version=\u00a0\u00bb4.9.4&Prime; remove_border=\u00a0\u00bboff\u00a0\u00bb global_colors_info=\u00a0\u00bb{}\u00a0\u00bb][\/et_pb_sidebar][\/et_pb_column][et_pb_column type=\u00a0\u00bb2_3&Prime; specialty_columns=\u00a0\u00bb2&Prime; _builder_version=\u00a0\u00bb3.25&Prime; custom_padding=\u00a0\u00bb|||\u00a0\u00bb global_colors_info=\u00a0\u00bb{}\u00a0\u00bb custom_padding__hover=\u00a0\u00bb|||\u00a0\u00bb][et_pb_row_inner custom_padding_last_edited=\u00a0\u00bbon|desktop\u00a0\u00bb admin_label=\u00a0\u00bbRow\u00a0\u00bb _builder_version=\u00a0\u00bb3.25&Prime; custom_margin=\u00a0\u00bb||80px|\u00a0\u00bb custom_margin_tablet=\u00a0\u00bb||60px|\u00a0\u00bb custom_margin_phone=\u00a0\u00bb\u00a0\u00bb custom_margin_last_edited=\u00a0\u00bbon|desktop\u00a0\u00bb custom_padding=\u00a0\u00bb40px||40px|\u00a0\u00bb custom_padding_tablet=\u00a0\u00bb\u00a0\u00bb custom_padding_phone=\u00a0\u00bb\u00a0\u00bb custom_css_main_element=\u00a0\u00bbborder-bottom: solid 2px #e8e8e8;\u00a0\u00bb global_colors_info=\u00a0\u00bb{}\u00a0\u00bb][et_pb_column_inner saved_specialty_column_type=\u00a0\u00bb2_3&Prime; _builder_version=\u00a0\u00bb3.25&Prime; custom_padding=\u00a0\u00bb|||\u00a0\u00bb global_colors_info=\u00a0\u00bb{}\u00a0\u00bb custom_padding__hover=\u00a0\u00bb|||\u00a0\u00bb][et_pb_code admin_label=\u00a0\u00bbCode\u00a0\u00bb _builder_version=\u00a0\u00bb4.9.11&Prime; hover_enabled=\u00a0\u00bb0&Prime; global_colors_info=\u00a0\u00bb{}\u00a0\u00bb sticky_enabled=\u00a0\u00bb0&Prime;]<div id=\"simple-sitemap-container-69d92c28335bd\" class=\"simple-sitemap-container simple-sitemap-container-69d92c28335bd tab-disabled\"><div class=\"simple-sitemap-wrap\"><h3 class=\"post-type\">Pages<\/h3><ul class=\"simple-sitemap-page main\"><li class=\"sitemap-item page_item page-item-54336\"><a href=\"https:\/\/www.ampcometal.com\/fr\/conditions-dutilisation\/\">Conditions d'utilisation<\/a><\/li>\n<li class=\"sitemap-item page_item page-item-54353\"><a href=\"https:\/\/www.ampcometal.com\/fr\/confidentialite\/\">Confidentialit\u00e9<\/a><\/li>\n<li class=\"sitemap-item page_item page-item-68172\"><a href=\"https:\/\/www.ampcometal.com\/fr\/cookie-policy\/\">Cookie Policy<\/a><\/li>\n<li class=\"sitemap-item page_item page-item-54381 page_item_has_children\"><a href=\"https:\/\/www.ampcometal.com\/fr\/donnees-techniques\/\">Donn\u00e9es techniques<\/a>\n<ul class='children'>\n\t<li class=\"sitemap-item page_item page-item-54679\"><a href=\"https:\/\/www.ampcometal.com\/fr\/donnees-techniques\/certifications\/\">Certifications<\/a><\/li>\n\t<li class=\"sitemap-item page_item page-item-54549\"><a href=\"https:\/\/www.ampcometal.com\/fr\/donnees-techniques\/conditions-generales-de-vente\/\">Conditions g\u00e9n\u00e9rales de vente<\/a><\/li>\n\t<li class=\"sitemap-item page_item page-item-54611\"><a href=\"https:\/\/www.ampcometal.com\/fr\/donnees-techniques\/donnees-dapprobation-alimentaire\/\">Donn\u00e9es d\u2019approbation alimentaire<\/a><\/li>\n\t<li class=\"sitemap-item page_item page-item-54693\"><a href=\"https:\/\/www.ampcometal.com\/fr\/donnees-techniques\/fiches-de-donnees-des-applications\/\">Fiches de donn\u00e9es des applications<\/a><\/li>\n\t<li class=\"sitemap-item page_item page-item-54629\"><a href=\"https:\/\/www.ampcometal.com\/fr\/donnees-techniques\/fiches-technique-de-securite\/\">Fiches technique de s\u00e9curit\u00e9<\/a><\/li>\n\t<li class=\"sitemap-item page_item page-item-54709\"><a href=\"https:\/\/www.ampcometal.com\/fr\/donnees-techniques\/fiches-techniques\/\">Fiches techniques<\/a><\/li>\n\t<li class=\"sitemap-item page_item page-item-54404\"><a href=\"https:\/\/www.ampcometal.com\/fr\/donnees-techniques\/microcast-technology\/\">Microcast\u00ae Technology<\/a><\/li>\n\t<li class=\"sitemap-item page_item page-item-54444\"><a href=\"https:\/\/www.ampcometal.com\/fr\/donnees-techniques\/recommandations-dusinage\/\">Recommandations d'usinage<\/a><\/li>\n\t<li class=\"sitemap-item page_item page-item-54489\"><a href=\"https:\/\/www.ampcometal.com\/fr\/donnees-techniques\/telechargement-de-medias\/\">T\u00e9l\u00e9chargement de m\u00e9dias<\/a><\/li>\n<\/ul>\n<\/li>\n<li class=\"sitemap-item page_item page-item-54635 page_item_has_children\"><a href=\"https:\/\/www.ampcometal.com\/fr\/entreprise\/\">Entreprise<\/a>\n<ul class='children'>\n\t<li class=\"sitemap-item page_item page-item-54383 page_item_has_children\"><a href=\"https:\/\/www.ampcometal.com\/fr\/entreprise\/carrieres\/\">Carri\u00e8res<\/a>\n\t<ul class='children'>\n\t\t<li class=\"sitemap-item page_item page-item-54342 page_item_has_children\"><a href=\"https:\/\/www.ampcometal.com\/fr\/entreprise\/carrieres\/offres-demploi\/\">Offres d'emploi<\/a>\n\t\t<ul class='children'>\n\t\t\t<li class=\"sitemap-item page_item page-item-54521\"><a href=\"https:\/\/www.ampcometal.com\/fr\/entreprise\/carrieres\/offres-demploi\/postuler-a-un-emploi\/\">Postuler \u00e0 un emploi<\/a><\/li>\n\t\t<\/ul>\n<\/li>\n\t\t<li class=\"sitemap-item page_item page-item-54416\"><a href=\"https:\/\/www.ampcometal.com\/fr\/entreprise\/carrieres\/travailler-chez-ampco\/\">Travailler chez AMPCO<\/a><\/li>\n\t<\/ul>\n<\/li>\n\t<li class=\"sitemap-item page_item page-item-54443\"><a href=\"https:\/\/www.ampcometal.com\/fr\/entreprise\/conseils-techniques\/\">Conseils techniques<\/a><\/li>\n\t<li class=\"sitemap-item page_item page-item-54550\"><a href=\"https:\/\/www.ampcometal.com\/fr\/entreprise\/contacter\/\">Contacter<\/a><\/li>\n\t<li class=\"sitemap-item page_item page-item-54449\"><a href=\"https:\/\/www.ampcometal.com\/fr\/entreprise\/demander-un-devis\/\">Demander un devis<\/a><\/li>\n\t<li class=\"sitemap-item page_item page-item-54607\"><a href=\"https:\/\/esg.ampcometal.com\/\">Durabilit\u00e9<\/a><\/li>\n\t<li class=\"sitemap-item page_item page-item-54723\"><a href=\"https:\/\/www.ampcometal.com\/fr\/entreprise\/histoire\/\">Histoire<\/a><\/li>\n\t<li class=\"sitemap-item page_item page-item-54740\"><a href=\"https:\/\/www.ampcometal.com\/fr\/entreprise\/profil\/\">Profil<\/a><\/li>\n\t<li class=\"sitemap-item page_item page-item-54739 page_item_has_children\"><a href=\"https:\/\/www.ampcometal.com\/fr\/entreprise\/travailler-avec-ampco\/\">Travailler avec AMPCO<\/a>\n\t<ul class='children'>\n\t\t<li class=\"sitemap-item page_item page-item-54525\"><a href=\"https:\/\/www.ampcometal.com\/fr\/entreprise\/travailler-avec-ampco\/code-dethique-et-de-conduite\/\">Code d'\u00e9thique et de conduite<\/a><\/li>\n\t\t<li class=\"sitemap-item page_item page-item-54734\"><a href=\"https:\/\/www.ampcometal.com\/fr\/entreprise\/travailler-avec-ampco\/declaration-covid19\/\">D\u00e9claration COVID19<\/a><\/li>\n\t\t<li class=\"sitemap-item page_item page-item-54604\"><a href=\"https:\/\/www.ampcometal.com\/fr\/entreprise\/travailler-avec-ampco\/directive-rohs\/\">Directive ROHS<\/a><\/li>\n\t\t<li class=\"sitemap-item page_item page-item-54601\"><a href=\"https:\/\/www.ampcometal.com\/fr\/entreprise\/travailler-avec-ampco\/mineraux-de-conflit\/\">Min\u00e9raux de conflit<\/a><\/li>\n\t\t<li class=\"sitemap-item page_item page-item-54555\"><a href=\"https:\/\/www.ampcometal.com\/fr\/entreprise\/travailler-avec-ampco\/reach\/\">REACH<\/a><\/li>\n\t<\/ul>\n<\/li>\n<\/ul>\n<\/li>\n<li class=\"sitemap-item page_item page-item-54451\"><a href=\"https:\/\/www.ampcometal.com\/fr\/liens\/\">Liens<\/a><\/li>\n<li class=\"sitemap-item page_item page-item-54634\"><a href=\"https:\/\/www.ampcometal.com\/fr\/outil-de-selection-de-produits\/\">Outil de s\u00e9lection de produits<\/a><\/li>\n<li class=\"sitemap-item page_item page-item-54532\"><a href=\"https:\/\/www.ampcometal.com\/fr\/\">Page d'accueil<\/a><\/li>\n<li class=\"sitemap-item page_item page-item-54382\"><a href=\"https:\/\/www.ampcometal.com\/fr\/plan-du-site\/\">Plan du site<\/a><\/li>\n<li class=\"sitemap-item page_item page-item-54533\"><a href=\"https:\/\/www.ampcometal.com\/fr\/produits\/\">Produits<\/a><\/li>\n<li class=\"sitemap-item page_item page-item-54633\"><a href=\"https:\/\/www.ampcometal.com\/fr\/salons-ampco\/\">Salons AMPCO<\/a><\/li>\n<\/ul><\/div><div class=\"simple-sitemap-wrap\"><h3 class=\"post-type\">Articles<\/h3><ul class=\"simple-sitemap-post main\"><li class=\"sitemap-item\"><a href=\"https:\/\/www.ampcometal.com\/fr\/declaration-concernant-la-guerre-et-la-violence-que-la-russie-a-imposees-a-lukraine\/\">D\u00e9claration concernant la guerre et la violence que la Russie a impos\u00e9es \u00e0 l&rsquo;Ukraine<\/a><\/li><\/ul><\/div><\/div><br style=\"clear: both;\">[\/et_pb_code][\/et_pb_column_inner][\/et_pb_row_inner][\/et_pb_column][\/et_pb_section]\n","protected":false},"excerpt":{"rendered":"<p>[et_pb_section fb_built=\u00a0\u00bb1&Prime; specialty=\u00a0\u00bbon\u00a0\u00bb custom_padding_last_edited=\u00a0\u00bbon|desktop\u00a0\u00bb parallax_method_1=\u00a0\u00bboff\u00a0\u00bb parallax_method_2=\u00a0\u00bboff\u00a0\u00bb module_id_1=\u00a0\u00bbproduct-page-sidebar-column\u00a0\u00bb admin_label=\u00a0\u00bbSection\u00a0\u00bb _builder_version=\u00a0\u00bb3.22&Prime; background_color=\u00a0\u00bb#f7f7f7&Prime; custom_padding=\u00a0\u00bb0px||0px|\u00a0\u00bb custom_padding_tablet=\u00a0\u00bb40px|||\u00a0\u00bb custom_padding_phone=\u00a0\u00bb\u00a0\u00bb transparent_background=\u00a0\u00bboff\u00a0\u00bb make_fullwidth=\u00a0\u00bboff\u00a0\u00bb use_custom_width=\u00a0\u00bboff\u00a0\u00bb width_unit=\u00a0\u00bbon\u00a0\u00bb global_colors_info=\u00a0\u00bb{}\u00a0\u00bb][et_pb_column type=\u00a0\u00bb1_3&Prime; _builder_version=\u00a0\u00bb3.25&Prime; custom_padding=\u00a0\u00bb|||\u00a0\u00bb global_colors_info=\u00a0\u00bb{}\u00a0\u00bb custom_padding__hover=\u00a0\u00bb|||\u00a0\u00bb][et_pb_sidebar area=\u00a0\u00bbmisc_sidebar\u00a0\u00bb disabled_on=\u00a0\u00bbon|on|off\u00a0\u00bb admin_label=\u00a0\u00bbSidebar\u00a0\u00bb module_id=\u00a0\u00bbinner-product-sidebar-module\u00a0\u00bb _builder_version=\u00a0\u00bb4.9.4&Prime; remove_border=\u00a0\u00bboff\u00a0\u00bb global_colors_info=\u00a0\u00bb{}\u00a0\u00bb][\/et_pb_sidebar][\/et_pb_column][et_pb_column type=\u00a0\u00bb2_3&Prime; specialty_columns=\u00a0\u00bb2&Prime; _builder_version=\u00a0\u00bb3.25&Prime; custom_padding=\u00a0\u00bb|||\u00a0\u00bb global_colors_info=\u00a0\u00bb{}\u00a0\u00bb custom_padding__hover=\u00a0\u00bb|||\u00a0\u00bb][et_pb_row_inner custom_padding_last_edited=\u00a0\u00bbon|desktop\u00a0\u00bb admin_label=\u00a0\u00bbRow\u00a0\u00bb _builder_version=\u00a0\u00bb3.25&Prime; custom_margin=\u00a0\u00bb||80px|\u00a0\u00bb custom_margin_tablet=\u00a0\u00bb||60px|\u00a0\u00bb custom_margin_phone=\u00a0\u00bb\u00a0\u00bb custom_margin_last_edited=\u00a0\u00bbon|desktop\u00a0\u00bb custom_padding=\u00a0\u00bb40px||40px|\u00a0\u00bb custom_padding_tablet=\u00a0\u00bb\u00a0\u00bb custom_padding_phone=\u00a0\u00bb\u00a0\u00bb custom_css_main_element=\u00a0\u00bbborder-bottom: solid 2px #e8e8e8;\u00a0\u00bb global_colors_info=\u00a0\u00bb{}\u00a0\u00bb][et_pb_column_inner saved_specialty_column_type=\u00a0\u00bb2_3&Prime; _builder_version=\u00a0\u00bb3.25&Prime; custom_padding=\u00a0\u00bb|||\u00a0\u00bb global_colors_info=\u00a0\u00bb{}\u00a0\u00bb [&hellip;]<\/p>\n","protected":false},"author":1,"featured_media":0,"parent":0,"menu_order":0,"comment_status":"closed","ping_status":"closed","template":"","meta":{"_et_pb_use_builder":"on","_et_pb_old_content":"","_et_gb_content_width":"","inline_featured_image":false,"footnotes":"","_links_to":"","_links_to_target":""},"class_list":["post-54382","page","type-page","status-publish","hentry"],"acf":[],"aioseo_notices":[],"_links":{"self":[{"href":"https:\/\/www.ampcometal.com\/fr\/wp-json\/wp\/v2\/pages\/54382","targetHints":{"allow":["GET"]}}],"collection":[{"href":"https:\/\/www.ampcometal.com\/fr\/wp-json\/wp\/v2\/pages"}],"about":[{"href":"https:\/\/www.ampcometal.com\/fr\/wp-json\/wp\/v2\/types\/page"}],"author":[{"embeddable":true,"href":"https:\/\/www.ampcometal.com\/fr\/wp-json\/wp\/v2\/users\/1"}],"replies":[{"embeddable":true,"href":"https:\/\/www.ampcometal.com\/fr\/wp-json\/wp\/v2\/comments?post=54382"}],"version-history":[{"count":0,"href":"https:\/\/www.ampcometal.com\/fr\/wp-json\/wp\/v2\/pages\/54382\/revisions"}],"wp:attachment":[{"href":"https:\/\/www.ampcometal.com\/fr\/wp-json\/wp\/v2\/media?parent=54382"}],"curies":[{"name":"wp","href":"https:\/\/api.w.org\/{rel}","templated":true}]}}