{"id":54375,"date":"2021-09-14T09:50:04","date_gmt":"2021-09-14T07:50:04","guid":{"rendered":"https:\/\/www.ampcometal.com\/products\/%product_category%\/ams-4590-2\/"},"modified":"2024-04-05T11:37:29","modified_gmt":"2024-04-05T09:37:29","slug":"ams-4590","status":"publish","type":"product","link":"https:\/\/www.ampcometal.com\/es\/productos\/aleaciones-ams\/ams-4590\/","title":{"rendered":"AMS 4590"},"content":{"rendered":"<ul>\n<li data-gc-list-depth=\"1\" data-gc-list-style=\"bullet\"><strong>Propiedades mec\u00e1nicas excepcionales:<\/strong> Este bronce AMS exhibe superioridad mec\u00e1nica sobre los bronces de n\u00edquel-aluminio comerciales y rivaliza con el cobre de berilio sin sus requisitos higi\u00e9nicos.<\/li>\n<li data-gc-list-depth=\"1\" data-gc-list-style=\"bullet\"><strong>Aplicaciones vers\u00e1tiles:<\/strong> Esta aleaci\u00f3n de alto rendimiento es muy adecuada para una gran variedad de aplicaciones, como cojinetes de trenes de aterrizaje de aviones, herramientas para la industria del curvado de tubos, ruedas dentadas, placas de desgaste y placas gu\u00eda.<\/li>\n<li data-gc-list-depth=\"1\" data-gc-list-style=\"bullet\"><strong>Ductilidad y conductividad:<\/strong> El bronce de aluminio ofrece una gran ductilidad y una excelente conductividad el\u00e9ctrica y t\u00e9rmica, lo que lo hace adecuado para aplicaciones que requieren flexibilidad y una transferencia eficaz de calor y energ\u00eda.<\/li>\n<li data-gc-list-depth=\"1\" data-gc-list-style=\"bullet\"><strong>Resistencia a la corrosi\u00f3n:<\/strong> Junto con sus impresionantes propiedades mec\u00e1nicas, ofrece una excelente resistencia a la corrosi\u00f3n, lo que garantiza su durabilidad en entornos dif\u00edciles.<\/li>\n<\/ul>\n<h2><strong>Propiedades y especificaciones<\/strong><\/h2>\n<p>AMS 4590 es una extraordinaria aleaci\u00f3n de bronce de aluminio y n\u00edquel conocida por sus excepcionales propiedades. Este material de alto rendimiento tiene una superioridad mec\u00e1nica sobre los bronces de n\u00edquel y aluminio comerciales y rivaliza con el cobre de berilio sin los requisitos de higiene industrial asociados. Con una gran ductilidad, una excelente conductividad el\u00e9ctrica y t\u00e9rmica, resistencia al impacto y una impresionante resistencia a la fluencia, este bronce AMS destaca en una amplia gama de aplicaciones. Permanece estable incluso en entornos de vac\u00edo. La <a href=\"https:\/\/www.ampcometal.com\/documents\/AMS_4590_EX_E%201403A.pdf\">documentaci\u00f3n AMS 4590<\/a> contiene especificaciones detalladas y detalles de extrusi\u00f3n, lo que la convierte en la opci\u00f3n ideal para los exigentes requisitos de ingenier\u00eda y fabricaci\u00f3n.<\/p>\n<h2><strong>Aplicaciones<\/strong><\/h2>\n<p>Esta aleaci\u00f3n de n\u00edquel y aluminio y bronce de alto rendimiento se utiliza en diversas industrias. Desarrollado originalmente para componentes aeron\u00e1uticos, como engranajes de tren de aterrizaje retr\u00e1ctil y cojinetes espaciadores de motor, su uso se ha ampliado para incluir cojinetes y casquillos de tren de aterrizaje de aeronaves, herramientas de la industria de curvado de tubos, como matrices de curvado, ruedas dentadas y placas de desgaste y gu\u00eda. La combinaci\u00f3n \u00fanica de resistencia mec\u00e1nica, ductilidad y resistencia a la corrosi\u00f3n del AMS 4590 lo convierte en la opci\u00f3n ideal para una amplia gama de exigentes aplicaciones de ingenier\u00eda y fabricaci\u00f3n.<\/p>\n","protected":false},"featured_media":66720,"template":"","meta":{"_et_pb_use_builder":"","_et_pb_old_content":"","_et_gb_content_width":"","inline_featured_image":false,"_links_to":"","_links_to_target":""},"product_category":[489],"product_type":[508],"product_shape":[650],"class_list":["post-54375","product","type-product","status-publish","has-post-thumbnail","hentry","product_category-aleaciones-ams"],"acf":[],"aioseo_notices":[],"_links":{"self":[{"href":"https:\/\/www.ampcometal.com\/es\/wp-json\/wp\/v2\/product\/54375","targetHints":{"allow":["GET"]}}],"collection":[{"href":"https:\/\/www.ampcometal.com\/es\/wp-json\/wp\/v2\/product"}],"about":[{"href":"https:\/\/www.ampcometal.com\/es\/wp-json\/wp\/v2\/types\/product"}],"wp:featuredmedia":[{"embeddable":true,"href":"https:\/\/www.ampcometal.com\/es\/wp-json\/wp\/v2\/media\/66720"}],"wp:attachment":[{"href":"https:\/\/www.ampcometal.com\/es\/wp-json\/wp\/v2\/media?parent=54375"}],"wp:term":[{"taxonomy":"product_category","embeddable":true,"href":"https:\/\/www.ampcometal.com\/es\/wp-json\/wp\/v2\/product_category?post=54375"},{"taxonomy":"product_type","embeddable":true,"href":"https:\/\/www.ampcometal.com\/es\/wp-json\/wp\/v2\/product_type?post=54375"},{"taxonomy":"product_shape","embeddable":true,"href":"https:\/\/www.ampcometal.com\/es\/wp-json\/wp\/v2\/product_shape?post=54375"}],"curies":[{"name":"wp","href":"https:\/\/api.w.org\/{rel}","templated":true}]}}