{"id":54349,"date":"2021-09-14T09:49:54","date_gmt":"2021-09-14T07:49:54","guid":{"rendered":"https:\/\/www.ampcometal.com\/products\/%product_category%\/ampco-673-2\/"},"modified":"2024-04-02T11:35:47","modified_gmt":"2024-04-02T09:35:47","slug":"ampco-673","status":"publish","type":"product","link":"https:\/\/www.ampcometal.com\/es\/productos\/otras-aleaciones-de-cobre\/ampco-673\/","title":{"rendered":"AMPCO\u00ae 673"},"content":{"rendered":"<ul>\n<li><strong>Excepcional forjabilidad en caliente:<\/strong> Este bronce de aluminio tiene un \u00edndice de forjabilidad en caliente de 100, lo que lo hace altamente maleable para formar diversos componentes.<\/li>\n<li data-gc-list-depth=\"1\" data-gc-list-style=\"bullet\"><strong>Mecanizabilidad impresionante:<\/strong> Con un \u00edndice de maquinabilidad del 80%, esta aleaci\u00f3n ofrece una f\u00e1cil personalizaci\u00f3n al tiempo que mantiene un rendimiento robusto.<\/li>\n<li data-gc-list-depth=\"1\" data-gc-list-style=\"bullet\"><strong>Aplicaciones vers\u00e1tiles:<\/strong> Se puede utilizar en una variedad de aplicaciones, incluyendo bujes, engranajes, levas, tuercas y tornillos, bielas, ejes locos, engranajes helicoidales, dedos de alimentaci\u00f3n y tornillos de plomo.<\/li>\n<li data-gc-list-depth=\"1\" data-gc-list-style=\"bullet\"><strong>Ideal para entornos corrosivos:<\/strong> Sus propiedades \u00fanicas lo hacen muy adecuado para aplicaciones que requieren fiabilidad y durabilidad en entornos de salida corrosivos.<\/li>\n<\/ul>\n<h5>Propiedades y especificaciones de AMPCO\u00ae 673<\/h5>\n<p><\/br><br \/>\nAMPCO\u00ae 673 es una aleaci\u00f3n superior de bronce de aluminio conocida por sus notables propiedades. Con un excelente \u00edndice de forjabilidad en caliente de 100, es la opci\u00f3n preferida para aplicaciones que requieren un <a href=\"https:\/\/www.ampcometal.com\/applications\/metal-forming\/\">conformado<\/a> extenso. Adem\u00e1s, la aleaci\u00f3n ofrece una maquinabilidad excepcional con un impresionante \u00edndice del 80%, lo que facilita su personalizaci\u00f3n. Este bronce de aluminio comparte caracter\u00edsticas b\u00e1sicas con <a href=\"https:\/\/www.ampcometal.com\/products\/other-alloys\/ampco-674\/\">AMPCO\u00ae 674<\/a>, ambas aleaciones de zinc-manganeso-silicio-plomo-cobre dise\u00f1adas para condiciones \u00fanicas. En particular, AMPCO\u00ae 673 tiene un mayor contenido de plomo, lo que mejora la maquinabilidad al tiempo que mantiene un rendimiento robusto. Su versatilidad hace que sea ideal para una amplia gama de aplicaciones, como casquillos, engranajes, levas, tuercas y pernos, bielas, ejes tensores, engranajes helicoidales, dedos de avance y tornillos de tuerca gu\u00eda.<\/p>\n<h5>Aplicaciones AMPCO\u00ae 673<\/h5>\n<p><\/br><br \/>\nEl bronce de aluminio AMPCO\u00ae 673 encuentra aplicaciones vers\u00e1tiles en una amplia gama de industrias. Su excepcional forjabilidad en caliente y mecanizabilidad lo convierten en la mejor opci\u00f3n para la conformaci\u00f3n de diversos componentes, como bujes, engranajes, levas, tuercas y pernos, bielas, ejes tensores, engranajes helicoidales, dedos de arrastre y tornillos de tuerca gu\u00eda. La combinaci\u00f3n \u00fanica de propiedades de esta aleaci\u00f3n, incluido su alto contenido en plomo, garantiza un mecanizado preciso al tiempo que mantiene un rendimiento robusto. Como resultado, esta aleaci\u00f3n es ideal para aplicaciones de rodamientos y salidas corrosivas, proporcionando fiabilidad y durabilidad en entornos exigentes.<\/p>\n","protected":false},"featured_media":66759,"template":"","meta":{"_et_pb_use_builder":"","_et_pb_old_content":"","_et_gb_content_width":"","inline_featured_image":false,"_links_to":"","_links_to_target":""},"product_category":[494],"product_type":[508],"product_shape":[650],"class_list":["post-54349","product","type-product","status-publish","has-post-thumbnail","hentry","product_category-otras-aleaciones-de-cobre"],"acf":[],"aioseo_notices":[],"_links":{"self":[{"href":"https:\/\/www.ampcometal.com\/es\/wp-json\/wp\/v2\/product\/54349","targetHints":{"allow":["GET"]}}],"collection":[{"href":"https:\/\/www.ampcometal.com\/es\/wp-json\/wp\/v2\/product"}],"about":[{"href":"https:\/\/www.ampcometal.com\/es\/wp-json\/wp\/v2\/types\/product"}],"wp:featuredmedia":[{"embeddable":true,"href":"https:\/\/www.ampcometal.com\/es\/wp-json\/wp\/v2\/media\/66759"}],"wp:attachment":[{"href":"https:\/\/www.ampcometal.com\/es\/wp-json\/wp\/v2\/media?parent=54349"}],"wp:term":[{"taxonomy":"product_category","embeddable":true,"href":"https:\/\/www.ampcometal.com\/es\/wp-json\/wp\/v2\/product_category?post=54349"},{"taxonomy":"product_type","embeddable":true,"href":"https:\/\/www.ampcometal.com\/es\/wp-json\/wp\/v2\/product_type?post=54349"},{"taxonomy":"product_shape","embeddable":true,"href":"https:\/\/www.ampcometal.com\/es\/wp-json\/wp\/v2\/product_shape?post=54349"}],"curies":[{"name":"wp","href":"https:\/\/api.w.org\/{rel}","templated":true}]}}