{"id":54325,"date":"2021-09-14T09:49:31","date_gmt":"2021-09-14T07:49:31","guid":{"rendered":"https:\/\/www.ampcometal.com\/products\/%product_category%\/ampcoloy-95-2\/"},"modified":"2025-03-13T14:08:26","modified_gmt":"2025-03-13T12:08:26","slug":"ampcoloy-95","status":"publish","type":"product","link":"https:\/\/www.ampcometal.com\/es\/productos\/aleaciones-de-alto-contenido-en-cobre-ampcoloy\/ampcoloy-95\/","title":{"rendered":"AMPCOLOY\u00ae 95"},"content":{"rendered":"<ul>\n<li data-gc-list-depth=\"1\" data-gc-list-style=\"bullet\"><strong>Excepcional resistencia al desgaste: <\/strong>Esta aleaci\u00f3n de alto contenido en cobre ofrece una excepcional resistencia al desgaste, por lo que es ideal para aplicaciones en las que la durabilidad es fundamental.<\/li>\n<li data-gc-list-depth=\"1\" data-gc-list-style=\"bullet\"><strong>Excelente resistencia a la corrosi\u00f3n:<\/strong> Es muy resistente a la corrosi\u00f3n, lo que garantiza su longevidad incluso en entornos dif\u00edciles.<\/li>\n<li data-gc-list-depth=\"1\" data-gc-list-style=\"bullet\"><strong>Conductividad t\u00e9rmica superior: <\/strong>La aleaci\u00f3n presenta una excelente conductividad t\u00e9rmica, lo que mejora el rendimiento en diversas aplicaciones t\u00e9rmicas.<\/li>\n<li data-gc-list-depth=\"1\" data-gc-list-style=\"bullet\"><strong>Altas propiedades mec\u00e1nicas:<\/strong> Dise\u00f1ado con altas propiedades mec\u00e1nicas para proporcionar resistencia y fiabilidad en entornos industriales exigentes.<\/li>\n<\/ul>\n<h5>Propiedades y especificaciones<\/h5>\n<p>AMPCOLOY\u00ae 95, que comparte algunas similitudes con AMPCOLOY\u00ae 91, es una aleaci\u00f3n extraordinaria conocida por sus excepcionales propiedades y especificaciones. Forjada y extruida para conseguir unas propiedades f\u00edsicas \u00f3ptimas, esta aleaci\u00f3n ofrece una excelente maquinabilidad combinada con una notable resistencia al desgaste y a la corrosi\u00f3n. Dise\u00f1ada con altas propiedades mec\u00e1nicas, esta aleaci\u00f3n de alto contenido en cobre destaca en aplicaciones que requieren una conductividad t\u00e9rmica superior, tiempos de ciclo m\u00e1s cortos y mayor vida \u00fatil de la herramienta, superando a menudo al cobre-titanio hasta en un 50%. La inigualable combinaci\u00f3n de resistencia y tenacidad de esta aleaci\u00f3n la convierte en la mejor elecci\u00f3n para electrodos de soldadura por puntos, portaelectrodos, soldadura de mallas y mucho m\u00e1s. Adem\u00e1s, los usuarios deben tener precauci\u00f3n debido al contenido de berilio del 0,5%, garantizando la seguridad durante cualquier operaci\u00f3n que pueda generar polvo o humos.<\/p>\n<h5>Aplicaciones<\/h5>\n<p>AMPCOLOY\u00ae 95 encuentra una amplia gama de aplicaciones gracias a sus excepcionales propiedades. Utilizado principalmente para electrodos de soldadura por puntos y portaelectrodos, destaca en aplicaciones de soldadura exigentes. Tambi\u00e9n es el material preferido para la soldadura de mallas, discos de soldadura de cordones para acero inoxidable, Monel\u00ae, aleaciones de n\u00edquel y matrices de soldadura flash. Su excelente conductividad t\u00e9rmica lo hace inestimable en puntas de \u00e9mbolo para m\u00e1quinas de fundici\u00f3n a presi\u00f3n de aluminio. Tambi\u00e9n desempe\u00f1a un papel clave en el moldeo por inyecci\u00f3n de pl\u00e1sticos cuando se desea una alta conductividad t\u00e9rmica.<\/p>\n","protected":false},"featured_media":66771,"template":"","meta":{"_et_pb_use_builder":"","_et_pb_old_content":"","_et_gb_content_width":"","inline_featured_image":false,"_links_to":"","_links_to_target":""},"product_category":[482],"product_type":[508,533],"product_shape":[635,640,650],"class_list":["post-54325","product","type-product","status-publish","has-post-thumbnail","hentry","product_category-aleaciones-de-alto-contenido-en-cobre-ampcoloy"],"acf":[],"aioseo_notices":[],"_links":{"self":[{"href":"https:\/\/www.ampcometal.com\/es\/wp-json\/wp\/v2\/product\/54325","targetHints":{"allow":["GET"]}}],"collection":[{"href":"https:\/\/www.ampcometal.com\/es\/wp-json\/wp\/v2\/product"}],"about":[{"href":"https:\/\/www.ampcometal.com\/es\/wp-json\/wp\/v2\/types\/product"}],"wp:featuredmedia":[{"embeddable":true,"href":"https:\/\/www.ampcometal.com\/es\/wp-json\/wp\/v2\/media\/66771"}],"wp:attachment":[{"href":"https:\/\/www.ampcometal.com\/es\/wp-json\/wp\/v2\/media?parent=54325"}],"wp:term":[{"taxonomy":"product_category","embeddable":true,"href":"https:\/\/www.ampcometal.com\/es\/wp-json\/wp\/v2\/product_category?post=54325"},{"taxonomy":"product_type","embeddable":true,"href":"https:\/\/www.ampcometal.com\/es\/wp-json\/wp\/v2\/product_type?post=54325"},{"taxonomy":"product_shape","embeddable":true,"href":"https:\/\/www.ampcometal.com\/es\/wp-json\/wp\/v2\/product_shape?post=54325"}],"curies":[{"name":"wp","href":"https:\/\/api.w.org\/{rel}","templated":true}]}}