{"id":54317,"date":"2021-09-14T09:49:28","date_gmt":"2021-09-14T07:49:28","guid":{"rendered":"https:\/\/www.ampcometal.com\/products\/%product_category%\/ampcoloy-88-2\/"},"modified":"2025-03-18T16:40:46","modified_gmt":"2025-03-18T14:40:46","slug":"ampcoloy-88","status":"publish","type":"product","link":"https:\/\/www.ampcometal.com\/es\/productos\/aleaciones-de-alto-contenido-en-cobre-ampcoloy\/ampcoloy-88\/","title":{"rendered":"AMPCOLOY\u00ae 88"},"content":{"rendered":"<ul>\n<li data-gc-list-depth=\"1\" data-gc-list-style=\"bullet\"><strong>Excepcional resistencia al desgaste:<\/strong> AMPCOLOY\u00ae 88 ofrece una excepcional resistencia al desgaste, lo que lo convierte en la opci\u00f3n ideal para componentes expuestos a condiciones abrasivas, garantizando su durabilidad y fiabilidad.<\/li>\n<li data-gc-list-depth=\"1\" data-gc-list-style=\"bullet\"><strong>Impresionante resistencia mec\u00e1nica:<\/strong> Esta aleaci\u00f3n de alto rendimiento tiene una resistencia mec\u00e1nica impresionante, lo que garantiza que pueda soportar cargas pesadas y entornos de alto estr\u00e9s.<\/li>\n<li data-gc-list-depth=\"1\" data-gc-list-style=\"bullet\"><strong>Alta conductividad t\u00e9rmica:<\/strong> Ofrece una alta conductividad t\u00e9rmica, mejorando la disipaci\u00f3n del calor y la eficiencia en aplicaciones donde la gesti\u00f3n de la temperatura es cr\u00edtica.<\/li>\n<li data-gc-list-depth=\"1\" data-gc-list-style=\"bullet\"><strong>Resistencia superior a la corrosi\u00f3n:<\/strong> Con su composici\u00f3n \u00fanica, esta aleaci\u00f3n de alto contenido en cobre proporciona una resistencia superior a la corrosi\u00f3n, alargando la vida \u00fatil del producto.<\/li>\n<\/ul>\n<h5>Propiedades y especificaciones<\/h5>\n<p>AMPCOLOY\u00ae 88 es una aleaci\u00f3n de bronce de alto rendimiento conocida por sus excepcionales propiedades y especificaciones. Esta aleaci\u00f3n presenta una notable resistencia al desgaste, por lo que es ideal para aplicaciones en las que la durabilidad es primordial. Su impresionante resistencia mec\u00e1nica garantiza longevidad y fiabilidad en diversos sectores. Con una excelente conductividad t\u00e9rmica, esta aleaci\u00f3n de alto contenido en cobre aumenta la eficacia y el rendimiento. Est\u00e1 dise\u00f1ado para ofrecer una resistencia superior al desgaste y la corrosi\u00f3n, lo que se traduce en ciclos de vida del producto m\u00e1s largos y una mayor productividad.<\/p>\n<h5>Aplicaciones<\/h5>\n<p>AMPCOLOY\u00ae 88 se utiliza en una amplia gama de industrias debido a sus propiedades vers\u00e1tiles. Esta <a href=\"https:\/\/www.ampcometal.com\/es\/productos\/aleaciones-de-alto-contenido-en-cobre-ampcoloy\/\">aleaci\u00f3n con alto contenido en cobre<\/a> se utiliza habitualmente en la fabricaci\u00f3n de herramientas de soldadura flash, ruedas de soldadura y electrodos de soldadura de malla, donde brillan su excepcional resistencia al desgaste y su resistencia mec\u00e1nica. Tambi\u00e9n es una opci\u00f3n excelente para segmentos de anillos amortiguadores en generadores y desempe\u00f1a un papel fundamental en el moldeo por inyecci\u00f3n de componentes de pl\u00e1stico. Su composici\u00f3n \u00fanica y su durabilidad lo convierten en un material de confianza en aplicaciones que exigen fiabilidad y una vida \u00fatil prolongada.<\/p>\n","protected":false},"featured_media":66753,"template":"","meta":{"_et_pb_use_builder":"","_et_pb_old_content":"","_et_gb_content_width":"","inline_featured_image":false,"_links_to":"","_links_to_target":""},"product_category":[482],"product_type":[508,533],"product_shape":[635,650],"class_list":["post-54317","product","type-product","status-publish","has-post-thumbnail","hentry","product_category-aleaciones-de-alto-contenido-en-cobre-ampcoloy"],"acf":[],"aioseo_notices":[],"_links":{"self":[{"href":"https:\/\/www.ampcometal.com\/es\/wp-json\/wp\/v2\/product\/54317","targetHints":{"allow":["GET"]}}],"collection":[{"href":"https:\/\/www.ampcometal.com\/es\/wp-json\/wp\/v2\/product"}],"about":[{"href":"https:\/\/www.ampcometal.com\/es\/wp-json\/wp\/v2\/types\/product"}],"wp:featuredmedia":[{"embeddable":true,"href":"https:\/\/www.ampcometal.com\/es\/wp-json\/wp\/v2\/media\/66753"}],"wp:attachment":[{"href":"https:\/\/www.ampcometal.com\/es\/wp-json\/wp\/v2\/media?parent=54317"}],"wp:term":[{"taxonomy":"product_category","embeddable":true,"href":"https:\/\/www.ampcometal.com\/es\/wp-json\/wp\/v2\/product_category?post=54317"},{"taxonomy":"product_type","embeddable":true,"href":"https:\/\/www.ampcometal.com\/es\/wp-json\/wp\/v2\/product_type?post=54317"},{"taxonomy":"product_shape","embeddable":true,"href":"https:\/\/www.ampcometal.com\/es\/wp-json\/wp\/v2\/product_shape?post=54317"}],"curies":[{"name":"wp","href":"https:\/\/api.w.org\/{rel}","templated":true}]}}