{"id":54304,"date":"2021-09-14T09:49:25","date_gmt":"2021-09-14T07:49:25","guid":{"rendered":"https:\/\/www.ampcometal.com\/products\/%product_category%\/ampco-m4-2\/"},"modified":"2024-07-22T14:45:06","modified_gmt":"2024-07-22T12:45:06","slug":"ampco-m4","status":"publish","type":"product","link":"https:\/\/www.ampcometal.com\/es\/productos\/bronce-al-aluminio-ampco\/ampco-m4\/","title":{"rendered":"AMPCO\u00ae M4"},"content":{"rendered":"<ul>\n<li data-gc-list-depth=\"1\" data-gc-list-style=\"bullet\"><strong>Excepcional resistencia al desgaste:<\/strong> Este bronce de aluminio presenta una excelente resistencia al desgaste y a la abrasi\u00f3n, por lo que es ideal para aplicaciones de alta fricci\u00f3n y deslizamiento.<\/li>\n<li data-gc-list-depth=\"1\" data-gc-list-style=\"bullet\"><strong>Alta resistencia mec\u00e1nica:<\/strong> Posee una impresionante resistencia mec\u00e1nica, lo que garantiza su durabilidad y fiabilidad en entornos exigentes.<\/li>\n<li data-gc-list-depth=\"1\" data-gc-list-style=\"bullet\"><strong>Resistencia a la corrosi\u00f3n:<\/strong> La aleaci\u00f3n tiene propiedades inherentes de resistencia a la corrosi\u00f3n, por lo que es adecuada para su uso en entornos corrosivos o dif\u00edciles.<\/li>\n<li data-gc-list-depth=\"1\" data-gc-list-style=\"bullet\"><strong>Resistencia al calor: <\/strong>Mantiene el rendimiento y la integridad estructural a temperaturas elevadas, lo que la convierte en una elecci\u00f3n fiable para aplicaciones que requieren estabilidad t\u00e9rmica.<\/li>\n<\/ul>\n<h5>Caracter\u00edsticas y especificaciones<\/h5>\n<p> AMPCO\u00ae M4 es una excepcional aleaci\u00f3n de aluminio y bronce conocida por sus notables propiedades. Este material de alto rendimiento tiene propiedades mec\u00e1nicas que superan las de los bronces de n\u00edquel y aluminio convencionales. Presenta una composici\u00f3n \u00fanica con un mayor contenido de aluminio y hierro, lo que da lugar a una distribuci\u00f3n uniforme de la fase gamma 2 dura en toda la aleaci\u00f3n. El resultado es una excelente resistencia al desgaste, menor fricci\u00f3n y mejores propiedades de deslizamiento. Como resultado, es muy adecuado para aplicaciones que requieren una alta resistencia mec\u00e1nica a temperaturas elevadas, por lo que es una opci\u00f3n ideal para cojinetes de trenes de aterrizaje de aviones, matrices de doblado, ruedas de engranajes, etc. Conforme a la norma AMS 4590 para extrusiones, esta aleaci\u00f3n de bronce ofrece fiabilidad y rendimiento sin los requisitos de higiene industrial asociados a las alternativas de cobre berilio. <\/p>\n<h5>Aplicaciones<\/h5>\n<p> AMPCO\u00ae M4 se utiliza en una gran variedad de industrias gracias a sus excepcionales propiedades. Esta aleaci\u00f3n de bronce y aluminio de alto rendimiento destaca en entornos exigentes. Es la primera elecci\u00f3n para cojinetes y casquillos de trenes de aterrizaje de aeronaves, garantizando un rendimiento fiable en condiciones extremas. En la industria del curvado de tubos, la aleaci\u00f3n de bronce y aluminio es apreciada por su uso en herramientas de curvado, incluidas zapatas y mandriles, debido a su extraordinaria durabilidad y resistencia al desgaste. Tambi\u00e9n es un material de confianza para engranajes y placas de desgaste\/gu\u00eda, donde realmente brillan su superior resistencia mec\u00e1nica y a la corrosi\u00f3n. Desde la industria aeroespacial hasta la fabricaci\u00f3n de equipos pesados, AMPCO\u00ae M4 ha demostrado su eficacia en aplicaciones cr\u00edticas.<\/p>\n","protected":false},"featured_media":66756,"template":"","meta":{"_et_pb_use_builder":"","_et_pb_old_content":"","_et_gb_content_width":"","inline_featured_image":false,"_links_to":"","_links_to_target":""},"product_category":[477],"product_type":[619,504,508,545,551],"product_shape":[645,635,640,650,624,655],"class_list":["post-54304","product","type-product","status-publish","has-post-thumbnail","hentry","product_category-bronce-al-aluminio-ampco"],"acf":[],"aioseo_notices":[],"_links":{"self":[{"href":"https:\/\/www.ampcometal.com\/es\/wp-json\/wp\/v2\/product\/54304","targetHints":{"allow":["GET"]}}],"collection":[{"href":"https:\/\/www.ampcometal.com\/es\/wp-json\/wp\/v2\/product"}],"about":[{"href":"https:\/\/www.ampcometal.com\/es\/wp-json\/wp\/v2\/types\/product"}],"wp:featuredmedia":[{"embeddable":true,"href":"https:\/\/www.ampcometal.com\/es\/wp-json\/wp\/v2\/media\/66756"}],"wp:attachment":[{"href":"https:\/\/www.ampcometal.com\/es\/wp-json\/wp\/v2\/media?parent=54304"}],"wp:term":[{"taxonomy":"product_category","embeddable":true,"href":"https:\/\/www.ampcometal.com\/es\/wp-json\/wp\/v2\/product_category?post=54304"},{"taxonomy":"product_type","embeddable":true,"href":"https:\/\/www.ampcometal.com\/es\/wp-json\/wp\/v2\/product_type?post=54304"},{"taxonomy":"product_shape","embeddable":true,"href":"https:\/\/www.ampcometal.com\/es\/wp-json\/wp\/v2\/product_shape?post=54304"}],"curies":[{"name":"wp","href":"https:\/\/api.w.org\/{rel}","templated":true}]}}