{"id":54295,"date":"2021-09-14T09:49:25","date_gmt":"2021-09-14T07:49:25","guid":{"rendered":"https:\/\/www.ampcometal.com\/products\/%product_category%\/ampco-26-2\/"},"modified":"2024-04-03T16:42:22","modified_gmt":"2024-04-03T14:42:22","slug":"ampco-26","status":"publish","type":"product","link":"https:\/\/www.ampcometal.com\/es\/productos\/bronce-al-aluminio-ampco\/ampco-26\/","title":{"rendered":"AMPCO\u00ae 26"},"content":{"rendered":"<ul>\n<li data-gc-list-depth=\"1\" data-gc-list-style=\"bullet\"><strong>Dureza excepcional:<\/strong> Esta aleaci\u00f3n de bronce de aluminio tiene una dureza notable, por lo que es ideal para aplicaciones en condiciones extremas.<\/li>\n<li data-gc-list-depth=\"1\" data-gc-list-style=\"bullet\"><strong>Durabilidad:<\/strong> Conocida por su resistencia superior al desgaste y la corrosi\u00f3n, esta aleaci\u00f3n garantiza un rendimiento duradero.<\/li>\n<li data-gc-list-depth=\"1\" data-gc-list-style=\"bullet\"><strong>Alta tolerancia al estr\u00e9s:<\/strong> Es muy adecuado para aplicaciones sometidas a grandes esfuerzos y presiones extremas.<\/li>\n<li data-gc-list-depth=\"1\" data-gc-list-style=\"bullet\"><strong>Aplicaciones industriales espec\u00edficas:<\/strong> Destaca en industrias como la metal\u00fargica, la manufacturera y otras, donde sus propiedades \u00fanicas ofrecen resultados superiores.<\/li>\n<\/ul>\n<h5>Caracter\u00edsticas y especificaciones<\/h5>\n<p><\/br><br \/>\nAMPCO\u00ae 26 es una aleaci\u00f3n patentada de bronce-aluminio duro de alto rendimiento conocida por sus excepcionales propiedades y especificaciones. Esta aleaci\u00f3n \u00fanica tiene una dureza notable, por lo que es muy adecuada para condiciones extremas y aplicaciones en las que la durabilidad es esencial. Gracias a su extraordinaria resistencia al desgaste, la corrosi\u00f3n y las altas presiones, esta aleaci\u00f3n de bronce es la mejor elecci\u00f3n para matrices de estirado y rodillos de conformado de acero inoxidable. Su composici\u00f3n qu\u00edmica y sus propiedades mec\u00e1nicas, incluidas la dureza y la resistencia a la tracci\u00f3n, est\u00e1n cuidadosamente dise\u00f1adas para ofrecer resultados superiores en entornos industriales exigentes, lo que la convierte en una soluci\u00f3n ideal para aplicaciones que requieren resistencia y durabilidad.<\/p>\n<h5>Aplicaciones<\/h5>\n<p><\/br><br \/>\nAMPCO\u00ae 26 se utiliza principalmente en industrias y escenarios en los que una dureza y tenacidad excepcionales son cr\u00edticas. Se utiliza mucho en matrices de trefilado de acero inoxidable, donde destaca por su resistencia a las altas presiones y fuerzas abrasivas que intervienen en el proceso de conformado del metal. Adem\u00e1s, la aleaci\u00f3n de bronce y aluminio es la opci\u00f3n preferida para los rodillos de conformado sometidos a grandes esfuerzos, ya que su combinaci\u00f3n \u00fanica de propiedades garantiza una vida \u00fatil prolongada y un rendimiento fiable. Las excepcionales propiedades de la aleaci\u00f3n la convierten en un valioso activo en industrias como la manufacturera, la metal\u00fargica y otras, donde sirve como soluci\u00f3n fiable para entornos dif\u00edciles y exigentes.<\/p>\n","protected":false},"featured_media":66759,"template":"","meta":{"_et_pb_use_builder":"","_et_pb_old_content":"","_et_gb_content_width":"","inline_featured_image":false,"_links_to":"","_links_to_target":""},"product_category":[477],"product_type":[619,504,557,533],"product_shape":[],"class_list":["post-54295","product","type-product","status-publish","has-post-thumbnail","hentry","product_category-bronce-al-aluminio-ampco"],"acf":[],"aioseo_notices":[],"_links":{"self":[{"href":"https:\/\/www.ampcometal.com\/es\/wp-json\/wp\/v2\/product\/54295","targetHints":{"allow":["GET"]}}],"collection":[{"href":"https:\/\/www.ampcometal.com\/es\/wp-json\/wp\/v2\/product"}],"about":[{"href":"https:\/\/www.ampcometal.com\/es\/wp-json\/wp\/v2\/types\/product"}],"wp:featuredmedia":[{"embeddable":true,"href":"https:\/\/www.ampcometal.com\/es\/wp-json\/wp\/v2\/media\/66759"}],"wp:attachment":[{"href":"https:\/\/www.ampcometal.com\/es\/wp-json\/wp\/v2\/media?parent=54295"}],"wp:term":[{"taxonomy":"product_category","embeddable":true,"href":"https:\/\/www.ampcometal.com\/es\/wp-json\/wp\/v2\/product_category?post=54295"},{"taxonomy":"product_type","embeddable":true,"href":"https:\/\/www.ampcometal.com\/es\/wp-json\/wp\/v2\/product_type?post=54295"},{"taxonomy":"product_shape","embeddable":true,"href":"https:\/\/www.ampcometal.com\/es\/wp-json\/wp\/v2\/product_shape?post=54295"}],"curies":[{"name":"wp","href":"https:\/\/api.w.org\/{rel}","templated":true}]}}