{"id":54278,"date":"2021-09-14T09:49:22","date_gmt":"2021-09-14T07:49:22","guid":{"rendered":"https:\/\/www.ampcometal.com\/products\/%product_category%\/ampco-25-2\/"},"modified":"2024-12-17T12:51:30","modified_gmt":"2024-12-17T10:51:30","slug":"ampco-25","status":"publish","type":"product","link":"https:\/\/www.ampcometal.com\/es\/productos\/bronce-al-aluminio-ampco\/ampco-25\/","title":{"rendered":"AMPCO\u00ae 25"},"content":{"rendered":"<ul>\n<li data-gc-list-depth=\"1\" data-gc-list-style=\"bullet\"><strong>Dureza excepcional: <\/strong>Esta aleaci\u00f3n de aluminio y bronce presenta una dureza notable, lo que garantiza su durabilidad y resistencia al desgaste.<\/li>\n<li data-gc-list-depth=\"1\" data-gc-list-style=\"bullet\"><strong>Excelente resistencia a la compresi\u00f3n:<\/strong> Esta aleaci\u00f3n tiene una excelente resistencia a la compresi\u00f3n, por lo que es adecuada para aplicaciones de alta carga compresiva.<\/li>\n<li data-gc-list-depth=\"1\" data-gc-list-style=\"bullet\"><strong>Propiedades de fricci\u00f3n superiores:<\/strong> Sus excelentes propiedades de fricci\u00f3n mejoran su rendimiento en diversas aplicaciones industriales.<\/li>\n<li data-gc-list-depth=\"1\" data-gc-list-style=\"bullet\"><strong>Aplicaciones vers\u00e1tiles:<\/strong> La aleaci\u00f3n se utiliza en rodillos de conformado, herramientas de doblado y aplicaciones de desgaste en diversas industrias, lo que demuestra su versatilidad.<\/li>\n<\/ul>\n<h5>Propiedades y especificaciones<\/h5>\n<p><\/br>  AMPCO\u00ae 25 es una aleaci\u00f3n dura patentada de alto rendimiento conocida por sus excepcionales propiedades mec\u00e1nicas. Posee una dureza notable, una excelente resistencia a la compresi\u00f3n y unas propiedades de fricci\u00f3n superiores, lo que lo convierte en la opci\u00f3n ideal para aplicaciones exigentes. Con un alargamiento cero del material, deben evitarse las secciones finas y es fundamental un soporte adecuado. La aleaci\u00f3n de bronce se utiliza normalmente para rodillos de conformado, matrices de doblado y aplicaciones de desgaste con altas cargas de compresi\u00f3n. Sus especificaciones garantizan un rendimiento fiable, por lo que es un material preferido para las industrias que exigen durabilidad y precisi\u00f3n.  <\/p>\n<h5>Aplicaciones<\/h5>\n<p><\/br>  El AMPCO\u00ae 25 encuentra su versatilidad en una amplia gama de aplicaciones gracias a sus excepcionales propiedades. Se utiliza habitualmente como rodillos de conformado y matrices de doblado en diversos entornos industriales. Adem\u00e1s, sus propiedades de fricci\u00f3n inherentes lo convierten en una opci\u00f3n excelente para aplicaciones de desgaste en las que predominan las cargas de compresi\u00f3n elevadas. Su \u00e9xito generalizado se extiende a \u00e1mbitos como la fabricaci\u00f3n, la metalurgia y las industrias que requieren materiales robustos y duraderos para el conformado y la resistencia al desgaste.<\/p>\n","protected":false},"featured_media":66756,"template":"","meta":{"_et_pb_use_builder":"","_et_pb_old_content":"","_et_gb_content_width":"","inline_featured_image":false,"_links_to":"","_links_to_target":""},"product_category":[477],"product_type":[619,504,557,508,533],"product_shape":[645,635,640,650,624,655],"class_list":["post-54278","product","type-product","status-publish","has-post-thumbnail","hentry","product_category-bronce-al-aluminio-ampco"],"acf":[],"aioseo_notices":[],"_links":{"self":[{"href":"https:\/\/www.ampcometal.com\/es\/wp-json\/wp\/v2\/product\/54278","targetHints":{"allow":["GET"]}}],"collection":[{"href":"https:\/\/www.ampcometal.com\/es\/wp-json\/wp\/v2\/product"}],"about":[{"href":"https:\/\/www.ampcometal.com\/es\/wp-json\/wp\/v2\/types\/product"}],"wp:featuredmedia":[{"embeddable":true,"href":"https:\/\/www.ampcometal.com\/es\/wp-json\/wp\/v2\/media\/66756"}],"wp:attachment":[{"href":"https:\/\/www.ampcometal.com\/es\/wp-json\/wp\/v2\/media?parent=54278"}],"wp:term":[{"taxonomy":"product_category","embeddable":true,"href":"https:\/\/www.ampcometal.com\/es\/wp-json\/wp\/v2\/product_category?post=54278"},{"taxonomy":"product_type","embeddable":true,"href":"https:\/\/www.ampcometal.com\/es\/wp-json\/wp\/v2\/product_type?post=54278"},{"taxonomy":"product_shape","embeddable":true,"href":"https:\/\/www.ampcometal.com\/es\/wp-json\/wp\/v2\/product_shape?post=54278"}],"curies":[{"name":"wp","href":"https:\/\/api.w.org\/{rel}","templated":true}]}}