{"id":54272,"date":"2021-09-14T09:49:20","date_gmt":"2021-09-14T07:49:20","guid":{"rendered":"https:\/\/www.ampcometal.com\/products\/%product_category%\/ampcoloy-83-2\/"},"modified":"2023-02-01T12:54:10","modified_gmt":"2023-02-01T10:54:10","slug":"ampcoloy-83","status":"publish","type":"product","link":"https:\/\/www.ampcometal.com\/es\/productos\/aleaciones-de-alto-contenido-en-cobre-ampcoloy\/ampcoloy-83\/","title":{"rendered":"AMPCOLOY\u00ae 83"},"content":{"rendered":"<ul>\n<li>Forjado y extruido para obtener las mejores propiedades f\u00edsicas.<\/li>\n<li>Altos niveles de dureza.<\/li>\n<li>Excelente resistencia a la corrosi\u00f3n.<\/li>\n<li>F\u00e1cil de mecanizar, f\u00e1cil de pulir y reparable por soldadura.<\/li>\n<\/ul>\n<p>El AMPCOLOY\u00ae 83 es un cobre al berilio excepcional de alta forjabilidad y f\u00e1cil de mecanizar. Se ha dise\u00f1ado teniendo en cuenta propiedades mec\u00e1nicas extremadamente elevadas, lo que se traduce en una conductividad t\u00e9rmica superior, un mejor tiempo de ciclo y una mayor vida \u00fatil del molde, hasta un 50% m\u00e1s en comparaci\u00f3n con el titanio de cobre.<\/p>\n<p>ADVERTENCIA: Tome precauciones para asegurarse de que no haya inhalaci\u00f3n o exposici\u00f3n a los ojos o la piel cuando se produzca polvo o humo durante su utilizaci\u00f3n.<\/p>\n","protected":false},"featured_media":66753,"template":"","meta":{"_et_pb_use_builder":"","_et_pb_old_content":"","_et_gb_content_width":"","inline_featured_image":false,"_links_to":"","_links_to_target":""},"product_category":[482],"product_type":[508,533],"product_shape":[635,650],"class_list":["post-54272","product","type-product","status-publish","has-post-thumbnail","hentry","product_category-aleaciones-de-alto-contenido-en-cobre-ampcoloy"],"acf":[],"aioseo_notices":[],"_links":{"self":[{"href":"https:\/\/www.ampcometal.com\/es\/wp-json\/wp\/v2\/product\/54272","targetHints":{"allow":["GET"]}}],"collection":[{"href":"https:\/\/www.ampcometal.com\/es\/wp-json\/wp\/v2\/product"}],"about":[{"href":"https:\/\/www.ampcometal.com\/es\/wp-json\/wp\/v2\/types\/product"}],"wp:featuredmedia":[{"embeddable":true,"href":"https:\/\/www.ampcometal.com\/es\/wp-json\/wp\/v2\/media\/66753"}],"wp:attachment":[{"href":"https:\/\/www.ampcometal.com\/es\/wp-json\/wp\/v2\/media?parent=54272"}],"wp:term":[{"taxonomy":"product_category","embeddable":true,"href":"https:\/\/www.ampcometal.com\/es\/wp-json\/wp\/v2\/product_category?post=54272"},{"taxonomy":"product_type","embeddable":true,"href":"https:\/\/www.ampcometal.com\/es\/wp-json\/wp\/v2\/product_type?post=54272"},{"taxonomy":"product_shape","embeddable":true,"href":"https:\/\/www.ampcometal.com\/es\/wp-json\/wp\/v2\/product_shape?post=54272"}],"curies":[{"name":"wp","href":"https:\/\/api.w.org\/{rel}","templated":true}]}}