{"id":54249,"date":"2021-09-14T09:49:17","date_gmt":"2021-09-14T07:49:17","guid":{"rendered":"https:\/\/www.ampcometal.com\/products\/%product_category%\/ampcoloy-89-2\/"},"modified":"2024-04-02T11:28:03","modified_gmt":"2024-04-02T09:28:03","slug":"ampcoloy-89","status":"publish","type":"product","link":"https:\/\/www.ampcometal.com\/es\/productos\/aleaciones-de-alto-contenido-en-cobre-ampcoloy\/ampcoloy-89\/","title":{"rendered":"AMPCOLOY\u00ae 89"},"content":{"rendered":"<ul>\n<li data-gc-list-depth=\"1\" data-gc-list-style=\"bullet\"><strong>Alta conductividad el\u00e9ctrica:<\/strong> Esta aleaci\u00f3n de alto contenido en cobre tiene una excelente conductividad el\u00e9ctrica, por lo que es adecuada para aplicaciones que requieren una transferencia el\u00e9ctrica eficiente.<\/li>\n<li data-gc-list-depth=\"1\" data-gc-list-style=\"bullet\"><strong>Propiedades superiores de transferencia de calor:<\/strong> La aleaci\u00f3n de bronce presenta propiedades de transferencia de calor mejoradas, lo que garantiza una conductividad t\u00e9rmica eficaz en diversas aplicaciones.<\/li>\n<li data-gc-list-depth=\"1\" data-gc-list-style=\"bullet\"><strong>Excepcional resistencia al desgaste:<\/strong> Dise\u00f1adas para ofrecer una resistencia superior al desgaste, lo que garantiza su durabilidad y longevidad en entornos exigentes.<\/li>\n<li data-gc-list-depth=\"1\" data-gc-list-style=\"bullet\"><strong>Resistencia a la corrosi\u00f3n: <\/strong>Gracias a su resistencia a la corrosi\u00f3n, la aleaci\u00f3n mantiene su integridad incluso en condiciones duras y corrosivas, prolongando su vida \u00fatil y fiabilidad.<\/li>\n<\/ul>\n<h5>Propiedades y especificaciones<\/h5>\n<p><\/br><br \/>\nAMPCOLOY\u00ae 89 es una extraordinaria aleaci\u00f3n de bronce que ha sido forjada y extruida para conseguir unas propiedades f\u00edsicas \u00f3ptimas. Dise\u00f1ado con propiedades el\u00e9ctricas y de transferencia de calor ligeramente superiores a las de <a href=\"https:\/\/www.ampcometal.com\/products\/ampcoloy-high-copper-alloy\/ampcoloy-95\/\">AMPCOLOY\u00ae<\/a> 95, ofrece una excepcional resistencia al desgaste y a la corrosi\u00f3n. Esta composici\u00f3n \u00fanica da como resultado una conductividad t\u00e9rmica superior, un tiempo de ciclo mejorado y una mayor vida \u00fatil de la herramienta, hasta un 50% m\u00e1s que el cobre-titanio. Con su elevada resistencia a la tracci\u00f3n, AMPCOLOY\u00ae 89 es la elecci\u00f3n ideal para aplicaciones que requieren durabilidad y una transferencia de calor eficaz.<\/p>\n<h5>Aplicaciones<\/h5>\n<p><\/br><br \/>\nAMPCOLOY\u00ae 89 tiene una amplia gama de aplicaciones en diversas industrias. Sus excepcionales propiedades el\u00e9ctricas y de transferencia de calor lo convierten en la opci\u00f3n preferida para herramientas de soldadura flash, ruedas de soldadura y electrodos de soldadura de malla. Tambi\u00e9n destaca como punta de \u00e9mbolo en m\u00e1quinas de fundici\u00f3n a presi\u00f3n de aluminio y como componente en moldes para moldeo por inyecci\u00f3n de pl\u00e1stico. Tanto en la fabricaci\u00f3n de componentes de precisi\u00f3n como en la mejora del rendimiento de los equipos de soldadura, las propiedades \u00fanicas de esta aleaci\u00f3n resultan inestimables en toda una serie de aplicaciones exigentes.<\/p>\n","protected":false},"featured_media":66753,"template":"","meta":{"_et_pb_use_builder":"","_et_pb_old_content":"","_et_gb_content_width":"","inline_featured_image":false,"_links_to":"","_links_to_target":""},"product_category":[482],"product_type":[508,533],"product_shape":[635,650],"class_list":["post-54249","product","type-product","status-publish","has-post-thumbnail","hentry","product_category-aleaciones-de-alto-contenido-en-cobre-ampcoloy"],"acf":[],"aioseo_notices":[],"_links":{"self":[{"href":"https:\/\/www.ampcometal.com\/es\/wp-json\/wp\/v2\/product\/54249","targetHints":{"allow":["GET"]}}],"collection":[{"href":"https:\/\/www.ampcometal.com\/es\/wp-json\/wp\/v2\/product"}],"about":[{"href":"https:\/\/www.ampcometal.com\/es\/wp-json\/wp\/v2\/types\/product"}],"wp:featuredmedia":[{"embeddable":true,"href":"https:\/\/www.ampcometal.com\/es\/wp-json\/wp\/v2\/media\/66753"}],"wp:attachment":[{"href":"https:\/\/www.ampcometal.com\/es\/wp-json\/wp\/v2\/media?parent=54249"}],"wp:term":[{"taxonomy":"product_category","embeddable":true,"href":"https:\/\/www.ampcometal.com\/es\/wp-json\/wp\/v2\/product_category?post=54249"},{"taxonomy":"product_type","embeddable":true,"href":"https:\/\/www.ampcometal.com\/es\/wp-json\/wp\/v2\/product_type?post=54249"},{"taxonomy":"product_shape","embeddable":true,"href":"https:\/\/www.ampcometal.com\/es\/wp-json\/wp\/v2\/product_shape?post=54249"}],"curies":[{"name":"wp","href":"https:\/\/api.w.org\/{rel}","templated":true}]}}