{"id":54238,"date":"2021-09-14T09:49:15","date_gmt":"2021-09-14T07:49:15","guid":{"rendered":"https:\/\/www.ampcometal.com\/products\/%product_category%\/ampco-21-2\/"},"modified":"2024-04-03T16:08:36","modified_gmt":"2024-04-03T14:08:36","slug":"ampco-21","status":"publish","type":"product","link":"https:\/\/www.ampcometal.com\/es\/productos\/bronce-al-aluminio-ampco\/ampco-21\/","title":{"rendered":"AMPCO\u00ae 21"},"content":{"rendered":"<ul>\n<li data-gc-list-depth=\"1\" data-gc-list-style=\"bullet\"><strong>Alta resistencia al desgaste:<\/strong> Esta aleaci\u00f3n de bronce de aluminio es conocida por su excepcional capacidad para resistir el desgaste y la abrasi\u00f3n, por lo que es ideal para aplicaciones en entornos de alta fricci\u00f3n.<\/li>\n<li data-gc-list-depth=\"1\" data-gc-list-style=\"bullet\"><strong>Propiedades metal\u00fargicas \u00fanicas:<\/strong> El control metal\u00fargico preciso de la aleaci\u00f3n garantiza la distribuci\u00f3n uniforme de la fase gamma 2 dura, que mejora sus propiedades de resistencia al desgaste.<\/li>\n<li data-gc-list-depth=\"1\" data-gc-list-style=\"bullet\"><strong>Aplicaciones vers\u00e1tiles:<\/strong> Es adecuado para una amplia gama de aplicaciones, incluidos casquillos gu\u00eda, anillos de troquel, rodillos de conformado y portapiezas de rectificado sin centros.<\/li>\n<li data-gc-list-depth=\"1\" data-gc-list-style=\"bullet\"><strong>Soluci\u00f3n rentable:<\/strong> Esta aleaci\u00f3n ofrece un ahorro de costes al reducir los costes de producci\u00f3n y minimizar la fricci\u00f3n, lo que se traduce en una mayor vida \u00fatil de las herramientas y una mejora de la calidad del producto.<\/li>\n<\/ul>\n<h5>Propiedades y especificaciones<\/h5>\n<p><\/br><br \/>\nAMPCO\u00ae 21 es una aleaci\u00f3n de bronce de aluminio de alto rendimiento conocida por su excepcional resistencia al desgaste y sus propiedades metal\u00fargicas \u00fanicas. Esta aleaci\u00f3n contiene niveles elevados de aluminio y hierro, lo que da lugar a la presencia de la fase gamma 2 dura, que mide aproximadamente 400 HB (dureza Brinell). Mediante un preciso control metal\u00fargico, este duro constituyente se distribuye uniformemente por todo el material, lo que confiere a esta aleaci\u00f3n de bronce y aluminio su notable capacidad para resistir el desgaste y la abrasi\u00f3n. Es la elecci\u00f3n preferida para una amplia gama de aplicaciones, como casquillos gu\u00eda, anillos para troqueles, plaquitas, rodillos de conformaci\u00f3n y cuchillas de soporte de trabajo para rectificado sin centros, especialmente en el mecanizado de acero inoxidable. Las propiedades superiores de la aleaci\u00f3n la convierten en un material inestimable para maximizar la velocidad de las herramientas, mejorar la calidad del producto, reducir los costes de producci\u00f3n y minimizar la fricci\u00f3n, eliminando al mismo tiempo el riesgo de agarrotamiento o rayado.<\/p>\n<h5>Aplicaciones<\/h5>\n<p><\/br><br \/>\nAMPCO\u00ae 21 se utiliza en una amplia variedad de industrias debido a sus propiedades superiores. Esta aleaci\u00f3n de bronce de aluminio de alto rendimiento es especialmente adecuada para su uso en casquillos de puerto gu\u00eda y bandas de desgaste, donde sustituye al acero endurecido y proporciona una resistencia superior al desgaste. Tambi\u00e9n es la opci\u00f3n preferida para anillos de matrices, insertos y rodillos de conformado en diversas operaciones de conformado, plegado o estirado, especialmente cuando se procesan materiales de acero inoxidable. Adem\u00e1s, la aleaci\u00f3n destaca como hoja portapiezas para el rectificado sin centros de barras de acero. Su versatilidad y excepcional durabilidad lo convierten en un material indispensable en industrias que buscan mejorar la calidad del producto, prolongar la vida \u00fatil de las herramientas y reducir los costes de producci\u00f3n.<\/p>\n","protected":false},"featured_media":66756,"template":"","meta":{"_et_pb_use_builder":"","_et_pb_old_content":"","_et_gb_content_width":"","inline_featured_image":false,"_links_to":"","_links_to_target":""},"product_category":[477],"product_type":[619,504,557,508,533],"product_shape":[645,635,640,650],"class_list":["post-54238","product","type-product","status-publish","has-post-thumbnail","hentry","product_category-bronce-al-aluminio-ampco"],"acf":[],"aioseo_notices":[],"_links":{"self":[{"href":"https:\/\/www.ampcometal.com\/es\/wp-json\/wp\/v2\/product\/54238","targetHints":{"allow":["GET"]}}],"collection":[{"href":"https:\/\/www.ampcometal.com\/es\/wp-json\/wp\/v2\/product"}],"about":[{"href":"https:\/\/www.ampcometal.com\/es\/wp-json\/wp\/v2\/types\/product"}],"wp:featuredmedia":[{"embeddable":true,"href":"https:\/\/www.ampcometal.com\/es\/wp-json\/wp\/v2\/media\/66756"}],"wp:attachment":[{"href":"https:\/\/www.ampcometal.com\/es\/wp-json\/wp\/v2\/media?parent=54238"}],"wp:term":[{"taxonomy":"product_category","embeddable":true,"href":"https:\/\/www.ampcometal.com\/es\/wp-json\/wp\/v2\/product_category?post=54238"},{"taxonomy":"product_type","embeddable":true,"href":"https:\/\/www.ampcometal.com\/es\/wp-json\/wp\/v2\/product_type?post=54238"},{"taxonomy":"product_shape","embeddable":true,"href":"https:\/\/www.ampcometal.com\/es\/wp-json\/wp\/v2\/product_shape?post=54238"}],"curies":[{"name":"wp","href":"https:\/\/api.w.org\/{rel}","templated":true}]}}